{"id":212086,"date":"2024-11-10T14:45:05","date_gmt":"2024-11-10T14:45:05","guid":{"rendered":"https:\/\/aldeco.pt\/staging\/product\/oporto\/"},"modified":"2024-11-10T14:45:05","modified_gmt":"2024-11-10T14:45:05","slug":"oporto","status":"publish","type":"product","link":"https:\/\/staging.aldeco.pt\/pt-pt\/product\/oporto\/","title":{"rendered":"OPORTO"},"content":{"rendered":"<p>OPORTO \u00e9 um tecido liso feito de algod\u00e3o e viscose. \u00c9 um excelente tecido para estofo e almofadas devido \u00e0 sua durabilidade e resist\u00eancia. <\/p>\n","protected":false},"excerpt":{"rendered":"<p>OPORTO \u00e9 um tecido liso feito de algod\u00e3o e viscose. \u00c9 um excelente tecido para estofo e almofadas devido \u00e0 sua durabilidade e resist\u00eancia. <\/p>\n<h2>OPORTO \u00e9 um tecido liso feito de algod\u00e3o e viscose. \u00c9 um excelente tecido para estofo e almofadas devido \u00e0 sua durabilidade e resist\u00eancia. <\/h2>\n<p><img fetchpriority=\"high\" decoding=\"async\" class=\"alignnone wp-image-212081 size-medium\" src=\"https:\/\/aldeco.pt\/staging\/wp-content\/uploads\/2024\/11\/T017100001-300x280.jpg\" alt=\"Oporto - Aldeco\" width=\"300\" height=\"280\"><\/p>\n<p><a href=\"https:\/\/aldeco.pt\/staging\/product\/oporto\/?attribute_pa_aldeco-color=2\">https:\/\/aldeco.pt\/staging\/product\/oporto\/?attribute_pa_aldeco-color=2<\/a><\/p>\n<p><a href=\"https:\/\/www.instagram.com\/aldeco_interiorfabrics\/\">https:\/\/www.instagram.com\/aldeco_interiorfabrics\/<\/a><\/p>\n","protected":false},"featured_media":166213,"template":"","meta":[],"product_brand":[],"product_cat":[6145],"product_tag":[],"class_list":{"0":"post-212086","1":"product","2":"type-product","3":"status-publish","4":"has-post-thumbnail","6":"product_cat-aldeco-2-pt-pt-2","7":"pa_cleanability-8282","8":"pa_composition-ext-73-co-27-vi-pt-pt","9":"pa_line-oportunidades","10":"pa_lithfastness-9680","11":"pa_opportunities-ativo","12":"pa_rapport-vertical-11009","15":"first","16":"instock","17":"purchasable","18":"product-type-variable"},"acf":[],"_links":{"self":[{"href":"https:\/\/staging.aldeco.pt\/pt-pt\/wp-json\/wp\/v2\/product\/212086","targetHints":{"allow":["GET"]}}],"collection":[{"href":"https:\/\/staging.aldeco.pt\/pt-pt\/wp-json\/wp\/v2\/product"}],"about":[{"href":"https:\/\/staging.aldeco.pt\/pt-pt\/wp-json\/wp\/v2\/types\/product"}],"version-history":[{"count":0,"href":"https:\/\/staging.aldeco.pt\/pt-pt\/wp-json\/wp\/v2\/product\/212086\/revisions"}],"wp:featuredmedia":[{"embeddable":true,"href":"https:\/\/staging.aldeco.pt\/pt-pt\/wp-json\/wp\/v2\/media\/166213"}],"wp:attachment":[{"href":"https:\/\/staging.aldeco.pt\/pt-pt\/wp-json\/wp\/v2\/media?parent=212086"}],"wp:term":[{"taxonomy":"product_brand","embeddable":true,"href":"https:\/\/staging.aldeco.pt\/pt-pt\/wp-json\/wp\/v2\/product_brand?post=212086"},{"taxonomy":"product_cat","embeddable":true,"href":"https:\/\/staging.aldeco.pt\/pt-pt\/wp-json\/wp\/v2\/product_cat?post=212086"},{"taxonomy":"product_tag","embeddable":true,"href":"https:\/\/staging.aldeco.pt\/pt-pt\/wp-json\/wp\/v2\/product_tag?post=212086"}],"curies":[{"name":"wp","href":"https:\/\/api.w.org\/{rel}","templated":true}]}}