{"id":212074,"date":"2024-11-10T14:46:10","date_gmt":"2024-11-10T14:46:10","guid":{"rendered":"https:\/\/aldeco.pt\/staging\/product\/ninfa\/"},"modified":"2024-11-10T14:46:10","modified_gmt":"2024-11-10T14:46:10","slug":"ninfa","status":"publish","type":"product","link":"https:\/\/staging.aldeco.pt\/pt-pt\/product\/ninfa\/","title":{"rendered":"NINFA"},"content":{"rendered":"<p>Este tecido leve com transpar\u00eancia e um padr\u00e3o geom\u00e9trico xadrez \u00e9 perfeito para cortinas.<\/p>\n","protected":false},"excerpt":{"rendered":"<p>Este tecido leve com transpar\u00eancia e um padr\u00e3o geom\u00e9trico xadrez \u00e9 perfeito para cortinas.<\/p>\n<h2>Ninfa, este tecido leve com transpar\u00eancia e um padr\u00e3o geom\u00e9trico xadrez \u00e9 perfeito para cortinas.<\/h2>\n<p><img fetchpriority=\"high\" decoding=\"async\" class=\"alignnone wp-image-212057 size-medium\" src=\"https:\/\/aldeco.pt\/staging\/wp-content\/uploads\/2024\/11\/T017420002-300x280.jpg\" alt=\"NInfa - Aldeco\" width=\"300\" height=\"280\"><\/p>\n<p><a href=\"https:\/\/aldeco.pt\/staging\/product\/ninfa\/?attribute_pa_aldeco-color=1\">https:\/\/aldeco.pt\/staging\/product\/ninfa\/?attribute_pa_aldeco-color=1<\/a><\/p>\n<p><a href=\"https:\/\/www.instagram.com\/aldeco_interiorfabrics\/\">https:\/\/www.instagram.com\/aldeco_interiorfabrics\/<\/a><\/p>\n","protected":false},"featured_media":75683,"template":"","meta":[],"product_brand":[],"product_cat":[6145],"product_tag":[],"class_list":{"0":"post-212074","1":"product","2":"type-product","3":"status-publish","4":"has-post-thumbnail","6":"product_cat-aldeco-2-pt-pt-2","7":"pa_cleanability-8282","8":"pa_composition-ext-100-pl-pt-pt","9":"pa_line-oportunidades","10":"pa_lithfastness-4-5-pt-pt-2","11":"pa_opportunities-ativo","12":"pa_range-rede","13":"pa_range-transparente","14":"pa_rapport-vertical-11009","17":"first","18":"instock","19":"purchasable","20":"product-type-variable"},"acf":[],"_links":{"self":[{"href":"https:\/\/staging.aldeco.pt\/pt-pt\/wp-json\/wp\/v2\/product\/212074","targetHints":{"allow":["GET"]}}],"collection":[{"href":"https:\/\/staging.aldeco.pt\/pt-pt\/wp-json\/wp\/v2\/product"}],"about":[{"href":"https:\/\/staging.aldeco.pt\/pt-pt\/wp-json\/wp\/v2\/types\/product"}],"version-history":[{"count":0,"href":"https:\/\/staging.aldeco.pt\/pt-pt\/wp-json\/wp\/v2\/product\/212074\/revisions"}],"wp:featuredmedia":[{"embeddable":true,"href":"https:\/\/staging.aldeco.pt\/pt-pt\/wp-json\/wp\/v2\/media\/75683"}],"wp:attachment":[{"href":"https:\/\/staging.aldeco.pt\/pt-pt\/wp-json\/wp\/v2\/media?parent=212074"}],"wp:term":[{"taxonomy":"product_brand","embeddable":true,"href":"https:\/\/staging.aldeco.pt\/pt-pt\/wp-json\/wp\/v2\/product_brand?post=212074"},{"taxonomy":"product_cat","embeddable":true,"href":"https:\/\/staging.aldeco.pt\/pt-pt\/wp-json\/wp\/v2\/product_cat?post=212074"},{"taxonomy":"product_tag","embeddable":true,"href":"https:\/\/staging.aldeco.pt\/pt-pt\/wp-json\/wp\/v2\/product_tag?post=212074"}],"curies":[{"name":"wp","href":"https:\/\/api.w.org\/{rel}","templated":true}]}}