{"id":212041,"date":"2024-11-10T14:46:55","date_gmt":"2024-11-10T14:46:55","guid":{"rendered":"https:\/\/aldeco.pt\/staging\/product\/navigator-fr\/"},"modified":"2024-11-10T14:46:55","modified_gmt":"2024-11-10T14:46:55","slug":"navigator-fr","status":"publish","type":"product","link":"https:\/\/staging.aldeco.pt\/pt-pt\/product\/navigator-fr\/","title":{"rendered":"NAVIGATOR FR"},"content":{"rendered":"<p>NAVIGATOR FR \u00e9 um tecido dur\u00e1vel e resistente, com um padr\u00e3o geom\u00e9trico que \u00e9 excelente para estofo, almofadas e colchas elegantes.<\/p>\n","protected":false},"excerpt":{"rendered":"<p>NAVIGATOR FR \u00e9 um tecido dur\u00e1vel e resistente, com um padr\u00e3o geom\u00e9trico que \u00e9 excelente para estofo, almofadas e colchas elegantes.<\/p>\n<h2>NAVIGATOR FR \u00e9 um tecido dur\u00e1vel e resistente, com um padr\u00e3o geom\u00e9trico que \u00e9 excelente para estofo, almofadas e colchas elegantes.<\/h2>\n<p><img fetchpriority=\"high\" decoding=\"async\" class=\"alignnone wp-image-212030 size-medium\" src=\"https:\/\/aldeco.pt\/staging\/wp-content\/uploads\/2024\/11\/T017320001-300x280.jpg\" alt=\"Navigator Fr - Aldeco\" width=\"300\" height=\"280\"><\/p>\n<p><a href=\"https:\/\/aldeco.pt\/staging\/product\/navigator-fr\/?attribute_pa_aldeco-color=1\">https:\/\/aldeco.pt\/staging\/product\/navigator-fr\/?attribute_pa_aldeco-color=1<\/a><\/p>\n<p><a href=\"https:\/\/www.instagram.com\/aldeco_interiorfabrics\/\">https:\/\/www.instagram.com\/aldeco_interiorfabrics\/<\/a><\/p>\n","protected":false},"featured_media":166105,"template":"","meta":[],"product_brand":[],"product_cat":[6145],"product_tag":[],"class_list":{"0":"post-212041","1":"product","2":"type-product","3":"status-publish","4":"has-post-thumbnail","6":"product_cat-aldeco-2-pt-pt-2","7":"pa_cleanability-8282","8":"pa_composition-ext-100-pl-trevira-cs-pt-pt","9":"pa_line-oportunidades","10":"pa_lithfastness-5-pt-pt","11":"pa_opportunities-ativo","12":"pa_rapport-horizontal-3-pt-pt","13":"pa_rapport-vertical-4-pt-pt","16":"first","17":"instock","18":"purchasable","19":"product-type-variable"},"acf":[],"_links":{"self":[{"href":"https:\/\/staging.aldeco.pt\/pt-pt\/wp-json\/wp\/v2\/product\/212041","targetHints":{"allow":["GET"]}}],"collection":[{"href":"https:\/\/staging.aldeco.pt\/pt-pt\/wp-json\/wp\/v2\/product"}],"about":[{"href":"https:\/\/staging.aldeco.pt\/pt-pt\/wp-json\/wp\/v2\/types\/product"}],"version-history":[{"count":0,"href":"https:\/\/staging.aldeco.pt\/pt-pt\/wp-json\/wp\/v2\/product\/212041\/revisions"}],"wp:featuredmedia":[{"embeddable":true,"href":"https:\/\/staging.aldeco.pt\/pt-pt\/wp-json\/wp\/v2\/media\/166105"}],"wp:attachment":[{"href":"https:\/\/staging.aldeco.pt\/pt-pt\/wp-json\/wp\/v2\/media?parent=212041"}],"wp:term":[{"taxonomy":"product_brand","embeddable":true,"href":"https:\/\/staging.aldeco.pt\/pt-pt\/wp-json\/wp\/v2\/product_brand?post=212041"},{"taxonomy":"product_cat","embeddable":true,"href":"https:\/\/staging.aldeco.pt\/pt-pt\/wp-json\/wp\/v2\/product_cat?post=212041"},{"taxonomy":"product_tag","embeddable":true,"href":"https:\/\/staging.aldeco.pt\/pt-pt\/wp-json\/wp\/v2\/product_tag?post=212041"}],"curies":[{"name":"wp","href":"https:\/\/api.w.org\/{rel}","templated":true}]}}