{"id":212015,"date":"2024-11-10T14:47:26","date_gmt":"2024-11-10T14:47:26","guid":{"rendered":"https:\/\/aldeco.pt\/staging\/product\/my-fair-lady\/"},"modified":"2024-11-10T14:47:26","modified_gmt":"2024-11-10T14:47:26","slug":"my-fair-lady","status":"publish","type":"product","link":"https:\/\/staging.aldeco.pt\/pt-pt\/product\/my-fair-lady\/","title":{"rendered":"MY FAIR LADY"},"content":{"rendered":"<p>Jacquard adamascado cl\u00e1ssico e elegante. Este tecido incr\u00edvel \u00e9 adequado para cadeiras, estofo ligeiro e almofadas, cortinas e decora\u00e7\u00e3o <\/p>\n","protected":false},"excerpt":{"rendered":"<p>Jacquard adamascado cl\u00e1ssico e elegante. Este tecido incr\u00edvel \u00e9 adequado para cadeiras, estofo ligeiro e almofadas, cortinas e decora\u00e7\u00e3o <\/p>\n<h2>My Fair Lady, jacquard adamascado cl\u00e1ssico e elegante. Este tecido incr\u00edvel \u00e9 adequado para cadeiras, estofo ligeiro e almofadas, cortinas e decora\u00e7\u00e3o <\/h2>\n<p><img fetchpriority=\"high\" decoding=\"async\" class=\"alignnone wp-image-212003 size-medium\" src=\"https:\/\/aldeco.pt\/staging\/wp-content\/uploads\/2024\/11\/T017980002-300x280.jpg\" alt=\"My Fair Lady - Aldeco\" width=\"300\" height=\"280\"><\/p>\n<p><a href=\"https:\/\/aldeco.pt\/staging\/product\/my-fair-lady\/?attribute_pa_aldeco-color=1-lavender-mist\">https:\/\/aldeco.pt\/staging\/product\/my-fair-lady\/?attribute_pa_aldeco-color=1-lavender-mist<\/a><\/p>\n<p><a href=\"https:\/\/www.instagram.com\/aldeco_interiorfabrics\/\">https:\/\/www.instagram.com\/aldeco_interiorfabrics\/<\/a><\/p>\n","protected":false},"featured_media":206491,"template":"","meta":[],"product_brand":[],"product_cat":[6145],"product_tag":[],"class_list":{"0":"post-212015","1":"product","2":"type-product","3":"status-publish","4":"has-post-thumbnail","6":"product_cat-aldeco-2-pt-pt-2","7":"pa_cleanability-8282","8":"pa_composition-ext-62-pl-38-li-pt-pt","9":"pa_line-oportunidades","10":"pa_lithfastness-4-4-5-pt-pt","11":"pa_opportunities-ativo","12":"pa_range-cetim","13":"pa_range-jacquard-pt-pt","14":"pa_rapport-horizontal-24-5-pt-pt","15":"pa_rapport-vertical-44-pt-pt","18":"first","19":"instock","20":"purchasable","21":"product-type-variable"},"acf":[],"_links":{"self":[{"href":"https:\/\/staging.aldeco.pt\/pt-pt\/wp-json\/wp\/v2\/product\/212015","targetHints":{"allow":["GET"]}}],"collection":[{"href":"https:\/\/staging.aldeco.pt\/pt-pt\/wp-json\/wp\/v2\/product"}],"about":[{"href":"https:\/\/staging.aldeco.pt\/pt-pt\/wp-json\/wp\/v2\/types\/product"}],"version-history":[{"count":0,"href":"https:\/\/staging.aldeco.pt\/pt-pt\/wp-json\/wp\/v2\/product\/212015\/revisions"}],"wp:featuredmedia":[{"embeddable":true,"href":"https:\/\/staging.aldeco.pt\/pt-pt\/wp-json\/wp\/v2\/media\/206491"}],"wp:attachment":[{"href":"https:\/\/staging.aldeco.pt\/pt-pt\/wp-json\/wp\/v2\/media?parent=212015"}],"wp:term":[{"taxonomy":"product_brand","embeddable":true,"href":"https:\/\/staging.aldeco.pt\/pt-pt\/wp-json\/wp\/v2\/product_brand?post=212015"},{"taxonomy":"product_cat","embeddable":true,"href":"https:\/\/staging.aldeco.pt\/pt-pt\/wp-json\/wp\/v2\/product_cat?post=212015"},{"taxonomy":"product_tag","embeddable":true,"href":"https:\/\/staging.aldeco.pt\/pt-pt\/wp-json\/wp\/v2\/product_tag?post=212015"}],"curies":[{"name":"wp","href":"https:\/\/api.w.org\/{rel}","templated":true}]}}