{"id":211955,"date":"2024-11-10T14:48:29","date_gmt":"2024-11-10T14:48:29","guid":{"rendered":"https:\/\/aldeco.pt\/staging\/product\/modi\/"},"modified":"2024-11-10T14:48:29","modified_gmt":"2024-11-10T14:48:29","slug":"modi","status":"publish","type":"product","link":"https:\/\/staging.aldeco.pt\/pt-pt\/product\/modi\/","title":{"rendered":"MODI"},"content":{"rendered":"<p>Tecido da gama \u201cin between\u201d, com uma apar\u00eancia semelhante \u00e0 l\u00e3, \u00e9 considerado um Must Have com 300 cm de largura.<\/p>\n","protected":false},"excerpt":{"rendered":"<p>Tecido da gama \u201cin between\u201d, com uma apar\u00eancia semelhante \u00e0 l\u00e3, \u00e9 considerado um Must Have com 300 cm de largura.<\/p>\n<h2>Modi, tecido da gama \u201cin between\u201d, com uma apar\u00eancia semelhante \u00e0 l\u00e3, \u00e9 considerado um Must Have com 300 cm de largura.<\/h2>\n<p><img fetchpriority=\"high\" decoding=\"async\" class=\"alignnone wp-image-211946 size-medium\" src=\"https:\/\/aldeco.pt\/staging\/wp-content\/uploads\/2024\/11\/T019710002-300x240.jpg\" alt=\"Modi - Aldeco\" width=\"300\" height=\"240\"><\/p>\n<p><a href=\"https:\/\/aldeco.pt\/staging\/product\/modi\/?attribute_pa_aldeco-color=02-silver-cloud\">https:\/\/aldeco.pt\/staging\/product\/modi\/?attribute_pa_aldeco-color=02-silver-cloud<\/a><\/p>\n<p><a href=\"https:\/\/www.instagram.com\/aldeco_interiorfabrics\/\">https:\/\/www.instagram.com\/aldeco_interiorfabrics\/<\/a><\/p>\n","protected":false},"featured_media":206459,"template":"","meta":[],"product_brand":[],"product_cat":[6145],"product_tag":[],"class_list":{"0":"post-211955","1":"product","2":"type-product","3":"status-publish","4":"has-post-thumbnail","6":"product_cat-aldeco-2-pt-pt-2","7":"pa_cleanability-8282","8":"pa_composition-ext-100-pl-pt-pt","9":"pa_line-oportunidades","10":"pa_lithfastness-4-5-pt-pt-2","11":"pa_opportunities-ativo","12":"pa_range-liso","13":"pa_rapport-vertical-11009","16":"first","17":"instock","18":"purchasable","19":"product-type-variable"},"acf":[],"_links":{"self":[{"href":"https:\/\/staging.aldeco.pt\/pt-pt\/wp-json\/wp\/v2\/product\/211955","targetHints":{"allow":["GET"]}}],"collection":[{"href":"https:\/\/staging.aldeco.pt\/pt-pt\/wp-json\/wp\/v2\/product"}],"about":[{"href":"https:\/\/staging.aldeco.pt\/pt-pt\/wp-json\/wp\/v2\/types\/product"}],"version-history":[{"count":0,"href":"https:\/\/staging.aldeco.pt\/pt-pt\/wp-json\/wp\/v2\/product\/211955\/revisions"}],"wp:featuredmedia":[{"embeddable":true,"href":"https:\/\/staging.aldeco.pt\/pt-pt\/wp-json\/wp\/v2\/media\/206459"}],"wp:attachment":[{"href":"https:\/\/staging.aldeco.pt\/pt-pt\/wp-json\/wp\/v2\/media?parent=211955"}],"wp:term":[{"taxonomy":"product_brand","embeddable":true,"href":"https:\/\/staging.aldeco.pt\/pt-pt\/wp-json\/wp\/v2\/product_brand?post=211955"},{"taxonomy":"product_cat","embeddable":true,"href":"https:\/\/staging.aldeco.pt\/pt-pt\/wp-json\/wp\/v2\/product_cat?post=211955"},{"taxonomy":"product_tag","embeddable":true,"href":"https:\/\/staging.aldeco.pt\/pt-pt\/wp-json\/wp\/v2\/product_tag?post=211955"}],"curies":[{"name":"wp","href":"https:\/\/api.w.org\/{rel}","templated":true}]}}