{"id":211939,"date":"2024-11-10T14:48:51","date_gmt":"2024-11-10T14:48:51","guid":{"rendered":"https:\/\/aldeco.pt\/staging\/product\/missy\/"},"modified":"2024-11-10T14:48:51","modified_gmt":"2024-11-10T14:48:51","slug":"missy","status":"publish","type":"product","link":"https:\/\/staging.aldeco.pt\/pt-pt\/product\/missy\/","title":{"rendered":"MISSY"},"content":{"rendered":"<p>MISSY \u00e9 um tecido multicolorido composto por cores vivas e alegres. Este tecido \u00e9 perfeito para cortinas e decora\u00e7\u00e3o, dando uma atmosfera festiva ao espa\u00e7o. <\/p>\n","protected":false},"excerpt":{"rendered":"<p>MISSY \u00e9 um tecido multicolorido composto por cores vivas e alegres. Este tecido \u00e9 perfeito para cortinas e decora\u00e7\u00e3o, dando uma atmosfera festiva ao espa\u00e7o. <\/p>\n<h2>MISSY \u00e9 um tecido multicolorido composto por cores vivas e alegres. Este tecido \u00e9 perfeito para cortinas e decora\u00e7\u00e3o, dando uma atmosfera festiva ao espa\u00e7o. <\/h2>\n<p><img fetchpriority=\"high\" decoding=\"async\" class=\"alignnone wp-image-211927 size-medium\" src=\"https:\/\/aldeco.pt\/staging\/wp-content\/uploads\/2024\/11\/T019030001-300x240.jpg\" alt=\"Missy - Aldeco\" width=\"300\" height=\"240\"><\/p>\n<p><a href=\"https:\/\/aldeco.pt\/staging\/product\/missy\/?attribute_pa_aldeco-color=01-happy-party\">https:\/\/aldeco.pt\/staging\/product\/missy\/?attribute_pa_aldeco-color=01-happy-party<\/a><\/p>\n<p><a href=\"https:\/\/www.instagram.com\/aldeco_interiorfabrics\/\">https:\/\/www.instagram.com\/aldeco_interiorfabrics\/<\/a><\/p>\n","protected":false},"featured_media":206455,"template":"","meta":[],"product_brand":[],"product_cat":[6145],"product_tag":[],"class_list":{"0":"post-211939","1":"product","2":"type-product","3":"status-publish","4":"has-post-thumbnail","6":"product_cat-aldeco-2-pt-pt-2","7":"pa_cleanability-8282","8":"pa_composition-ext-base-100-li-bordado-100-co-app-100-pl","9":"pa_line-oportunidades","10":"pa_lithfastness-9680","11":"pa_opportunities-ativo","12":"pa_range-bordado","13":"pa_rapport-vertical-31-pt-pt","16":"first","17":"instock","18":"purchasable","19":"product-type-variable"},"acf":[],"_links":{"self":[{"href":"https:\/\/staging.aldeco.pt\/pt-pt\/wp-json\/wp\/v2\/product\/211939","targetHints":{"allow":["GET"]}}],"collection":[{"href":"https:\/\/staging.aldeco.pt\/pt-pt\/wp-json\/wp\/v2\/product"}],"about":[{"href":"https:\/\/staging.aldeco.pt\/pt-pt\/wp-json\/wp\/v2\/types\/product"}],"version-history":[{"count":0,"href":"https:\/\/staging.aldeco.pt\/pt-pt\/wp-json\/wp\/v2\/product\/211939\/revisions"}],"wp:featuredmedia":[{"embeddable":true,"href":"https:\/\/staging.aldeco.pt\/pt-pt\/wp-json\/wp\/v2\/media\/206455"}],"wp:attachment":[{"href":"https:\/\/staging.aldeco.pt\/pt-pt\/wp-json\/wp\/v2\/media?parent=211939"}],"wp:term":[{"taxonomy":"product_brand","embeddable":true,"href":"https:\/\/staging.aldeco.pt\/pt-pt\/wp-json\/wp\/v2\/product_brand?post=211939"},{"taxonomy":"product_cat","embeddable":true,"href":"https:\/\/staging.aldeco.pt\/pt-pt\/wp-json\/wp\/v2\/product_cat?post=211939"},{"taxonomy":"product_tag","embeddable":true,"href":"https:\/\/staging.aldeco.pt\/pt-pt\/wp-json\/wp\/v2\/product_tag?post=211939"}],"curies":[{"name":"wp","href":"https:\/\/api.w.org\/{rel}","templated":true}]}}