{"id":211832,"date":"2024-11-10T14:51:48","date_gmt":"2024-11-10T14:51:48","guid":{"rendered":"https:\/\/aldeco.pt\/staging\/product\/marte\/"},"modified":"2024-11-10T14:51:48","modified_gmt":"2024-11-10T14:51:48","slug":"marte","status":"publish","type":"product","link":"https:\/\/staging.aldeco.pt\/pt-pt\/product\/marte\/","title":{"rendered":"MARTE"},"content":{"rendered":"<p>MARTE \u00e9 um tecido com padr\u00e3o adamascado e glamour vintage. \u00c9 perfeito para estofo e almofadas requintadas. <\/p>\n","protected":false},"excerpt":{"rendered":"<p>MARTE \u00e9 um tecido com padr\u00e3o adamascado e glamour vintage. \u00c9 perfeito para estofo e almofadas requintadas. <\/p>\n<h2>MARTE \u00e9 um tecido com padr\u00e3o adamascado e glamour vintage. \u00c9 perfeito para estofo e almofadas requintadas. <\/h2>\n<p><img fetchpriority=\"high\" decoding=\"async\" class=\"alignnone wp-image-211828 size-medium\" src=\"https:\/\/aldeco.pt\/staging\/wp-content\/uploads\/2024\/11\/T018060152-300x280.jpg\" alt=\"Marte - Aldeco\" width=\"300\" height=\"280\"><\/p>\n<p><a href=\"https:\/\/aldeco.pt\/staging\/product\/marte\/?attribute_pa_aldeco-color=452-chocolate-brown\">https:\/\/aldeco.pt\/staging\/product\/marte\/?attribute_pa_aldeco-color=452-chocolate-brown<\/a><\/p>\n<p><a href=\"https:\/\/www.instagram.com\/aldeco_interiorfabrics\/\">https:\/\/www.instagram.com\/aldeco_interiorfabrics\/<\/a><\/p>\n","protected":false},"featured_media":211826,"template":"","meta":[],"product_brand":[],"product_cat":[6145],"product_tag":[],"class_list":{"0":"post-211832","1":"product","2":"type-product","3":"status-publish","4":"has-post-thumbnail","6":"product_cat-aldeco-2-pt-pt-2","7":"pa_cleanability-8282","8":"pa_composition-ext-3-pu-75-pvc-22pl-fibres-pile-100-pl-fibres-pt-pt","9":"pa_line-oportunidades","10":"pa_lithfastness-9680","11":"pa_opportunities-ativo","12":"pa_range-sintetico","13":"pa_rapport-horizontal-32-5-pt-pt","14":"pa_rapport-vertical-39-pt-pt","17":"first","18":"instock","19":"purchasable","20":"product-type-variable"},"acf":[],"_links":{"self":[{"href":"https:\/\/staging.aldeco.pt\/pt-pt\/wp-json\/wp\/v2\/product\/211832","targetHints":{"allow":["GET"]}}],"collection":[{"href":"https:\/\/staging.aldeco.pt\/pt-pt\/wp-json\/wp\/v2\/product"}],"about":[{"href":"https:\/\/staging.aldeco.pt\/pt-pt\/wp-json\/wp\/v2\/types\/product"}],"version-history":[{"count":0,"href":"https:\/\/staging.aldeco.pt\/pt-pt\/wp-json\/wp\/v2\/product\/211832\/revisions"}],"wp:featuredmedia":[{"embeddable":true,"href":"https:\/\/staging.aldeco.pt\/pt-pt\/wp-json\/wp\/v2\/media\/211826"}],"wp:attachment":[{"href":"https:\/\/staging.aldeco.pt\/pt-pt\/wp-json\/wp\/v2\/media?parent=211832"}],"wp:term":[{"taxonomy":"product_brand","embeddable":true,"href":"https:\/\/staging.aldeco.pt\/pt-pt\/wp-json\/wp\/v2\/product_brand?post=211832"},{"taxonomy":"product_cat","embeddable":true,"href":"https:\/\/staging.aldeco.pt\/pt-pt\/wp-json\/wp\/v2\/product_cat?post=211832"},{"taxonomy":"product_tag","embeddable":true,"href":"https:\/\/staging.aldeco.pt\/pt-pt\/wp-json\/wp\/v2\/product_tag?post=211832"}],"curies":[{"name":"wp","href":"https:\/\/api.w.org\/{rel}","templated":true}]}}