{"id":211815,"date":"2024-11-10T14:52:05","date_gmt":"2024-11-10T14:52:05","guid":{"rendered":"https:\/\/aldeco.pt\/staging\/product\/mar\/"},"modified":"2024-11-10T14:52:05","modified_gmt":"2024-11-10T14:52:05","slug":"mar","status":"publish","type":"product","link":"https:\/\/staging.aldeco.pt\/pt-pt\/product\/mar\/","title":{"rendered":"MAR"},"content":{"rendered":"<p>MAR \u00e9 um tecido sint\u00e9tico altamente dur\u00e1vel, excelente para projetos de estofos. A sua textura suave e ondulada \u00e9 inspirada nas ondas do oceano. <\/p>\n","protected":false},"excerpt":{"rendered":"<p>MAR \u00e9 um tecido sint\u00e9tico altamente dur\u00e1vel, excelente para projetos de estofos. A sua textura suave e ondulada \u00e9 inspirada nas ondas do oceano. <\/p>\n<h2>MAR \u00e9 um tecido sint\u00e9tico altamente dur\u00e1vel, excelente para projetos de estofos. A sua textura suave e ondulada \u00e9 inspirada nas ondas do oceano. <\/h2>\n<p><img fetchpriority=\"high\" decoding=\"async\" class=\"alignnone wp-image-211810 size-medium\" src=\"https:\/\/aldeco.pt\/staging\/wp-content\/uploads\/2024\/11\/T018060556-300x280.jpg\" alt=\"Mar - Aldeco\" width=\"300\" height=\"280\"><\/p>\n<p><a href=\"https:\/\/www.instagram.com\/aldeco_interiorfabrics\/\">https:\/\/www.instagram.com\/aldeco_interiorfabrics\/<\/a><\/p>\n","protected":false},"featured_media":211802,"template":"","meta":[],"product_brand":[],"product_cat":[6145],"product_tag":[],"class_list":{"0":"post-211815","1":"product","2":"type-product","3":"status-publish","4":"has-post-thumbnail","6":"product_cat-aldeco-2-pt-pt-2","7":"pa_cleanability-8282","8":"pa_composition-ext-3-pu-75-pvc-22pl-fibres-pile-100-pl-fibres-pt-pt","9":"pa_line-oportunidades","10":"pa_lithfastness-9680","11":"pa_opportunities-ativo","12":"pa_range-sintetico","13":"pa_rapport-horizontal-6-5-pt-pt","14":"pa_rapport-vertical-6-5-pt-pt","17":"first","18":"instock","19":"purchasable","20":"product-type-variable"},"acf":[],"_links":{"self":[{"href":"https:\/\/staging.aldeco.pt\/pt-pt\/wp-json\/wp\/v2\/product\/211815","targetHints":{"allow":["GET"]}}],"collection":[{"href":"https:\/\/staging.aldeco.pt\/pt-pt\/wp-json\/wp\/v2\/product"}],"about":[{"href":"https:\/\/staging.aldeco.pt\/pt-pt\/wp-json\/wp\/v2\/types\/product"}],"version-history":[{"count":0,"href":"https:\/\/staging.aldeco.pt\/pt-pt\/wp-json\/wp\/v2\/product\/211815\/revisions"}],"wp:featuredmedia":[{"embeddable":true,"href":"https:\/\/staging.aldeco.pt\/pt-pt\/wp-json\/wp\/v2\/media\/211802"}],"wp:attachment":[{"href":"https:\/\/staging.aldeco.pt\/pt-pt\/wp-json\/wp\/v2\/media?parent=211815"}],"wp:term":[{"taxonomy":"product_brand","embeddable":true,"href":"https:\/\/staging.aldeco.pt\/pt-pt\/wp-json\/wp\/v2\/product_brand?post=211815"},{"taxonomy":"product_cat","embeddable":true,"href":"https:\/\/staging.aldeco.pt\/pt-pt\/wp-json\/wp\/v2\/product_cat?post=211815"},{"taxonomy":"product_tag","embeddable":true,"href":"https:\/\/staging.aldeco.pt\/pt-pt\/wp-json\/wp\/v2\/product_tag?post=211815"}],"curies":[{"name":"wp","href":"https:\/\/api.w.org\/{rel}","templated":true}]}}