{"id":211773,"date":"2024-11-10T14:53:01","date_gmt":"2024-11-10T14:53:01","guid":{"rendered":"https:\/\/aldeco.pt\/staging\/product\/mancini\/"},"modified":"2024-11-10T14:53:01","modified_gmt":"2024-11-10T14:53:01","slug":"mancini","status":"publish","type":"product","link":"https:\/\/staging.aldeco.pt\/pt-pt\/product\/mancini\/","title":{"rendered":"MANCINI"},"content":{"rendered":"<p>MANCINI \u00e9 um tecido com um padr\u00e3o geom\u00e9trico. Leve e dur\u00e1vel, \u00e9 perfeito para almofadas. <\/p>\n","protected":false},"excerpt":{"rendered":"<p>MANCINI \u00e9 um tecido com um padr\u00e3o geom\u00e9trico. Leve e dur\u00e1vel, \u00e9 perfeito para almofadas. <\/p>\n<h2>MANCINI \u00e9 um tecido com um padr\u00e3o geom\u00e9trico. Leve e dur\u00e1vel, \u00e9 perfeito para almofadas. <\/h2>\n<p><img fetchpriority=\"high\" decoding=\"async\" class=\"alignnone wp-image-211765 size-medium\" src=\"https:\/\/aldeco.pt\/staging\/wp-content\/uploads\/2024\/11\/T017930001-300x280.jpg\" alt=\"Mancini - Aldeco\" width=\"300\" height=\"280\"><\/p>\n<p><a href=\"https:\/\/aldeco.pt\/staging\/product\/mancini\/?attribute_pa_aldeco-color=1-tinsel\">https:\/\/aldeco.pt\/staging\/product\/mancini\/?attribute_pa_aldeco-color=1-tinsel<\/a><\/p>\n<p><a href=\"https:\/\/www.instagram.com\/aldeco_interiorfabrics\/\">https:\/\/www.instagram.com\/aldeco_interiorfabrics\/<\/a><\/p>\n","protected":false},"featured_media":0,"template":"","meta":[],"product_brand":[],"product_cat":[],"product_tag":[],"class_list":{"0":"post-211773","1":"product","2":"type-product","3":"status-publish","6":"first","7":"instock","8":"purchasable","9":"product-type-variable"},"acf":[],"_links":{"self":[{"href":"https:\/\/staging.aldeco.pt\/pt-pt\/wp-json\/wp\/v2\/product\/211773","targetHints":{"allow":["GET"]}}],"collection":[{"href":"https:\/\/staging.aldeco.pt\/pt-pt\/wp-json\/wp\/v2\/product"}],"about":[{"href":"https:\/\/staging.aldeco.pt\/pt-pt\/wp-json\/wp\/v2\/types\/product"}],"version-history":[{"count":0,"href":"https:\/\/staging.aldeco.pt\/pt-pt\/wp-json\/wp\/v2\/product\/211773\/revisions"}],"wp:attachment":[{"href":"https:\/\/staging.aldeco.pt\/pt-pt\/wp-json\/wp\/v2\/media?parent=211773"}],"wp:term":[{"taxonomy":"product_brand","embeddable":true,"href":"https:\/\/staging.aldeco.pt\/pt-pt\/wp-json\/wp\/v2\/product_brand?post=211773"},{"taxonomy":"product_cat","embeddable":true,"href":"https:\/\/staging.aldeco.pt\/pt-pt\/wp-json\/wp\/v2\/product_cat?post=211773"},{"taxonomy":"product_tag","embeddable":true,"href":"https:\/\/staging.aldeco.pt\/pt-pt\/wp-json\/wp\/v2\/product_tag?post=211773"}],"curies":[{"name":"wp","href":"https:\/\/api.w.org\/{rel}","templated":true}]}}