{"id":211751,"date":"2024-11-10T14:53:05","date_gmt":"2024-11-10T14:53:05","guid":{"rendered":"https:\/\/aldeco.pt\/staging\/product\/majestic\/"},"modified":"2024-11-12T10:36:57","modified_gmt":"2024-11-12T10:36:57","slug":"majestic","status":"publish","type":"product","link":"https:\/\/staging.aldeco.pt\/pt-pt\/product\/majestic\/","title":{"rendered":"MAJESTIC"},"content":{"rendered":"<p>A inspira\u00e7\u00e3o da era do Renascimento \u00e9 evidente neste design! A abund\u00e2ncia, a ornamenta\u00e7\u00e3o elaborada dos temas e os estuques da arquitetura renascentista criam esta seda fabulosa, juntamente com uma variedade de fios de ouro e prata, desenhando flores e refletindo toda essa riqueza mencionada. <\/p>\n","protected":false},"excerpt":{"rendered":"<p>A inspira\u00e7\u00e3o da era do Renascimento \u00e9 evidente neste design! A abund\u00e2ncia, a ornamenta\u00e7\u00e3o elaborada dos temas e os estuques da arquitetura renascentista criam esta seda fabulosa, juntamente com uma variedade de fios de ouro e prata, desenhando flores e refletindo toda essa riqueza mencionada. <\/p>\n<h2><img fetchpriority=\"high\" decoding=\"async\" class=\"alignnone wp-image-211745 size-medium\" src=\"https:\/\/aldeco.pt\/staging\/wp-content\/uploads\/2024\/11\/T019490001-300x240.jpg\" alt=\"Majestic - Aldeco\" width=\"300\" height=\"240\"><\/h2>\n<p><a href=\"https:\/\/aldeco.pt\/staging\/product\/majestic\/?attribute_pa_aldeco-color=01-barrok-bright-white\">https:\/\/aldeco.pt\/staging\/product\/majestic\/?attribute_pa_aldeco-color=01-barrok-bright-white<\/a><\/p>\n<p><a href=\"https:\/\/www.instagram.com\/aldeco_interiorfabrics\/\">https:\/\/www.instagram.com\/aldeco_interiorfabrics\/<\/a><\/p>\n","protected":false},"featured_media":206366,"template":"","meta":[],"product_brand":[],"product_cat":[6145],"product_tag":[],"class_list":{"0":"post-211751","1":"product","2":"type-product","3":"status-publish","4":"has-post-thumbnail","6":"product_cat-aldeco-2-pt-pt-2","7":"pa_cleanability-8282","8":"pa_composition-ext-base-10-silk-90-vi-embroidery-100-vi-pt-pt","9":"pa_line-oportunidades","10":"pa_lithfastness-4-pt-pt","11":"pa_opportunities-ativo","12":"pa_range-bordado","13":"pa_range-seda","14":"pa_rapport-horizontal-61-pt-pt","15":"pa_rapport-vertical-57-pt-pt","18":"first","19":"instock","20":"purchasable","21":"product-type-variable"},"acf":[],"_links":{"self":[{"href":"https:\/\/staging.aldeco.pt\/pt-pt\/wp-json\/wp\/v2\/product\/211751","targetHints":{"allow":["GET"]}}],"collection":[{"href":"https:\/\/staging.aldeco.pt\/pt-pt\/wp-json\/wp\/v2\/product"}],"about":[{"href":"https:\/\/staging.aldeco.pt\/pt-pt\/wp-json\/wp\/v2\/types\/product"}],"version-history":[{"count":1,"href":"https:\/\/staging.aldeco.pt\/pt-pt\/wp-json\/wp\/v2\/product\/211751\/revisions"}],"predecessor-version":[{"id":211760,"href":"https:\/\/staging.aldeco.pt\/pt-pt\/wp-json\/wp\/v2\/product\/211751\/revisions\/211760"}],"wp:featuredmedia":[{"embeddable":true,"href":"https:\/\/staging.aldeco.pt\/pt-pt\/wp-json\/wp\/v2\/media\/206366"}],"wp:attachment":[{"href":"https:\/\/staging.aldeco.pt\/pt-pt\/wp-json\/wp\/v2\/media?parent=211751"}],"wp:term":[{"taxonomy":"product_brand","embeddable":true,"href":"https:\/\/staging.aldeco.pt\/pt-pt\/wp-json\/wp\/v2\/product_brand?post=211751"},{"taxonomy":"product_cat","embeddable":true,"href":"https:\/\/staging.aldeco.pt\/pt-pt\/wp-json\/wp\/v2\/product_cat?post=211751"},{"taxonomy":"product_tag","embeddable":true,"href":"https:\/\/staging.aldeco.pt\/pt-pt\/wp-json\/wp\/v2\/product_tag?post=211751"}],"curies":[{"name":"wp","href":"https:\/\/api.w.org\/{rel}","templated":true}]}}