{"id":211684,"date":"2024-11-10T14:55:05","date_gmt":"2024-11-10T14:55:05","guid":{"rendered":"https:\/\/aldeco.pt\/staging\/product\/lusiadas-silk\/"},"modified":"2024-11-10T14:55:05","modified_gmt":"2024-11-10T14:55:05","slug":"lusiadas-silk","status":"publish","type":"product","link":"https:\/\/staging.aldeco.pt\/pt-pt\/product\/lusiadas-silk\/","title":{"rendered":"LUS\u00cdADAS SILK"},"content":{"rendered":"<p>LUS\u00cdADAS SILK apresenta um padr\u00e3o cl\u00e1ssico com tons contrastantes, conferindo-lhe um aspeto r\u00fastico.<\/p>\n","protected":false},"excerpt":{"rendered":"<p>LUS\u00cdADAS SILK apresenta um padr\u00e3o cl\u00e1ssico com tons contrastantes, conferindo-lhe um aspeto r\u00fastico.<\/p>\n<h2>LUS\u00cdADAS SILK apresenta um padr\u00e3o cl\u00e1ssico com tons contrastantes, conferindo-lhe um aspeto r\u00fastico.<\/h2>\n<p><img fetchpriority=\"high\" decoding=\"async\" class=\"alignnone wp-image-211679 size-medium\" src=\"https:\/\/aldeco.pt\/staging\/wp-content\/uploads\/2024\/11\/T200800002-300x280.jpg\" alt=\"Lus\u00edadas Silk - Aldeco\" width=\"300\" height=\"280\"><\/p>\n<p><a href=\"https:\/\/aldeco.pt\/staging\/product\/lusiadas-silk\/?attribute_pa_aldeco-color=2\">https:\/\/aldeco.pt\/staging\/product\/lusiadas-silk\/?attribute_pa_aldeco-color=2<\/a><\/p>\n<p><a href=\"https:\/\/www.instagram.com\/aldeco_interiorfabrics\/\">https:\/\/www.instagram.com\/aldeco_interiorfabrics\/<\/a><\/p>\n","protected":false},"featured_media":206300,"template":"","meta":[],"product_brand":[],"product_cat":[6145],"product_tag":[],"class_list":{"0":"post-211684","1":"product","2":"type-product","3":"status-publish","4":"has-post-thumbnail","6":"product_cat-aldeco-2-pt-pt-2","7":"pa_cleanability-8282","8":"pa_composition-ext-100-se-pt-pt","9":"pa_line-oportunidades","10":"pa_lithfastness-4-pt-pt","11":"pa_opportunities-ativo","12":"pa_range-jacquard-pt-pt","13":"pa_range-seda","14":"pa_rapport-horizontal-67-pt-pt","15":"pa_rapport-vertical-56-pt-pt","18":"first","19":"instock","20":"purchasable","21":"product-type-variable"},"acf":[],"_links":{"self":[{"href":"https:\/\/staging.aldeco.pt\/pt-pt\/wp-json\/wp\/v2\/product\/211684","targetHints":{"allow":["GET"]}}],"collection":[{"href":"https:\/\/staging.aldeco.pt\/pt-pt\/wp-json\/wp\/v2\/product"}],"about":[{"href":"https:\/\/staging.aldeco.pt\/pt-pt\/wp-json\/wp\/v2\/types\/product"}],"version-history":[{"count":0,"href":"https:\/\/staging.aldeco.pt\/pt-pt\/wp-json\/wp\/v2\/product\/211684\/revisions"}],"wp:featuredmedia":[{"embeddable":true,"href":"https:\/\/staging.aldeco.pt\/pt-pt\/wp-json\/wp\/v2\/media\/206300"}],"wp:attachment":[{"href":"https:\/\/staging.aldeco.pt\/pt-pt\/wp-json\/wp\/v2\/media?parent=211684"}],"wp:term":[{"taxonomy":"product_brand","embeddable":true,"href":"https:\/\/staging.aldeco.pt\/pt-pt\/wp-json\/wp\/v2\/product_brand?post=211684"},{"taxonomy":"product_cat","embeddable":true,"href":"https:\/\/staging.aldeco.pt\/pt-pt\/wp-json\/wp\/v2\/product_cat?post=211684"},{"taxonomy":"product_tag","embeddable":true,"href":"https:\/\/staging.aldeco.pt\/pt-pt\/wp-json\/wp\/v2\/product_tag?post=211684"}],"curies":[{"name":"wp","href":"https:\/\/api.w.org\/{rel}","templated":true}]}}