{"id":211662,"date":"2024-11-10T14:55:21","date_gmt":"2024-11-10T14:55:21","guid":{"rendered":"https:\/\/aldeco.pt\/staging\/product\/lucky\/"},"modified":"2024-11-10T14:55:21","modified_gmt":"2024-11-10T14:55:21","slug":"lucky","status":"publish","type":"product","link":"https:\/\/staging.aldeco.pt\/pt-pt\/product\/lucky\/","title":{"rendered":"LUCKY"},"content":{"rendered":"<p>LUCKY \u00e9 um tecido feito de viscose e algod\u00e3o, muito suave ao toque, perfeito para estofos e almofadas elegantes. Apresenta um padr\u00e3o com micro motivos geom\u00e9tricos e um brilho elegante. <\/p>\n","protected":false},"excerpt":{"rendered":"<p>LUCKY \u00e9 um tecido feito de viscose e algod\u00e3o, muito suave ao toque, perfeito para estofos e almofadas elegantes. Apresenta um padr\u00e3o com micro motivos geom\u00e9tricos e um brilho elegante. <\/p>\n<h2>LUCKY \u00e9 um tecido feito de viscose e algod\u00e3o, muito suave ao toque, perfeito para estofos e almofadas elegantes.<\/h2>\n<p><img fetchpriority=\"high\" decoding=\"async\" class=\"alignnone size-medium wp-image-211655\" src=\"https:\/\/aldeco.pt\/staging\/wp-content\/uploads\/2024\/11\/T018560003-300x280.jpg\" alt=\"\" width=\"300\" height=\"280\"><\/p>\n<p><a href=\"https:\/\/aldeco.pt\/staging\/product\/lucky\/?attribute_pa_aldeco-color=03-sesame\">https:\/\/aldeco.pt\/staging\/product\/lucky\/?attribute_pa_aldeco-color=03-sesame<\/a><\/p>\n<p><a href=\"https:\/\/www.instagram.com\/aldeco_interiorfabrics\/\">https:\/\/www.instagram.com\/aldeco_interiorfabrics\/<\/a><\/p>\n","protected":false},"featured_media":206266,"template":"","meta":[],"product_brand":[],"product_cat":[6145],"product_tag":[],"class_list":{"0":"post-211662","1":"product","2":"type-product","3":"status-publish","4":"has-post-thumbnail","6":"product_cat-aldeco-2-pt-pt-2","7":"pa_cleanability-8282","8":"pa_composition-ext-66-vi-22-li-12-co-pt-pt","9":"pa_line-oportunidades","10":"pa_lithfastness-5-pt-pt","11":"pa_opportunities-ativo","12":"pa_range-liso","13":"pa_rapport-vertical-11009","16":"first","17":"instock","18":"purchasable","19":"product-type-variable"},"acf":[],"_links":{"self":[{"href":"https:\/\/staging.aldeco.pt\/pt-pt\/wp-json\/wp\/v2\/product\/211662","targetHints":{"allow":["GET"]}}],"collection":[{"href":"https:\/\/staging.aldeco.pt\/pt-pt\/wp-json\/wp\/v2\/product"}],"about":[{"href":"https:\/\/staging.aldeco.pt\/pt-pt\/wp-json\/wp\/v2\/types\/product"}],"version-history":[{"count":0,"href":"https:\/\/staging.aldeco.pt\/pt-pt\/wp-json\/wp\/v2\/product\/211662\/revisions"}],"wp:featuredmedia":[{"embeddable":true,"href":"https:\/\/staging.aldeco.pt\/pt-pt\/wp-json\/wp\/v2\/media\/206266"}],"wp:attachment":[{"href":"https:\/\/staging.aldeco.pt\/pt-pt\/wp-json\/wp\/v2\/media?parent=211662"}],"wp:term":[{"taxonomy":"product_brand","embeddable":true,"href":"https:\/\/staging.aldeco.pt\/pt-pt\/wp-json\/wp\/v2\/product_brand?post=211662"},{"taxonomy":"product_cat","embeddable":true,"href":"https:\/\/staging.aldeco.pt\/pt-pt\/wp-json\/wp\/v2\/product_cat?post=211662"},{"taxonomy":"product_tag","embeddable":true,"href":"https:\/\/staging.aldeco.pt\/pt-pt\/wp-json\/wp\/v2\/product_tag?post=211662"}],"curies":[{"name":"wp","href":"https:\/\/api.w.org\/{rel}","templated":true}]}}