{"id":211490,"date":"2024-11-10T14:59:52","date_gmt":"2024-11-10T14:59:52","guid":{"rendered":"https:\/\/aldeco.pt\/staging\/product\/kink-fr-wlb\/"},"modified":"2024-11-10T14:59:52","modified_gmt":"2024-11-10T14:59:52","slug":"kink-fr-wlb","status":"publish","type":"product","link":"https:\/\/staging.aldeco.pt\/pt-pt\/product\/kink-fr-wlb\/","title":{"rendered":"KINK FR WLB"},"content":{"rendered":"<p>Este tecido resistente ao fogo apresenta riscas verticais subtis, conferindo uma ligeira sensa\u00e7\u00e3o de movimento. Este tecido leve \u00e9 utilizado em belas cortinas e colchas. <\/p>\n","protected":false},"excerpt":{"rendered":"<p>Este tecido resistente ao fogo apresenta riscas verticais subtis, conferindo uma ligeira sensa\u00e7\u00e3o de movimento. Este tecido leve \u00e9 utilizado em belas cortinas e colchas. <\/p>\n<h2>Kink Fr Wlb, this fire-resistant fabric features subtle vertical stripes, giving a slight sense of movement. This lightweight fabric is used in beautiful curtains and bedspreads. <\/h2>\n<p><img fetchpriority=\"high\" decoding=\"async\" class=\"alignnone wp-image-211486 size-medium\" src=\"https:\/\/aldeco.pt\/staging\/wp-content\/uploads\/2024\/11\/T018590002-300x280.jpg\" alt=\"Kink Fr Wlb - Aldeco\" width=\"300\" height=\"280\"><\/p>\n<p><a href=\"https:\/\/aldeco.pt\/staging\/product\/kink-fr-wlb\/?attribute_pa_aldeco-color=01-naturale\">https:\/\/aldeco.pt\/staging\/product\/kink-fr-wlb\/?attribute_pa_aldeco-color=01-naturale<\/a><\/p>\n<p><a href=\"https:\/\/www.instagram.com\/aldeco_interiorfabrics\/\">https:\/\/www.instagram.com\/aldeco_interiorfabrics\/<\/a><\/p>\n","protected":false},"featured_media":206162,"template":"","meta":[],"product_brand":[],"product_cat":[6145],"product_tag":[],"class_list":{"0":"post-211490","1":"product","2":"type-product","3":"status-publish","4":"has-post-thumbnail","6":"product_cat-aldeco-2-pt-pt-2","7":"pa_cleanability-8282","8":"pa_composition-ext-100-pl-fr-pt-pt","9":"pa_line-oportunidades","10":"pa_lithfastness-4-5-pt-pt-2","11":"pa_opportunities-ativo","12":"pa_rapport-vertical-11009","15":"first","16":"instock","17":"purchasable","18":"product-type-variable"},"acf":[],"_links":{"self":[{"href":"https:\/\/staging.aldeco.pt\/pt-pt\/wp-json\/wp\/v2\/product\/211490","targetHints":{"allow":["GET"]}}],"collection":[{"href":"https:\/\/staging.aldeco.pt\/pt-pt\/wp-json\/wp\/v2\/product"}],"about":[{"href":"https:\/\/staging.aldeco.pt\/pt-pt\/wp-json\/wp\/v2\/types\/product"}],"version-history":[{"count":0,"href":"https:\/\/staging.aldeco.pt\/pt-pt\/wp-json\/wp\/v2\/product\/211490\/revisions"}],"wp:featuredmedia":[{"embeddable":true,"href":"https:\/\/staging.aldeco.pt\/pt-pt\/wp-json\/wp\/v2\/media\/206162"}],"wp:attachment":[{"href":"https:\/\/staging.aldeco.pt\/pt-pt\/wp-json\/wp\/v2\/media?parent=211490"}],"wp:term":[{"taxonomy":"product_brand","embeddable":true,"href":"https:\/\/staging.aldeco.pt\/pt-pt\/wp-json\/wp\/v2\/product_brand?post=211490"},{"taxonomy":"product_cat","embeddable":true,"href":"https:\/\/staging.aldeco.pt\/pt-pt\/wp-json\/wp\/v2\/product_cat?post=211490"},{"taxonomy":"product_tag","embeddable":true,"href":"https:\/\/staging.aldeco.pt\/pt-pt\/wp-json\/wp\/v2\/product_tag?post=211490"}],"curies":[{"name":"wp","href":"https:\/\/api.w.org\/{rel}","templated":true}]}}