{"id":211373,"date":"2024-11-10T15:03:16","date_gmt":"2024-11-10T15:03:16","guid":{"rendered":"https:\/\/aldeco.pt\/staging\/product\/hot-air-balloons\/"},"modified":"2024-11-10T15:03:16","modified_gmt":"2024-11-10T15:03:16","slug":"hot-air-balloons","status":"publish","type":"product","link":"https:\/\/staging.aldeco.pt\/pt-pt\/product\/hot-air-balloons\/","title":{"rendered":"HOT AIR BALLOONS"},"content":{"rendered":"<p>Desde ser astronauta at\u00e9 voar pelo mundo, este tecido \u00e9 o sonho de qualquer rapaz. Feito de 100% algod\u00e3o bordado sobre uma base de linho, prepare-se para deixar a imagina\u00e7\u00e3o voar num bal\u00e3o de ar quente! <\/p>\n","protected":false},"excerpt":{"rendered":"<p>Desde ser astronauta at\u00e9 voar pelo mundo, este tecido \u00e9 o sonho de qualquer rapaz. Feito de 100% algod\u00e3o bordado sobre uma base de linho, prepare-se para deixar a imagina\u00e7\u00e3o voar num bal\u00e3o de ar quente! <\/p>\n<h2>Hot Air Ballons, desde ser astronauta at\u00e9 voar pelo mundo, este tecido \u00e9 o sonho de qualquer rapaz.<\/h2>\n<p><img fetchpriority=\"high\" decoding=\"async\" class=\"alignnone wp-image-211368 size-medium\" src=\"https:\/\/aldeco.pt\/staging\/wp-content\/uploads\/2024\/11\/T019020001-300x240.jpg\" alt=\"Hot Air Ballons - Aldeco\" width=\"300\" height=\"240\"><\/p>\n<p><a href=\"https:\/\/aldeco.pt\/staging\/product\/hot-air-balloons\/?attribute_pa_aldeco-color=01-cool-party\">https:\/\/aldeco.pt\/staging\/product\/hot-air-balloons\/?attribute_pa_aldeco-color=01-cool-party<\/a><\/p>\n<p style=\"text-align: left;\"><a href=\"https:\/\/www.instagram.com\/aldeco_interiorfabrics\/\">https:\/\/www.instagram.com\/aldeco_interiorfabrics\/<\/a><\/p>\n","protected":false},"featured_media":206087,"template":"","meta":[],"product_brand":[],"product_cat":[6145],"product_tag":[],"class_list":{"0":"post-211373","1":"product","2":"type-product","3":"status-publish","4":"has-post-thumbnail","6":"product_cat-aldeco-2-pt-pt-2","7":"pa_cleanability-8282","8":"pa_composition-ext-base-100-li-bordado-100-co","9":"pa_line-oportunidades","10":"pa_lithfastness-9680","11":"pa_opportunities-ativo","12":"pa_range-bordado","13":"pa_rapport-horizontal-64-pt-pt","14":"pa_rapport-vertical-47-5-pt-pt","17":"first","18":"instock","19":"purchasable","20":"product-type-variable"},"acf":[],"_links":{"self":[{"href":"https:\/\/staging.aldeco.pt\/pt-pt\/wp-json\/wp\/v2\/product\/211373","targetHints":{"allow":["GET"]}}],"collection":[{"href":"https:\/\/staging.aldeco.pt\/pt-pt\/wp-json\/wp\/v2\/product"}],"about":[{"href":"https:\/\/staging.aldeco.pt\/pt-pt\/wp-json\/wp\/v2\/types\/product"}],"version-history":[{"count":0,"href":"https:\/\/staging.aldeco.pt\/pt-pt\/wp-json\/wp\/v2\/product\/211373\/revisions"}],"wp:featuredmedia":[{"embeddable":true,"href":"https:\/\/staging.aldeco.pt\/pt-pt\/wp-json\/wp\/v2\/media\/206087"}],"wp:attachment":[{"href":"https:\/\/staging.aldeco.pt\/pt-pt\/wp-json\/wp\/v2\/media?parent=211373"}],"wp:term":[{"taxonomy":"product_brand","embeddable":true,"href":"https:\/\/staging.aldeco.pt\/pt-pt\/wp-json\/wp\/v2\/product_brand?post=211373"},{"taxonomy":"product_cat","embeddable":true,"href":"https:\/\/staging.aldeco.pt\/pt-pt\/wp-json\/wp\/v2\/product_cat?post=211373"},{"taxonomy":"product_tag","embeddable":true,"href":"https:\/\/staging.aldeco.pt\/pt-pt\/wp-json\/wp\/v2\/product_tag?post=211373"}],"curies":[{"name":"wp","href":"https:\/\/api.w.org\/{rel}","templated":true}]}}