{"id":211331,"date":"2024-11-10T15:04:22","date_gmt":"2024-11-10T15:04:22","guid":{"rendered":"https:\/\/aldeco.pt\/staging\/product\/harbor\/"},"modified":"2024-11-11T14:41:11","modified_gmt":"2024-11-11T14:41:11","slug":"harbor","status":"publish","type":"product","link":"https:\/\/staging.aldeco.pt\/pt-pt\/product\/harbor\/","title":{"rendered":"HARBOR"},"content":{"rendered":"<p>HARBOR \u00e9 um tecido de estofo dur\u00e1vel e resistente. Apresenta um padr\u00e3o delicado de folhagem com um corte muito composto e elegante. De apar\u00eancia intemporal.  <\/p>\n","protected":false},"excerpt":{"rendered":"<p>HARBOR \u00e9 um tecido de estofo dur\u00e1vel e resistente. Apresenta um padr\u00e3o delicado de folhagem com um corte muito composto e elegante. De apar\u00eancia intemporal.  <\/p>\n<h2>HARBOR \u00e9 um tecido de estofo dur\u00e1vel e resistente. Apresenta um padr\u00e3o delicado de folhagem com um corte muito composto e elegante. <\/h2>\n<p><img fetchpriority=\"high\" decoding=\"async\" class=\"alignnone wp-image-211322 size-medium\" src=\"https:\/\/aldeco.pt\/staging\/wp-content\/uploads\/2024\/11\/T016940004-300x225.jpg\" alt=\"Harbor - Aldeco\" width=\"300\" height=\"225\"><\/p>\n<p><a href=\"https:\/\/aldeco.pt\/staging\/product\/harbor\/?attribute_pa_aldeco-color=1\">https:\/\/aldeco.pt\/staging\/product\/harbor\/?attribute_pa_aldeco-color=1<\/a><\/p>\n<p><a href=\"https:\/\/www.instagram.com\/aldeco_interiorfabrics\/\">https:\/\/www.instagram.com\/aldeco_interiorfabrics\/<\/a><\/p>\n","protected":false},"featured_media":206060,"template":"","meta":[],"product_brand":[],"product_cat":[6145],"product_tag":[],"class_list":{"0":"post-211331","1":"product","2":"type-product","3":"status-publish","4":"has-post-thumbnail","6":"product_cat-aldeco-2-pt-pt-2","7":"pa_cleanability-8282","8":"pa_composition-ext-100-pl-pt-pt","9":"pa_line-oportunidades","10":"pa_lithfastness-4-pt-pt","11":"pa_opportunities-ativo","12":"pa_rapport-horizontal-36-pt-pt","13":"pa_rapport-vertical-35-pt-pt","16":"first","17":"instock","18":"purchasable","19":"product-type-variable"},"acf":[],"_links":{"self":[{"href":"https:\/\/staging.aldeco.pt\/pt-pt\/wp-json\/wp\/v2\/product\/211331","targetHints":{"allow":["GET"]}}],"collection":[{"href":"https:\/\/staging.aldeco.pt\/pt-pt\/wp-json\/wp\/v2\/product"}],"about":[{"href":"https:\/\/staging.aldeco.pt\/pt-pt\/wp-json\/wp\/v2\/types\/product"}],"version-history":[{"count":1,"href":"https:\/\/staging.aldeco.pt\/pt-pt\/wp-json\/wp\/v2\/product\/211331\/revisions"}],"predecessor-version":[{"id":211341,"href":"https:\/\/staging.aldeco.pt\/pt-pt\/wp-json\/wp\/v2\/product\/211331\/revisions\/211341"}],"wp:featuredmedia":[{"embeddable":true,"href":"https:\/\/staging.aldeco.pt\/pt-pt\/wp-json\/wp\/v2\/media\/206060"}],"wp:attachment":[{"href":"https:\/\/staging.aldeco.pt\/pt-pt\/wp-json\/wp\/v2\/media?parent=211331"}],"wp:term":[{"taxonomy":"product_brand","embeddable":true,"href":"https:\/\/staging.aldeco.pt\/pt-pt\/wp-json\/wp\/v2\/product_brand?post=211331"},{"taxonomy":"product_cat","embeddable":true,"href":"https:\/\/staging.aldeco.pt\/pt-pt\/wp-json\/wp\/v2\/product_cat?post=211331"},{"taxonomy":"product_tag","embeddable":true,"href":"https:\/\/staging.aldeco.pt\/pt-pt\/wp-json\/wp\/v2\/product_tag?post=211331"}],"curies":[{"name":"wp","href":"https:\/\/api.w.org\/{rel}","templated":true}]}}