{"id":211289,"date":"2024-11-10T15:05:19","date_gmt":"2024-11-10T15:05:19","guid":{"rendered":"https:\/\/aldeco.pt\/staging\/product\/guadiana\/"},"modified":"2024-11-10T15:05:19","modified_gmt":"2024-11-10T15:05:19","slug":"guadiana","status":"publish","type":"product","link":"https:\/\/staging.aldeco.pt\/pt-pt\/product\/guadiana\/","title":{"rendered":"GUADIANA"},"content":{"rendered":"<p>Guadiana \u00e9 um tecido com tons vibrantes \u00e0s riscas. Este tecido leve e dur\u00e1vel \u00e9 excelente para almofadas e cortinas. <\/p>\n","protected":false},"excerpt":{"rendered":"<p>Guadiana \u00e9 um tecido com tons vibrantes \u00e0s riscas. Este tecido leve e dur\u00e1vel \u00e9 excelente para almofadas e cortinas. <\/p>\n<h2>Guadiana \u00e9 um tecido com tons vibrantes \u00e0s riscas. Este tecido leve e dur\u00e1vel \u00e9 excelente para almofadas e cortinas. <\/h2>\n<p><img decoding=\"async\" class=\"alignnone wp-image-211284 size-full\" src=\"https:\/\/aldeco.pt\/staging\/wp-content\/uploads\/2024\/11\/T018090001.jpg\" alt=\"Guadiana - Aldeco\" width=\"177\" height=\"177\"><\/p>\n<p><a href=\"https:\/\/aldeco.pt\/staging\/product\/guadiana\/?attribute_pa_aldeco-color=1-incense-smoke\">https:\/\/aldeco.pt\/staging\/product\/guadiana\/?attribute_pa_aldeco-color=1-incense-smoke<\/a><\/p>\n<p><a href=\"https:\/\/www.instagram.com\/aldeco_interiorfabrics\/\">https:\/\/www.instagram.com\/aldeco_interiorfabrics\/<\/a><\/p>\n","protected":false},"featured_media":206044,"template":"","meta":[],"product_brand":[],"product_cat":[6145],"product_tag":[],"class_list":{"0":"post-211289","1":"product","2":"type-product","3":"status-publish","4":"has-post-thumbnail","6":"product_cat-aldeco-2-pt-pt-2","7":"pa_cleanability-8282","8":"pa_composition-ext-100-ra-pt-pt","9":"pa_line-oportunidades","10":"pa_lithfastness-4-pt-pt","11":"pa_opportunities-ativo","12":"pa_rapport-horizontal-70-pt-pt","13":"pa_rapport-vertical-0-pt-pt","16":"first","17":"instock","18":"purchasable","19":"product-type-variable"},"acf":[],"_links":{"self":[{"href":"https:\/\/staging.aldeco.pt\/pt-pt\/wp-json\/wp\/v2\/product\/211289","targetHints":{"allow":["GET"]}}],"collection":[{"href":"https:\/\/staging.aldeco.pt\/pt-pt\/wp-json\/wp\/v2\/product"}],"about":[{"href":"https:\/\/staging.aldeco.pt\/pt-pt\/wp-json\/wp\/v2\/types\/product"}],"version-history":[{"count":0,"href":"https:\/\/staging.aldeco.pt\/pt-pt\/wp-json\/wp\/v2\/product\/211289\/revisions"}],"wp:featuredmedia":[{"embeddable":true,"href":"https:\/\/staging.aldeco.pt\/pt-pt\/wp-json\/wp\/v2\/media\/206044"}],"wp:attachment":[{"href":"https:\/\/staging.aldeco.pt\/pt-pt\/wp-json\/wp\/v2\/media?parent=211289"}],"wp:term":[{"taxonomy":"product_brand","embeddable":true,"href":"https:\/\/staging.aldeco.pt\/pt-pt\/wp-json\/wp\/v2\/product_brand?post=211289"},{"taxonomy":"product_cat","embeddable":true,"href":"https:\/\/staging.aldeco.pt\/pt-pt\/wp-json\/wp\/v2\/product_cat?post=211289"},{"taxonomy":"product_tag","embeddable":true,"href":"https:\/\/staging.aldeco.pt\/pt-pt\/wp-json\/wp\/v2\/product_tag?post=211289"}],"curies":[{"name":"wp","href":"https:\/\/api.w.org\/{rel}","templated":true}]}}