{"id":211194,"date":"2024-11-10T15:07:50","date_gmt":"2024-11-10T15:07:50","guid":{"rendered":"https:\/\/aldeco.pt\/staging\/product\/generation\/"},"modified":"2024-11-11T12:39:31","modified_gmt":"2024-11-11T12:39:31","slug":"generation","status":"publish","type":"product","link":"https:\/\/staging.aldeco.pt\/pt-pt\/product\/generation\/","title":{"rendered":"GENERATION"},"content":{"rendered":"<p>Este \u00e9 um tecido jacquard com um padr\u00e3o damasco maravilhosamente cl\u00e1ssico. Generation \u00e9 um tecido perfeito para estofos refinados <\/p>\n","protected":false},"excerpt":{"rendered":"<p>Este \u00e9 um tecido jacquard com um padr\u00e3o damasco maravilhosamente cl\u00e1ssico. Generation \u00e9 um tecido perfeito para estofos refinados <\/p>\n<h2>Generation \u00e9 um tecido jacquard com um padr\u00e3o damasco maravilhosamente cl\u00e1ssico. Generation \u00e9 um tecido perfeito para estofos refinados. <\/h2>\n<p><img fetchpriority=\"high\" decoding=\"async\" class=\"alignnone wp-image-211190 size-medium\" src=\"https:\/\/aldeco.pt\/staging\/wp-content\/uploads\/2024\/11\/T016450010-300x280.jpg\" alt=\"Generation - Aldeco\" width=\"300\" height=\"280\"><\/p>\n<p><a href=\"https:\/\/aldeco.pt\/staging\/product\/generation\/?attribute_pa_aldeco-color=9-pearl-white\">https:\/\/aldeco.pt\/staging\/product\/generation\/?attribute_pa_aldeco-color=9-pearl-white<\/a><\/p>\n<p><a href=\"https:\/\/www.instagram.com\/aldeco_interiorfabrics\/\">https:\/\/www.instagram.com\/aldeco_interiorfabrics\/<\/a><\/p>\n","protected":false},"featured_media":205924,"template":"","meta":[],"product_brand":[],"product_cat":[6145],"product_tag":[],"class_list":{"0":"post-211194","1":"product","2":"type-product","3":"status-publish","4":"has-post-thumbnail","6":"product_cat-aldeco-2-pt-pt-2","7":"pa_cleanability-8282","8":"pa_composition-ext-100-pl-pt-pt","9":"pa_line-oportunidades","10":"pa_lithfastness-9680","11":"pa_opportunities-ativo","12":"pa_range-cetim","13":"pa_range-jacquard-pt-pt","14":"pa_rapport-horizontal-35-5-pt-pt","15":"pa_rapport-vertical-55-pt-pt","18":"first","19":"instock","20":"purchasable","21":"product-type-variable"},"acf":[],"_links":{"self":[{"href":"https:\/\/staging.aldeco.pt\/pt-pt\/wp-json\/wp\/v2\/product\/211194","targetHints":{"allow":["GET"]}}],"collection":[{"href":"https:\/\/staging.aldeco.pt\/pt-pt\/wp-json\/wp\/v2\/product"}],"about":[{"href":"https:\/\/staging.aldeco.pt\/pt-pt\/wp-json\/wp\/v2\/types\/product"}],"version-history":[{"count":1,"href":"https:\/\/staging.aldeco.pt\/pt-pt\/wp-json\/wp\/v2\/product\/211194\/revisions"}],"predecessor-version":[{"id":211205,"href":"https:\/\/staging.aldeco.pt\/pt-pt\/wp-json\/wp\/v2\/product\/211194\/revisions\/211205"}],"wp:featuredmedia":[{"embeddable":true,"href":"https:\/\/staging.aldeco.pt\/pt-pt\/wp-json\/wp\/v2\/media\/205924"}],"wp:attachment":[{"href":"https:\/\/staging.aldeco.pt\/pt-pt\/wp-json\/wp\/v2\/media?parent=211194"}],"wp:term":[{"taxonomy":"product_brand","embeddable":true,"href":"https:\/\/staging.aldeco.pt\/pt-pt\/wp-json\/wp\/v2\/product_brand?post=211194"},{"taxonomy":"product_cat","embeddable":true,"href":"https:\/\/staging.aldeco.pt\/pt-pt\/wp-json\/wp\/v2\/product_cat?post=211194"},{"taxonomy":"product_tag","embeddable":true,"href":"https:\/\/staging.aldeco.pt\/pt-pt\/wp-json\/wp\/v2\/product_tag?post=211194"}],"curies":[{"name":"wp","href":"https:\/\/api.w.org\/{rel}","templated":true}]}}