{"id":211178,"date":"2024-11-10T15:08:43","date_gmt":"2024-11-10T15:08:43","guid":{"rendered":"https:\/\/aldeco.pt\/staging\/product\/gaya-water-repellent\/"},"modified":"2025-01-27T13:51:24","modified_gmt":"2025-01-27T13:51:24","slug":"gaya-water-repellent","status":"publish","type":"product","link":"https:\/\/staging.aldeco.pt\/pt-pt\/product\/gaya-water-repellent\/","title":{"rendered":"GAYA WATER REPELLENT"},"content":{"rendered":"<p>GAYA WATER REPELLENT \u00e9 definido pela sua alta classifica\u00e7\u00e3o Martindale e repel\u00eancia \u00e0 \u00e1gua. \u00c9 perfeito para projetos de estofos devido \u00e0 sua durabilidade e facilidade de limpeza.<\/p>\n","protected":false},"excerpt":{"rendered":"<p>GAYA WATER REPELLENT \u00e9 definido pela sua alta classifica\u00e7\u00e3o Martindale e repel\u00eancia \u00e0 \u00e1gua. \u00c9 perfeito para projetos de estofos devido \u00e0 sua durabilidade e facilidade de limpeza.<\/p>\n<h2>GAYA WATER REPELLENT is defined by its high Martindale rating and water repellency.<\/h2>\n<p><img fetchpriority=\"high\" decoding=\"async\" class=\"alignnone wp-image-211174 size-medium\" src=\"https:\/\/aldeco.pt\/staging\/wp-content\/uploads\/2024\/11\/T190960001-300x192.jpg\" alt=\"Gaya Water Repellent - Aldeco\" width=\"300\" height=\"192\" \/><\/p>\n<p><a href=\"https:\/\/aldeco.pt\/staging\/product\/gaya-water-repellent\/?attribute_pa_aldeco-color=01-ivory\">https:\/\/aldeco.pt\/staging\/product\/gaya-water-repellent\/?attribute_pa_aldeco-color=01-ivory<\/a><\/p>\n<p><a href=\"https:\/\/www.instagram.com\/aldeco_interiorfabrics\/\">https:\/\/www.instagram.com\/aldeco_interiorfabrics\/<\/a><\/p>\n","protected":false},"featured_media":218085,"template":"","meta":[],"product_brand":[],"product_cat":[6145],"product_tag":[],"class_list":{"0":"post-211178","1":"product","2":"type-product","3":"status-publish","4":"has-post-thumbnail","6":"product_cat-aldeco-2-pt-pt-2","7":"pa_cleanability-8282","8":"pa_composition-ext-100-pl-pt-pt","9":"pa_line-oportunidades","10":"pa_lithfastness-4-5-pt-pt-2","11":"pa_opportunities-ativo","12":"pa_range-liso","13":"pa_rapport-vertical-11009","16":"first","17":"instock","18":"purchasable","19":"product-type-variable"},"acf":[],"_links":{"self":[{"href":"https:\/\/staging.aldeco.pt\/pt-pt\/wp-json\/wp\/v2\/product\/211178","targetHints":{"allow":["GET"]}}],"collection":[{"href":"https:\/\/staging.aldeco.pt\/pt-pt\/wp-json\/wp\/v2\/product"}],"about":[{"href":"https:\/\/staging.aldeco.pt\/pt-pt\/wp-json\/wp\/v2\/types\/product"}],"version-history":[{"count":1,"href":"https:\/\/staging.aldeco.pt\/pt-pt\/wp-json\/wp\/v2\/product\/211178\/revisions"}],"predecessor-version":[{"id":218088,"href":"https:\/\/staging.aldeco.pt\/pt-pt\/wp-json\/wp\/v2\/product\/211178\/revisions\/218088"}],"wp:featuredmedia":[{"embeddable":true,"href":"https:\/\/staging.aldeco.pt\/pt-pt\/wp-json\/wp\/v2\/media\/218085"}],"wp:attachment":[{"href":"https:\/\/staging.aldeco.pt\/pt-pt\/wp-json\/wp\/v2\/media?parent=211178"}],"wp:term":[{"taxonomy":"product_brand","embeddable":true,"href":"https:\/\/staging.aldeco.pt\/pt-pt\/wp-json\/wp\/v2\/product_brand?post=211178"},{"taxonomy":"product_cat","embeddable":true,"href":"https:\/\/staging.aldeco.pt\/pt-pt\/wp-json\/wp\/v2\/product_cat?post=211178"},{"taxonomy":"product_tag","embeddable":true,"href":"https:\/\/staging.aldeco.pt\/pt-pt\/wp-json\/wp\/v2\/product_tag?post=211178"}],"curies":[{"name":"wp","href":"https:\/\/api.w.org\/{rel}","templated":true}]}}