{"id":211167,"date":"2024-11-10T15:09:21","date_gmt":"2024-11-10T15:09:21","guid":{"rendered":"https:\/\/aldeco.pt\/staging\/product\/fortune\/"},"modified":"2024-11-10T15:09:21","modified_gmt":"2024-11-10T15:09:21","slug":"fortune","status":"publish","type":"product","link":"https:\/\/staging.aldeco.pt\/pt-pt\/product\/fortune\/","title":{"rendered":"FORTUNE"},"content":{"rendered":"<p>FORTUNE \u00e9 um tecido com um elegante padr\u00e3o geom\u00e9trico de duas cores. A sua resist\u00eancia e durabilidade tornam-no perfeito para estofos e almofadas requintadas. <\/p>\n","protected":false},"excerpt":{"rendered":"<p>FORTUNE \u00e9 um tecido com um elegante padr\u00e3o geom\u00e9trico de duas cores. A sua resist\u00eancia e durabilidade tornam-no perfeito para estofos e almofadas requintadas. <\/p>\n<h2>FORTUNE \u00e9 um tecido com um elegante padr\u00e3o geom\u00e9trico de duas cores. A sua resist\u00eancia e durabilidade tornam-no perfeito para estofos e almofadas requintadas. <\/h2>\n<p><img fetchpriority=\"high\" decoding=\"async\" class=\"alignnone wp-image-211162 size-medium\" src=\"https:\/\/aldeco.pt\/staging\/wp-content\/uploads\/2024\/11\/T017870007-300x280.jpg\" alt=\"Fortune - aldeco\" width=\"300\" height=\"280\"><\/p>\n<p><a href=\"https:\/\/aldeco.pt\/staging\/product\/fortune\/?attribute_pa_aldeco-color=01-white\">https:\/\/aldeco.pt\/staging\/product\/fortune\/?attribute_pa_aldeco-color=01-white<\/a><\/p>\n<p><a href=\"https:\/\/www.instagram.com\/aldeco_interiorfabrics\/\">https:\/\/www.instagram.com\/aldeco_interiorfabrics\/<\/a><\/p>\n","protected":false},"featured_media":205902,"template":"","meta":[],"product_brand":[],"product_cat":[6145],"product_tag":[],"class_list":{"0":"post-211167","1":"product","2":"type-product","3":"status-publish","4":"has-post-thumbnail","6":"product_cat-aldeco-2-pt-pt-2","7":"pa_cleanability-8282","8":"pa_composition-ext-37-pl-27-vi-24-co-12-li-pt-pt","9":"pa_line-oportunidades","10":"pa_lithfastness-4-pt-pt","11":"pa_opportunities-ativo","12":"pa_range-jacquard-pt-pt","13":"pa_rapport-horizontal-7-5-pt-pt","14":"pa_rapport-vertical-7-5-pt-pt","17":"first","18":"instock","19":"purchasable","20":"product-type-variable"},"acf":[],"_links":{"self":[{"href":"https:\/\/staging.aldeco.pt\/pt-pt\/wp-json\/wp\/v2\/product\/211167","targetHints":{"allow":["GET"]}}],"collection":[{"href":"https:\/\/staging.aldeco.pt\/pt-pt\/wp-json\/wp\/v2\/product"}],"about":[{"href":"https:\/\/staging.aldeco.pt\/pt-pt\/wp-json\/wp\/v2\/types\/product"}],"version-history":[{"count":0,"href":"https:\/\/staging.aldeco.pt\/pt-pt\/wp-json\/wp\/v2\/product\/211167\/revisions"}],"wp:featuredmedia":[{"embeddable":true,"href":"https:\/\/staging.aldeco.pt\/pt-pt\/wp-json\/wp\/v2\/media\/205902"}],"wp:attachment":[{"href":"https:\/\/staging.aldeco.pt\/pt-pt\/wp-json\/wp\/v2\/media?parent=211167"}],"wp:term":[{"taxonomy":"product_brand","embeddable":true,"href":"https:\/\/staging.aldeco.pt\/pt-pt\/wp-json\/wp\/v2\/product_brand?post=211167"},{"taxonomy":"product_cat","embeddable":true,"href":"https:\/\/staging.aldeco.pt\/pt-pt\/wp-json\/wp\/v2\/product_cat?post=211167"},{"taxonomy":"product_tag","embeddable":true,"href":"https:\/\/staging.aldeco.pt\/pt-pt\/wp-json\/wp\/v2\/product_tag?post=211167"}],"curies":[{"name":"wp","href":"https:\/\/api.w.org\/{rel}","templated":true}]}}