{"id":211152,"date":"2024-11-10T15:09:51","date_gmt":"2024-11-10T15:09:51","guid":{"rendered":"https:\/\/aldeco.pt\/staging\/product\/flex-with-teflon\/"},"modified":"2024-11-10T15:09:51","modified_gmt":"2024-11-10T15:09:51","slug":"flex-with-teflon","status":"publish","type":"product","link":"https:\/\/staging.aldeco.pt\/pt-pt\/product\/flex-with-teflon\/","title":{"rendered":"FLEX With TEFLON"},"content":{"rendered":"<p>Flex com Teflon \u00e9 um tecido fant\u00e1stico gra\u00e7as ao seu acabamento resistente a manchas e \u00e0 \u00e1gua.<\/p>\n","protected":false},"excerpt":{"rendered":"<p>Flex com Teflon \u00e9 um tecido fant\u00e1stico gra\u00e7as ao seu acabamento resistente a manchas e \u00e0 \u00e1gua.<\/p>\n<h2>Flex com Teflon \u00e9 um tecido fant\u00e1stico gra\u00e7as ao seu acabamento resistente a manchas e \u00e0 \u00e1gua.<\/h2>\n<p><img fetchpriority=\"high\" decoding=\"async\" class=\"alignnone wp-image-211148 size-medium\" src=\"https:\/\/aldeco.pt\/staging\/wp-content\/uploads\/2024\/11\/T019980011-300x240.jpg\" alt=\"Flex With Teflon - Aldeco\" width=\"300\" height=\"240\"><\/p>\n<p><a href=\"https:\/\/aldeco.pt\/staging\/product\/flex-with-teflon\/?attribute_pa_aldeco-color=07-gull\">https:\/\/aldeco.pt\/staging\/product\/flex-with-teflon\/?attribute_pa_aldeco-color=07-gull<\/a><\/p>\n<p><a href=\"https:\/\/www.instagram.com\/aldeco_interiorfabrics\/\">https:\/\/www.instagram.com\/aldeco_interiorfabrics\/<\/a><\/p>\n","protected":false},"featured_media":205851,"template":"","meta":[],"product_brand":[],"product_cat":[6153],"product_tag":[],"class_list":{"0":"post-211152","1":"product","2":"type-product","3":"status-publish","4":"has-post-thumbnail","6":"product_cat-aldeco-smarter-pt-pt","7":"pa_cleanability-8282","8":"pa_composition-ext-100-pl-pt-pt","9":"pa_line-oportunidades","10":"pa_lithfastness-3-4-pt-pt","11":"pa_opportunities-ativo","12":"pa_range-chenile","13":"pa_rapport-vertical-11009","16":"first","17":"instock","18":"purchasable","19":"product-type-variable"},"acf":[],"_links":{"self":[{"href":"https:\/\/staging.aldeco.pt\/pt-pt\/wp-json\/wp\/v2\/product\/211152","targetHints":{"allow":["GET"]}}],"collection":[{"href":"https:\/\/staging.aldeco.pt\/pt-pt\/wp-json\/wp\/v2\/product"}],"about":[{"href":"https:\/\/staging.aldeco.pt\/pt-pt\/wp-json\/wp\/v2\/types\/product"}],"version-history":[{"count":0,"href":"https:\/\/staging.aldeco.pt\/pt-pt\/wp-json\/wp\/v2\/product\/211152\/revisions"}],"wp:featuredmedia":[{"embeddable":true,"href":"https:\/\/staging.aldeco.pt\/pt-pt\/wp-json\/wp\/v2\/media\/205851"}],"wp:attachment":[{"href":"https:\/\/staging.aldeco.pt\/pt-pt\/wp-json\/wp\/v2\/media?parent=211152"}],"wp:term":[{"taxonomy":"product_brand","embeddable":true,"href":"https:\/\/staging.aldeco.pt\/pt-pt\/wp-json\/wp\/v2\/product_brand?post=211152"},{"taxonomy":"product_cat","embeddable":true,"href":"https:\/\/staging.aldeco.pt\/pt-pt\/wp-json\/wp\/v2\/product_cat?post=211152"},{"taxonomy":"product_tag","embeddable":true,"href":"https:\/\/staging.aldeco.pt\/pt-pt\/wp-json\/wp\/v2\/product_tag?post=211152"}],"curies":[{"name":"wp","href":"https:\/\/api.w.org\/{rel}","templated":true}]}}