{"id":211145,"date":"2024-11-10T15:10:37","date_gmt":"2024-11-10T15:10:37","guid":{"rendered":"https:\/\/aldeco.pt\/staging\/product\/fizz\/"},"modified":"2024-11-10T15:10:37","modified_gmt":"2024-11-10T15:10:37","slug":"fizz","status":"publish","type":"product","link":"https:\/\/staging.aldeco.pt\/pt-pt\/product\/fizz\/","title":{"rendered":"FIZZ"},"content":{"rendered":"<p>Fizz \u00e9 um tecido vers\u00e1til com uma textura irregular e padr\u00e3o abstrato, adequado para estofo e decora\u00e7\u00e3o.<\/p>\n","protected":false},"excerpt":{"rendered":"<p>Fizz \u00e9 um tecido vers\u00e1til com uma textura irregular e padr\u00e3o abstrato, adequado para estofo e decora\u00e7\u00e3o.<\/p>\n<h2>Fizz \u00e9 um tecido vers\u00e1til com uma textura irregular e padr\u00e3o abstrato, adequado para estofo e decora\u00e7\u00e3o.<\/h2>\n<p><img fetchpriority=\"high\" decoding=\"async\" class=\"alignnone wp-image-211138 size-medium\" src=\"https:\/\/aldeco.pt\/staging\/wp-content\/uploads\/2024\/11\/T190020004-300x240.jpg\" alt=\"Fizz - Aldeco\" width=\"300\" height=\"240\"><\/p>\n<p><a href=\"https:\/\/aldeco.pt\/staging\/product\/fizz\/?attribute_pa_aldeco-color=04-castor-gray\">https:\/\/aldeco.pt\/staging\/product\/fizz\/?attribute_pa_aldeco-color=04-castor-gray<\/a><\/p>\n<p><a href=\"https:\/\/www.instagram.com\/aldeco_interiorfabrics\/\">https:\/\/www.instagram.com\/aldeco_interiorfabrics\/<\/a><\/p>\n","protected":false},"featured_media":205841,"template":"","meta":[],"product_brand":[],"product_cat":[6153],"product_tag":[],"class_list":{"0":"post-211145","1":"product","2":"type-product","3":"status-publish","4":"has-post-thumbnail","6":"product_cat-aldeco-smarter-pt-pt","7":"pa_cleanability-8282","8":"pa_composition-ext-100-pl-pt-pt","9":"pa_line-oportunidades","10":"pa_lithfastness-4-5-pt-pt-2","11":"pa_opportunities-ativo","12":"pa_range-jacquard-pt-pt","13":"pa_rapport-vertical-11009","16":"first","17":"instock","18":"product-type-variable"},"acf":[],"_links":{"self":[{"href":"https:\/\/staging.aldeco.pt\/pt-pt\/wp-json\/wp\/v2\/product\/211145","targetHints":{"allow":["GET"]}}],"collection":[{"href":"https:\/\/staging.aldeco.pt\/pt-pt\/wp-json\/wp\/v2\/product"}],"about":[{"href":"https:\/\/staging.aldeco.pt\/pt-pt\/wp-json\/wp\/v2\/types\/product"}],"version-history":[{"count":0,"href":"https:\/\/staging.aldeco.pt\/pt-pt\/wp-json\/wp\/v2\/product\/211145\/revisions"}],"wp:featuredmedia":[{"embeddable":true,"href":"https:\/\/staging.aldeco.pt\/pt-pt\/wp-json\/wp\/v2\/media\/205841"}],"wp:attachment":[{"href":"https:\/\/staging.aldeco.pt\/pt-pt\/wp-json\/wp\/v2\/media?parent=211145"}],"wp:term":[{"taxonomy":"product_brand","embeddable":true,"href":"https:\/\/staging.aldeco.pt\/pt-pt\/wp-json\/wp\/v2\/product_brand?post=211145"},{"taxonomy":"product_cat","embeddable":true,"href":"https:\/\/staging.aldeco.pt\/pt-pt\/wp-json\/wp\/v2\/product_cat?post=211145"},{"taxonomy":"product_tag","embeddable":true,"href":"https:\/\/staging.aldeco.pt\/pt-pt\/wp-json\/wp\/v2\/product_tag?post=211145"}],"curies":[{"name":"wp","href":"https:\/\/api.w.org\/{rel}","templated":true}]}}