{"id":211056,"date":"2024-11-10T15:15:03","date_gmt":"2024-11-10T15:15:03","guid":{"rendered":"https:\/\/aldeco.pt\/staging\/product\/duchesse-silk\/"},"modified":"2024-11-11T11:23:16","modified_gmt":"2024-11-11T11:23:16","slug":"duchesse-silk","status":"publish","type":"product","link":"https:\/\/staging.aldeco.pt\/pt-pt\/product\/duchesse-silk\/","title":{"rendered":"DUCHESSE SILK"},"content":{"rendered":"<p>DUCHESSE SILK apresenta um design elegante. A sua cor de fundo preta destaca muito bem as flores brancas, conferindo ao tecido uma sensa\u00e7\u00e3o de profundidade.  Este \u00e9 um tecido leve, tornando-o \u00f3timo para cortinas.<\/p>\n","protected":false},"excerpt":{"rendered":"<p>DUCHESSE SILK apresenta um design elegante. A sua cor de fundo preta destaca muito bem as flores brancas, conferindo ao tecido uma sensa\u00e7\u00e3o de profundidade.  Este \u00e9 um tecido leve, tornando-o \u00f3timo para cortinas.<\/p>\n<h2>DUCHESSE SILK apresenta um design elegante. A sua cor de fundo preta destaca muito bem as flores brancas, conferindo ao tecido uma sensa\u00e7\u00e3o de profundidade. <\/h2>\n<p><img fetchpriority=\"high\" decoding=\"async\" class=\"alignnone wp-image-211052 size-medium\" src=\"https:\/\/aldeco.pt\/staging\/wp-content\/uploads\/2024\/11\/T200770001-300x280.jpg\" alt=\"Duchesse Silk - Aldeco\" width=\"300\" height=\"280\"><\/p>\n<p><a href=\"https:\/\/aldeco.pt\/staging\/product\/duchesse-silk\/?attribute_pa_aldeco-color=1-black\">https:\/\/aldeco.pt\/staging\/product\/duchesse-silk\/?attribute_pa_aldeco-color=1-black<\/a><\/p>\n<p><a href=\"https:\/\/www.instagram.com\/aldeco_interiorfabrics\/\">https:\/\/www.instagram.com\/aldeco_interiorfabrics\/<\/a><\/p>\n","protected":false},"featured_media":206673,"template":"","meta":[],"product_brand":[],"product_cat":[6145],"product_tag":[],"class_list":{"0":"post-211056","1":"product","2":"type-product","3":"status-publish","4":"has-post-thumbnail","6":"product_cat-aldeco-2-pt-pt-2","7":"pa_cleanability-8282","8":"pa_composition-ext-100-se-pt-pt","9":"pa_line-oportunidades","10":"pa_lithfastness-3-4-pt-pt","11":"pa_opportunities-ativo","12":"pa_range-bordado","13":"pa_rapport-horizontal-62-pt-pt","14":"pa_rapport-vertical-77-pt-pt","17":"first","18":"instock","19":"purchasable","20":"product-type-variable"},"acf":[],"_links":{"self":[{"href":"https:\/\/staging.aldeco.pt\/pt-pt\/wp-json\/wp\/v2\/product\/211056","targetHints":{"allow":["GET"]}}],"collection":[{"href":"https:\/\/staging.aldeco.pt\/pt-pt\/wp-json\/wp\/v2\/product"}],"about":[{"href":"https:\/\/staging.aldeco.pt\/pt-pt\/wp-json\/wp\/v2\/types\/product"}],"version-history":[{"count":1,"href":"https:\/\/staging.aldeco.pt\/pt-pt\/wp-json\/wp\/v2\/product\/211056\/revisions"}],"predecessor-version":[{"id":211060,"href":"https:\/\/staging.aldeco.pt\/pt-pt\/wp-json\/wp\/v2\/product\/211056\/revisions\/211060"}],"wp:featuredmedia":[{"embeddable":true,"href":"https:\/\/staging.aldeco.pt\/pt-pt\/wp-json\/wp\/v2\/media\/206673"}],"wp:attachment":[{"href":"https:\/\/staging.aldeco.pt\/pt-pt\/wp-json\/wp\/v2\/media?parent=211056"}],"wp:term":[{"taxonomy":"product_brand","embeddable":true,"href":"https:\/\/staging.aldeco.pt\/pt-pt\/wp-json\/wp\/v2\/product_brand?post=211056"},{"taxonomy":"product_cat","embeddable":true,"href":"https:\/\/staging.aldeco.pt\/pt-pt\/wp-json\/wp\/v2\/product_cat?post=211056"},{"taxonomy":"product_tag","embeddable":true,"href":"https:\/\/staging.aldeco.pt\/pt-pt\/wp-json\/wp\/v2\/product_tag?post=211056"}],"curies":[{"name":"wp","href":"https:\/\/api.w.org\/{rel}","templated":true}]}}