{"id":210203,"date":"2024-10-09T10:39:31","date_gmt":"2024-10-09T10:39:31","guid":{"rendered":"https:\/\/aldeco.pt\/staging\/product\/crush\/"},"modified":"2024-10-09T10:39:31","modified_gmt":"2024-10-09T10:39:31","slug":"crush","status":"publish","type":"product","link":"https:\/\/staging.aldeco.pt\/pt-pt\/product\/crush\/","title":{"rendered":"CRUSH"},"content":{"rendered":"<p>CRUSH \u00e9 um tecido de textura suave feito de couro sint\u00e9tico. Este tecido vers\u00e1til e de apar\u00eancia elegante \u00e9 perfeito para estofo e almofadas. <\/p>\n","protected":false},"excerpt":{"rendered":"<p>CRUSH \u00e9 um tecido de textura suave feito de couro sint\u00e9tico. Este tecido vers\u00e1til e de apar\u00eancia elegante \u00e9 perfeito para estofo e almofadas. <\/p>\n<h2>CRUSH \u00e9 um tecido de textura suave feito de couro sint\u00e9tico. Este tecido vers\u00e1til e de apar\u00eancia elegante \u00e9 perfeito para estofo e almofadas. <\/h2>\n<p><img fetchpriority=\"high\" decoding=\"async\" class=\"alignnone wp-image-210197 size-medium\" src=\"https:\/\/aldeco.pt\/staging\/wp-content\/uploads\/2024\/10\/T018040005-1-300x300.jpg\" alt=\"Crush - Aldeco\" width=\"300\" height=\"300\"><\/p>\n<p><a href=\"https:\/\/aldeco.pt\/staging\/product\/crush\/?attribute_pa_aldeco-color=4\">https:\/\/aldeco.pt\/staging\/product\/crush\/?attribute_pa_aldeco-color=4<\/p>\n<p><\/a><\/p>\n<p><a href=\"https:\/\/www.instagram.com\/aldeco_interiorfabrics\/\">https:\/\/www.instagram.com\/aldeco_interiorfabrics\/<\/a><\/p>\n<p>&nbsp;<\/p>\n","protected":false},"featured_media":210198,"template":"","meta":[],"product_brand":[],"product_cat":[6145],"product_tag":[],"class_list":{"0":"post-210203","1":"product","2":"type-product","3":"status-publish","4":"has-post-thumbnail","6":"product_cat-aldeco-2-pt-pt-2","7":"pa_cleanability-8282","8":"pa_composition-ext-100-pu-backing-80-pes-20-co-pt-pt","9":"pa_line-oportunidades","10":"pa_line-tecidos","11":"pa_lithfastness-5-pt-pt","12":"pa_opportunities-ativo","13":"pa_outdoor-0-pt-pt","14":"pa_range-sintetico","15":"pa_rapport-vertical-11009","18":"first","19":"instock","20":"purchasable","21":"product-type-variable"},"acf":[],"_links":{"self":[{"href":"https:\/\/staging.aldeco.pt\/pt-pt\/wp-json\/wp\/v2\/product\/210203","targetHints":{"allow":["GET"]}}],"collection":[{"href":"https:\/\/staging.aldeco.pt\/pt-pt\/wp-json\/wp\/v2\/product"}],"about":[{"href":"https:\/\/staging.aldeco.pt\/pt-pt\/wp-json\/wp\/v2\/types\/product"}],"version-history":[{"count":0,"href":"https:\/\/staging.aldeco.pt\/pt-pt\/wp-json\/wp\/v2\/product\/210203\/revisions"}],"wp:featuredmedia":[{"embeddable":true,"href":"https:\/\/staging.aldeco.pt\/pt-pt\/wp-json\/wp\/v2\/media\/210198"}],"wp:attachment":[{"href":"https:\/\/staging.aldeco.pt\/pt-pt\/wp-json\/wp\/v2\/media?parent=210203"}],"wp:term":[{"taxonomy":"product_brand","embeddable":true,"href":"https:\/\/staging.aldeco.pt\/pt-pt\/wp-json\/wp\/v2\/product_brand?post=210203"},{"taxonomy":"product_cat","embeddable":true,"href":"https:\/\/staging.aldeco.pt\/pt-pt\/wp-json\/wp\/v2\/product_cat?post=210203"},{"taxonomy":"product_tag","embeddable":true,"href":"https:\/\/staging.aldeco.pt\/pt-pt\/wp-json\/wp\/v2\/product_tag?post=210203"}],"curies":[{"name":"wp","href":"https:\/\/api.w.org\/{rel}","templated":true}]}}