{"id":210193,"date":"2024-10-09T10:37:37","date_gmt":"2024-10-09T10:37:37","guid":{"rendered":"https:\/\/aldeco.pt\/staging\/product\/cord\/"},"modified":"2024-10-09T10:37:37","modified_gmt":"2024-10-09T10:37:37","slug":"cord","status":"publish","type":"product","link":"https:\/\/staging.aldeco.pt\/pt-pt\/product\/cord\/","title":{"rendered":"CORD"},"content":{"rendered":"<p>Transpar\u00eancia bordada com uma largura de 300 cm. A inspira\u00e7\u00e3o do design vem da constru\u00e7\u00e3o neutra das cordas. <\/p>\n","protected":false},"excerpt":{"rendered":"<p>Transpar\u00eancia bordada com uma largura de 300 cm. A inspira\u00e7\u00e3o do design vem da constru\u00e7\u00e3o neutra das cordas. <\/p>\n<h2>Cord, Transpar\u00eancia bordada com uma largura de 300 cm. A inspira\u00e7\u00e3o do design vem da constru\u00e7\u00e3o neutra das cordas. <\/h2>\n<p><img fetchpriority=\"high\" decoding=\"async\" class=\"alignnone size-medium wp-image-210188\" src=\"https:\/\/aldeco.pt\/staging\/wp-content\/uploads\/2024\/10\/T019800003-1-300x240.jpg\" alt=\"\" width=\"300\" height=\"240\"><\/p>\n<p><a href=\"https:\/\/www.instagram.com\/aldeco_interiorfabrics\/\">https:\/\/www.instagram.com\/aldeco_interiorfabrics\/<\/a><\/p>\n<p>&nbsp;<\/p>\n","protected":false},"featured_media":210189,"template":"","meta":[],"product_brand":[],"product_cat":[6145],"product_tag":[],"class_list":{"0":"post-210193","1":"product","2":"type-product","3":"status-publish","4":"has-post-thumbnail","6":"product_cat-aldeco-2-pt-pt-2","7":"pa_cleanability-8282","8":"pa_composition-ext-100-pl-pt-pt","9":"pa_line-oportunidades","10":"pa_line-tecidos","11":"pa_lithfastness-4-5-pt-pt-2","12":"pa_opportunities-ativo","13":"pa_outdoor-0-pt-pt","14":"pa_range-bordado","15":"pa_rapport-horizontal-2-7-pt-pt","16":"pa_rapport-vertical-2-7-pt-pt","19":"first","20":"instock","21":"purchasable","22":"product-type-variable"},"acf":[],"_links":{"self":[{"href":"https:\/\/staging.aldeco.pt\/pt-pt\/wp-json\/wp\/v2\/product\/210193","targetHints":{"allow":["GET"]}}],"collection":[{"href":"https:\/\/staging.aldeco.pt\/pt-pt\/wp-json\/wp\/v2\/product"}],"about":[{"href":"https:\/\/staging.aldeco.pt\/pt-pt\/wp-json\/wp\/v2\/types\/product"}],"version-history":[{"count":0,"href":"https:\/\/staging.aldeco.pt\/pt-pt\/wp-json\/wp\/v2\/product\/210193\/revisions"}],"wp:featuredmedia":[{"embeddable":true,"href":"https:\/\/staging.aldeco.pt\/pt-pt\/wp-json\/wp\/v2\/media\/210189"}],"wp:attachment":[{"href":"https:\/\/staging.aldeco.pt\/pt-pt\/wp-json\/wp\/v2\/media?parent=210193"}],"wp:term":[{"taxonomy":"product_brand","embeddable":true,"href":"https:\/\/staging.aldeco.pt\/pt-pt\/wp-json\/wp\/v2\/product_brand?post=210193"},{"taxonomy":"product_cat","embeddable":true,"href":"https:\/\/staging.aldeco.pt\/pt-pt\/wp-json\/wp\/v2\/product_cat?post=210193"},{"taxonomy":"product_tag","embeddable":true,"href":"https:\/\/staging.aldeco.pt\/pt-pt\/wp-json\/wp\/v2\/product_tag?post=210193"}],"curies":[{"name":"wp","href":"https:\/\/api.w.org\/{rel}","templated":true}]}}