{"id":210151,"date":"2024-10-09T10:36:27","date_gmt":"2024-10-09T10:36:27","guid":{"rendered":"https:\/\/aldeco.pt\/staging\/product\/comporta\/"},"modified":"2024-10-09T10:36:27","modified_gmt":"2024-10-09T10:36:27","slug":"comporta","status":"publish","type":"product","link":"https:\/\/staging.aldeco.pt\/pt-pt\/product\/comporta\/","title":{"rendered":"COMPORTA"},"content":{"rendered":"<p>COMPORTA \u00e9 um tecido com riscas verticais em tons vibrantes e contrastantes. Este \u00e9 um tecido muito vers\u00e1til, perfeito para todos os tipos de projetos de decora\u00e7\u00e3o. <\/p>\n","protected":false},"excerpt":{"rendered":"<p>COMPORTA \u00e9 um tecido com riscas verticais em tons vibrantes e contrastantes. Este \u00e9 um tecido muito vers\u00e1til, perfeito para todos os tipos de projetos de decora\u00e7\u00e3o. <\/p>\n<h2>COMPORTA \u00e9 um tecido com riscas verticais em tons vibrantes e contrastantes.<\/h2>\n<p><img fetchpriority=\"high\" decoding=\"async\" class=\"alignnone wp-image-210146 size-medium\" src=\"https:\/\/aldeco.pt\/staging\/wp-content\/uploads\/2024\/10\/T018100003-1-300x300.jpg\" alt=\"Comporta - Aldeco\" width=\"300\" height=\"300\"><\/p>\n<p><a href=\"https:\/\/www.instagram.com\/aldeco_interiorfabrics\/\">https:\/\/www.instagram.com\/aldeco_interiorfabrics\/<\/a><\/p>\n<p><a href=\"https:\/\/aldeco.pt\/staging\/product\/comporta\/?attribute_pa_aldeco-color=2-cool-summer\">https:\/\/aldeco.pt\/staging\/product\/comporta\/?attribute_pa_aldeco-color=2-cool-summer<\/a><\/p>\n","protected":false},"featured_media":210147,"template":"","meta":[],"product_brand":[],"product_cat":[6145],"product_tag":[],"class_list":{"0":"post-210151","1":"product","2":"type-product","3":"status-publish","4":"has-post-thumbnail","6":"product_cat-aldeco-2-pt-pt-2","7":"pa_cleanability-8282","8":"pa_composition-ext-52-li-48-vi-pt-pt","9":"pa_line-oportunidades","10":"pa_line-tecidos","11":"pa_lithfastness-4-pt-pt","12":"pa_opportunities-ativo","13":"pa_outdoor-0-pt-pt","14":"pa_range-estampado","15":"pa_rapport-horizontal-70-pt-pt","16":"pa_rapport-vertical-0-pt-pt","19":"first","20":"instock","21":"purchasable","22":"product-type-variable"},"acf":[],"_links":{"self":[{"href":"https:\/\/staging.aldeco.pt\/pt-pt\/wp-json\/wp\/v2\/product\/210151","targetHints":{"allow":["GET"]}}],"collection":[{"href":"https:\/\/staging.aldeco.pt\/pt-pt\/wp-json\/wp\/v2\/product"}],"about":[{"href":"https:\/\/staging.aldeco.pt\/pt-pt\/wp-json\/wp\/v2\/types\/product"}],"version-history":[{"count":0,"href":"https:\/\/staging.aldeco.pt\/pt-pt\/wp-json\/wp\/v2\/product\/210151\/revisions"}],"wp:featuredmedia":[{"embeddable":true,"href":"https:\/\/staging.aldeco.pt\/pt-pt\/wp-json\/wp\/v2\/media\/210147"}],"wp:attachment":[{"href":"https:\/\/staging.aldeco.pt\/pt-pt\/wp-json\/wp\/v2\/media?parent=210151"}],"wp:term":[{"taxonomy":"product_brand","embeddable":true,"href":"https:\/\/staging.aldeco.pt\/pt-pt\/wp-json\/wp\/v2\/product_brand?post=210151"},{"taxonomy":"product_cat","embeddable":true,"href":"https:\/\/staging.aldeco.pt\/pt-pt\/wp-json\/wp\/v2\/product_cat?post=210151"},{"taxonomy":"product_tag","embeddable":true,"href":"https:\/\/staging.aldeco.pt\/pt-pt\/wp-json\/wp\/v2\/product_tag?post=210151"}],"curies":[{"name":"wp","href":"https:\/\/api.w.org\/{rel}","templated":true}]}}