{"id":210084,"date":"2024-10-09T10:11:39","date_gmt":"2024-10-09T10:11:39","guid":{"rendered":"https:\/\/aldeco.pt\/staging\/product\/chevreness\/"},"modified":"2024-10-09T10:11:39","modified_gmt":"2024-10-09T10:11:39","slug":"chevreness","status":"publish","type":"product","link":"https:\/\/staging.aldeco.pt\/pt-pt\/product\/chevreness\/","title":{"rendered":"CHEVRENESS"},"content":{"rendered":"<p>CHEVRENESS \u00e9 um tecido com um padr\u00e3o geom\u00e9trico em ziguezague. Os tons contrastantes d\u00e3o expressividade ao tecido. <\/p>\n","protected":false},"excerpt":{"rendered":"<p>CHEVRENESS \u00e9 um tecido com um padr\u00e3o geom\u00e9trico em ziguezague. Os tons contrastantes d\u00e3o expressividade ao tecido. <\/p>\n<h2>CHEVRENESS \u00e9 um tecido com um padr\u00e3o geom\u00e9trico em ziguezague. Os tons contrastantes d\u00e3o expressividade ao tecido. <\/h2>\n<p><img decoding=\"async\" class=\"alignnone wp-image-210079 size-full\" src=\"https:\/\/aldeco.pt\/staging\/wp-content\/uploads\/2024\/10\/T018150010-1.jpg\" alt=\"Chevreness - Aldeco\" width=\"177\" height=\"177\"><\/p>\n<p><a href=\"https:\/\/aldeco.pt\/staging\/product\/chevreness\/?attribute_pa_aldeco-color=1-white-oat\">https:\/\/aldeco.pt\/staging\/product\/chevreness\/?attribute_pa_aldeco-color=1-white-oat<br \/>\n<\/a><\/p>\n<p><a href=\"https:\/\/www.instagram.com\/aldeco_interiorfabrics\/\">https:\/\/www.instagram.com\/aldeco_interiorfabrics\/<\/a><\/p>\n","protected":false},"featured_media":210080,"template":"","meta":[],"product_brand":[],"product_cat":[6145],"product_tag":[],"class_list":{"0":"post-210084","1":"product","2":"type-product","3":"status-publish","4":"has-post-thumbnail","6":"product_cat-aldeco-2-pt-pt-2","7":"pa_cleanability-8282","8":"pa_composition-ext-100-pl-pt-pt","9":"pa_line-oportunidades","10":"pa_line-tecidos","11":"pa_lithfastness-9680","12":"pa_opportunities-ativo","13":"pa_outdoor-0-pt-pt","14":"pa_range-jacquard-pt-pt","15":"pa_rapport-vertical-11009","18":"first","19":"instock","20":"purchasable","21":"product-type-variable"},"acf":[],"_links":{"self":[{"href":"https:\/\/staging.aldeco.pt\/pt-pt\/wp-json\/wp\/v2\/product\/210084","targetHints":{"allow":["GET"]}}],"collection":[{"href":"https:\/\/staging.aldeco.pt\/pt-pt\/wp-json\/wp\/v2\/product"}],"about":[{"href":"https:\/\/staging.aldeco.pt\/pt-pt\/wp-json\/wp\/v2\/types\/product"}],"version-history":[{"count":0,"href":"https:\/\/staging.aldeco.pt\/pt-pt\/wp-json\/wp\/v2\/product\/210084\/revisions"}],"wp:featuredmedia":[{"embeddable":true,"href":"https:\/\/staging.aldeco.pt\/pt-pt\/wp-json\/wp\/v2\/media\/210080"}],"wp:attachment":[{"href":"https:\/\/staging.aldeco.pt\/pt-pt\/wp-json\/wp\/v2\/media?parent=210084"}],"wp:term":[{"taxonomy":"product_brand","embeddable":true,"href":"https:\/\/staging.aldeco.pt\/pt-pt\/wp-json\/wp\/v2\/product_brand?post=210084"},{"taxonomy":"product_cat","embeddable":true,"href":"https:\/\/staging.aldeco.pt\/pt-pt\/wp-json\/wp\/v2\/product_cat?post=210084"},{"taxonomy":"product_tag","embeddable":true,"href":"https:\/\/staging.aldeco.pt\/pt-pt\/wp-json\/wp\/v2\/product_tag?post=210084"}],"curies":[{"name":"wp","href":"https:\/\/api.w.org\/{rel}","templated":true}]}}