{"id":210057,"date":"2024-10-09T10:09:29","date_gmt":"2024-10-09T10:09:29","guid":{"rendered":"https:\/\/aldeco.pt\/staging\/product\/caviar\/"},"modified":"2024-10-09T10:09:29","modified_gmt":"2024-10-09T10:09:29","slug":"caviar","status":"publish","type":"product","link":"https:\/\/staging.aldeco.pt\/pt-pt\/product\/caviar\/","title":{"rendered":"CAVIAR"},"content":{"rendered":"<p>CAVIAR apresenta um padr\u00e3o geom\u00e9trico, criando a ilus\u00e3o de relevo. Este tecido leve e de textura suave \u00e9 perfeito para cortinas e almofadas. <\/p>\n","protected":false},"excerpt":{"rendered":"<p>CAVIAR apresenta um padr\u00e3o geom\u00e9trico, criando a ilus\u00e3o de relevo. Este tecido leve e de textura suave \u00e9 perfeito para cortinas e almofadas. <\/p>\n<h2>CAVIAR apresenta um padr\u00e3o geom\u00e9trico, criando a ilus\u00e3o de relevo. Este tecido leve e de textura suave \u00e9 perfeito para cortinas e almofadas. <\/h2>\n<p><img decoding=\"async\" class=\"alignnone wp-image-210053 size-full\" src=\"https:\/\/aldeco.pt\/staging\/wp-content\/uploads\/2024\/10\/T018290002-1.jpg\" alt=\"Caviar - Aldeco\" width=\"177\" height=\"177\"><\/p>\n<p><a href=\"https:\/\/www.instagram.com\/aldeco_interiorfabrics\/\">https:\/\/www.instagram.com\/aldeco_interiorfabrics\/<\/a><\/p>\n<p><a href=\"https:\/\/aldeco.pt\/staging\/product\/caviar\/?attribute_pa_aldeco-color=1-ashes-of-roses\">https:\/\/aldeco.pt\/staging\/product\/caviar\/?attribute_pa_aldeco-color=1-ashes-of-roses<\/a><\/p>\n","protected":false},"featured_media":210054,"template":"","meta":[],"product_brand":[],"product_cat":[6145],"product_tag":[],"class_list":{"0":"post-210057","1":"product","2":"type-product","3":"status-publish","4":"has-post-thumbnail","6":"product_cat-aldeco-2-pt-pt-2","7":"pa_cleanability-8282","8":"pa_composition-ext-80-pl-15-co-5-li-pt-pt","9":"pa_line-oportunidades","10":"pa_line-tecidos","11":"pa_lithfastness-5-pt-pt","12":"pa_opportunities-ativo","13":"pa_outdoor-0-pt-pt","14":"pa_range-jacquard-pt-pt","15":"pa_rapport-horizontal-18-pt-pt","16":"pa_rapport-vertical-4-pt-pt","19":"first","20":"instock","21":"purchasable","22":"product-type-variable"},"acf":[],"_links":{"self":[{"href":"https:\/\/staging.aldeco.pt\/pt-pt\/wp-json\/wp\/v2\/product\/210057","targetHints":{"allow":["GET"]}}],"collection":[{"href":"https:\/\/staging.aldeco.pt\/pt-pt\/wp-json\/wp\/v2\/product"}],"about":[{"href":"https:\/\/staging.aldeco.pt\/pt-pt\/wp-json\/wp\/v2\/types\/product"}],"version-history":[{"count":0,"href":"https:\/\/staging.aldeco.pt\/pt-pt\/wp-json\/wp\/v2\/product\/210057\/revisions"}],"wp:featuredmedia":[{"embeddable":true,"href":"https:\/\/staging.aldeco.pt\/pt-pt\/wp-json\/wp\/v2\/media\/210054"}],"wp:attachment":[{"href":"https:\/\/staging.aldeco.pt\/pt-pt\/wp-json\/wp\/v2\/media?parent=210057"}],"wp:term":[{"taxonomy":"product_brand","embeddable":true,"href":"https:\/\/staging.aldeco.pt\/pt-pt\/wp-json\/wp\/v2\/product_brand?post=210057"},{"taxonomy":"product_cat","embeddable":true,"href":"https:\/\/staging.aldeco.pt\/pt-pt\/wp-json\/wp\/v2\/product_cat?post=210057"},{"taxonomy":"product_tag","embeddable":true,"href":"https:\/\/staging.aldeco.pt\/pt-pt\/wp-json\/wp\/v2\/product_tag?post=210057"}],"curies":[{"name":"wp","href":"https:\/\/api.w.org\/{rel}","templated":true}]}}