{"id":210027,"date":"2024-10-09T10:06:22","date_gmt":"2024-10-09T10:06:22","guid":{"rendered":"https:\/\/aldeco.pt\/staging\/product\/cascais-fr\/"},"modified":"2024-10-09T10:06:22","modified_gmt":"2024-10-09T10:06:22","slug":"cascais-fr","status":"publish","type":"product","link":"https:\/\/staging.aldeco.pt\/pt-pt\/product\/cascais-fr\/","title":{"rendered":"CASCAIS FR"},"content":{"rendered":"<p>Este tecido \u00e9 uma reinterpreta\u00e7\u00e3o do bem conhecido tecido \u201cBEL\u00c9M\u201d da Aldeco. Destacando a sua impermeabilidade e resist\u00eancia, Cascais surge como um tecido moderno, apelativo, pragm\u00e1tico e multifuncional. \u00c9 de notar que \u00e9 resistente ao fogo. \u00c9 altamente recomendado para projetos de contrato devido aos seus elevados n\u00edveis de efici\u00eancia e tecnologia. A paleta de cores \u00e9 definida por tons neutros.    <\/p>\n","protected":false},"excerpt":{"rendered":"<p>Este tecido \u00e9 uma reinterpreta\u00e7\u00e3o do bem conhecido tecido \u201cBEL\u00c9M\u201d da Aldeco. Destacando a sua impermeabilidade e resist\u00eancia, Cascais surge como um tecido moderno, apelativo, pragm\u00e1tico e multifuncional. \u00c9 de notar que \u00e9 resistente ao fogo. \u00c9 altamente recomendado para projetos de contrato devido aos seus elevados n\u00edveis de efici\u00eancia e tecnologia. A paleta de cores \u00e9 definida por tons neutros.    <\/p>\n<h2>Cascais FR. Este tecido \u00e9 uma reinterpreta\u00e7\u00e3o do bem conhecido tecido \u201cBEL\u00c9M\u201d da Aldeco. Destacando a sua impermeabilidade e resist\u00eancia, Cascais surge como um tecido moderno, apelativo, pragm\u00e1tico e multifuncional.  <\/h2>\n<p><img fetchpriority=\"high\" decoding=\"async\" class=\"alignnone wp-image-210023 size-medium\" src=\"https:\/\/aldeco.pt\/staging\/wp-content\/uploads\/2024\/10\/T019640009-1-300x250.jpg\" alt=\"Cascais Fr - Aldeco\" width=\"300\" height=\"250\"><\/p>\n<p><a href=\"https:\/\/www.instagram.com\/aldeco_interiorfabrics\/\">https:\/\/www.instagram.com\/aldeco_interiorfabrics\/<\/a><\/p>\n<p><a href=\"https:\/\/aldeco.pt\/staging\/product\/cascais-fr\/?attribute_pa_aldeco-color=02-vanilla-ice\">https:\/\/aldeco.pt\/staging\/product\/cascais-fr\/?attribute_pa_aldeco-color=02-vanilla-ice<\/a><\/p>\n","protected":false},"featured_media":210024,"template":"","meta":[],"product_brand":[],"product_cat":[6145],"product_tag":[],"class_list":{"0":"post-210027","1":"product","2":"type-product","3":"status-publish","4":"has-post-thumbnail","6":"product_cat-aldeco-2-pt-pt-2","7":"pa_cleanability-8282","8":"pa_composition-ext-59-pu-9-co-22-pes-pt-pt","9":"pa_line-oportunidades","10":"pa_line-tecidos","11":"pa_lithfastness-6-pt-pt","12":"pa_opportunities-ativo","13":"pa_outdoor-0-pt-pt","14":"pa_range-sintetico","15":"pa_rapport-vertical-11009","18":"first","19":"instock","20":"purchasable","21":"product-type-variable"},"acf":[],"_links":{"self":[{"href":"https:\/\/staging.aldeco.pt\/pt-pt\/wp-json\/wp\/v2\/product\/210027","targetHints":{"allow":["GET"]}}],"collection":[{"href":"https:\/\/staging.aldeco.pt\/pt-pt\/wp-json\/wp\/v2\/product"}],"about":[{"href":"https:\/\/staging.aldeco.pt\/pt-pt\/wp-json\/wp\/v2\/types\/product"}],"version-history":[{"count":0,"href":"https:\/\/staging.aldeco.pt\/pt-pt\/wp-json\/wp\/v2\/product\/210027\/revisions"}],"wp:featuredmedia":[{"embeddable":true,"href":"https:\/\/staging.aldeco.pt\/pt-pt\/wp-json\/wp\/v2\/media\/210024"}],"wp:attachment":[{"href":"https:\/\/staging.aldeco.pt\/pt-pt\/wp-json\/wp\/v2\/media?parent=210027"}],"wp:term":[{"taxonomy":"product_brand","embeddable":true,"href":"https:\/\/staging.aldeco.pt\/pt-pt\/wp-json\/wp\/v2\/product_brand?post=210027"},{"taxonomy":"product_cat","embeddable":true,"href":"https:\/\/staging.aldeco.pt\/pt-pt\/wp-json\/wp\/v2\/product_cat?post=210027"},{"taxonomy":"product_tag","embeddable":true,"href":"https:\/\/staging.aldeco.pt\/pt-pt\/wp-json\/wp\/v2\/product_tag?post=210027"}],"curies":[{"name":"wp","href":"https:\/\/api.w.org\/{rel}","templated":true}]}}