{"id":210012,"date":"2024-10-09T10:06:10","date_gmt":"2024-10-09T10:06:10","guid":{"rendered":"https:\/\/aldeco.pt\/staging\/product\/canhamo-geo-form\/"},"modified":"2024-10-09T10:06:10","modified_gmt":"2024-10-09T10:06:10","slug":"canhamo-geo-form","status":"publish","type":"product","link":"https:\/\/staging.aldeco.pt\/pt-pt\/product\/canhamo-geo-form\/","title":{"rendered":"CANHAMO GEO FORM"},"content":{"rendered":"<p>CANHAMO GEO FORM \u00e9 perfeito para projetos de estofo devido \u00e0 sua durabilidade e f\u00e1cil limpeza. Est\u00e1 dispon\u00edvel numa tonalidade de castanho. <\/p>\n","protected":false},"excerpt":{"rendered":"<p>CANHAMO GEO FORM \u00e9 perfeito para projetos de estofo devido \u00e0 sua durabilidade e f\u00e1cil limpeza. Est\u00e1 dispon\u00edvel numa tonalidade de castanho. <\/p>\n<h2>CANHAMO GEO FORM \u00e9 perfeito para projetos de estofo devido \u00e0 sua durabilidade e f\u00e1cil limpeza. Est\u00e1 dispon\u00edvel numa tonalidade de castanho. <\/h2>\n<p><img fetchpriority=\"high\" decoding=\"async\" class=\"alignnone wp-image-210005 size-medium\" src=\"https:\/\/aldeco.pt\/staging\/wp-content\/uploads\/2024\/10\/T191140001-1-300x200.jpg\" alt=\"CANHAMO GEO FORM - Aldeco\" width=\"300\" height=\"200\"><\/p>\n<p><a href=\"https:\/\/www.instagram.com\/aldeco_interiorfabrics\/\">https:\/\/www.instagram.com\/aldeco_interiorfabrics\/<\/a><\/p>\n<p><a href=\"https:\/\/aldeco.pt\/staging\/product\/canhamo-geo-form\/?attribute_pa_aldeco-color=01-natural-linen\">https:\/\/aldeco.pt\/staging\/product\/canhamo-geo-form\/?attribute_pa_aldeco-color=01-natural-linen<\/a><\/p>\n","protected":false},"featured_media":210006,"template":"","meta":[],"product_brand":[],"product_cat":[6145],"product_tag":[],"class_list":{"0":"post-210012","1":"product","2":"type-product","3":"status-publish","4":"has-post-thumbnail","6":"product_cat-aldeco-2-pt-pt-2","7":"pa_cleanability-8282","8":"pa_composition-ext-100-li-pt-pt","9":"pa_line-oportunidades","10":"pa_line-tecidos","11":"pa_lithfastness-3-pt-pt","12":"pa_opportunities-ativo","13":"pa_outdoor-0-pt-pt","14":"pa_rapport-horizontal-15-pt-pt","15":"pa_rapport-vertical-14-5-pt-pt","18":"first","19":"instock","20":"purchasable","21":"product-type-variable"},"acf":[],"_links":{"self":[{"href":"https:\/\/staging.aldeco.pt\/pt-pt\/wp-json\/wp\/v2\/product\/210012","targetHints":{"allow":["GET"]}}],"collection":[{"href":"https:\/\/staging.aldeco.pt\/pt-pt\/wp-json\/wp\/v2\/product"}],"about":[{"href":"https:\/\/staging.aldeco.pt\/pt-pt\/wp-json\/wp\/v2\/types\/product"}],"version-history":[{"count":0,"href":"https:\/\/staging.aldeco.pt\/pt-pt\/wp-json\/wp\/v2\/product\/210012\/revisions"}],"wp:featuredmedia":[{"embeddable":true,"href":"https:\/\/staging.aldeco.pt\/pt-pt\/wp-json\/wp\/v2\/media\/210006"}],"wp:attachment":[{"href":"https:\/\/staging.aldeco.pt\/pt-pt\/wp-json\/wp\/v2\/media?parent=210012"}],"wp:term":[{"taxonomy":"product_brand","embeddable":true,"href":"https:\/\/staging.aldeco.pt\/pt-pt\/wp-json\/wp\/v2\/product_brand?post=210012"},{"taxonomy":"product_cat","embeddable":true,"href":"https:\/\/staging.aldeco.pt\/pt-pt\/wp-json\/wp\/v2\/product_cat?post=210012"},{"taxonomy":"product_tag","embeddable":true,"href":"https:\/\/staging.aldeco.pt\/pt-pt\/wp-json\/wp\/v2\/product_tag?post=210012"}],"curies":[{"name":"wp","href":"https:\/\/api.w.org\/{rel}","templated":true}]}}