{"id":209702,"date":"2024-10-09T12:42:44","date_gmt":"2024-10-09T12:42:44","guid":{"rendered":"https:\/\/aldeco.pt\/staging\/product\/spot-fr\/"},"modified":"2024-11-12T14:04:03","modified_gmt":"2024-11-12T14:04:03","slug":"spot-fr","status":"publish","type":"product","link":"https:\/\/staging.aldeco.pt\/pt-pt\/product\/spot-fr\/","title":{"rendered":"SPOT FR"},"content":{"rendered":"<p>SPOT FR \u00e9 um tecido simples com resist\u00eancia ao fogo, adequado para cortinas e colchas devido \u00e0 sua leveza.<\/p>\n","protected":false},"excerpt":{"rendered":"<p>SPOT FR \u00e9 um tecido simples com resist\u00eancia ao fogo, adequado para cortinas e colchas devido \u00e0 sua leveza.<\/p>\n<h2>SPOT FR \u00e9 um tecido simples com resist\u00eancia ao fogo, adequado para cortinas e colchas devido \u00e0 sua leveza.<\/h2>\n<p><img fetchpriority=\"high\" decoding=\"async\" class=\"alignnone wp-image-209697 size-medium\" src=\"https:\/\/aldeco.pt\/staging\/wp-content\/uploads\/2024\/10\/T018500022-1-300x300.jpg\" alt=\"Spot Fr - Aldeco\" width=\"300\" height=\"300\"><\/p>\n<p><a href=\"https:\/\/www.instagram.com\/aldeco_interiorfabrics\/\">https:\/\/www.instagram.com\/aldeco_interiorfabrics\/<\/a><\/p>\n<p><a href=\"https:\/\/aldeco.pt\/staging\/product\/spot-fr\/?attribute_pa_aldeco-color=2-natural\">https:\/\/aldeco.pt\/staging\/product\/spot-fr\/?attribute_pa_aldeco-color=2-natural<\/a><\/p>\n","protected":false},"featured_media":209698,"template":"","meta":[],"product_brand":[],"product_cat":[6145],"product_tag":[],"class_list":{"0":"post-209702","1":"product","2":"type-product","3":"status-publish","4":"has-post-thumbnail","6":"product_cat-aldeco-2-pt-pt-2","7":"pa_cleanability-8282","8":"pa_composition-ext-70-pl-fr-30-pl-pt-pt","9":"pa_line-oportunidades","10":"pa_line-tecidos","11":"pa_lithfastness-4-5-pt-pt-2","12":"pa_opportunities-ativo","13":"pa_outdoor-0-pt-pt","14":"pa_range-liso","15":"pa_rapport-vertical-11009","18":"first","19":"instock","20":"purchasable","21":"product-type-variable"},"acf":[],"_links":{"self":[{"href":"https:\/\/staging.aldeco.pt\/pt-pt\/wp-json\/wp\/v2\/product\/209702","targetHints":{"allow":["GET"]}}],"collection":[{"href":"https:\/\/staging.aldeco.pt\/pt-pt\/wp-json\/wp\/v2\/product"}],"about":[{"href":"https:\/\/staging.aldeco.pt\/pt-pt\/wp-json\/wp\/v2\/types\/product"}],"version-history":[{"count":1,"href":"https:\/\/staging.aldeco.pt\/pt-pt\/wp-json\/wp\/v2\/product\/209702\/revisions"}],"predecessor-version":[{"id":211988,"href":"https:\/\/staging.aldeco.pt\/pt-pt\/wp-json\/wp\/v2\/product\/209702\/revisions\/211988"}],"wp:featuredmedia":[{"embeddable":true,"href":"https:\/\/staging.aldeco.pt\/pt-pt\/wp-json\/wp\/v2\/media\/209698"}],"wp:attachment":[{"href":"https:\/\/staging.aldeco.pt\/pt-pt\/wp-json\/wp\/v2\/media?parent=209702"}],"wp:term":[{"taxonomy":"product_brand","embeddable":true,"href":"https:\/\/staging.aldeco.pt\/pt-pt\/wp-json\/wp\/v2\/product_brand?post=209702"},{"taxonomy":"product_cat","embeddable":true,"href":"https:\/\/staging.aldeco.pt\/pt-pt\/wp-json\/wp\/v2\/product_cat?post=209702"},{"taxonomy":"product_tag","embeddable":true,"href":"https:\/\/staging.aldeco.pt\/pt-pt\/wp-json\/wp\/v2\/product_tag?post=209702"}],"curies":[{"name":"wp","href":"https:\/\/api.w.org\/{rel}","templated":true}]}}