{"id":209014,"date":"2024-10-09T10:58:26","date_gmt":"2024-10-09T10:58:26","guid":{"rendered":"https:\/\/aldeco.pt\/staging\/product\/forms\/"},"modified":"2024-10-09T10:58:26","modified_gmt":"2024-10-09T10:58:26","slug":"forms","status":"publish","type":"product","link":"https:\/\/staging.aldeco.pt\/pt-pt\/product\/forms\/","title":{"rendered":"FORMS"},"content":{"rendered":"<p>FORMS apresenta um padr\u00e3o simples com fios de duas cores. Devido \u00e0 sua resist\u00eancia e durabilidade, \u00e9 excelente para estofo e almofadas. <\/p>\n","protected":false},"excerpt":{"rendered":"<p>FORMS apresenta um padr\u00e3o simples com fios de duas cores. Devido \u00e0 sua resist\u00eancia e durabilidade, \u00e9 excelente para estofo e almofadas. <\/p>\n<h2>FORMS apresenta um padr\u00e3o simples com fios de duas cores. Devido \u00e0 sua resist\u00eancia e durabilidade, \u00e9 excelente para estofo e almofadas. <\/h2>\n<p><img fetchpriority=\"high\" decoding=\"async\" class=\"alignnone wp-image-209005 size-medium\" src=\"https:\/\/aldeco.pt\/staging\/wp-content\/uploads\/2024\/10\/T017630006-1-300x240.jpg\" alt=\"Forms - Aldeco\" width=\"300\" height=\"240\"><\/p>\n<p><a href=\"https:\/\/aldeco.pt\/staging\/product\/forms\/?attribute_pa_aldeco-color=1-major-white\">https:\/\/aldeco.pt\/staging\/product\/forms\/?attribute_pa_aldeco-color=1-major-white<\/a><\/p>\n<p><a href=\"https:\/\/www.instagram.com\/aldeco_interiorfabrics\/\">https:\/\/www.instagram.com\/aldeco_interiorfabrics\/<\/a><\/p>\n","protected":false},"featured_media":209006,"template":"","meta":[],"product_brand":[],"product_cat":[6145],"product_tag":[],"class_list":{"0":"post-209014","1":"product","2":"type-product","3":"status-publish","4":"has-post-thumbnail","6":"product_cat-aldeco-2-pt-pt-2","7":"pa_cleanability-8282","8":"pa_composition-ext-46-pp-46-pl-8-co-pt-pt","9":"pa_line-oportunidades","10":"pa_line-tecidos","11":"pa_lithfastness-5-6-pt-pt","12":"pa_opportunities-ativo","13":"pa_outdoor-0-pt-pt","14":"pa_range-liso","15":"pa_rapport-vertical-11009","18":"first","19":"instock","20":"purchasable","21":"product-type-variable"},"acf":[],"_links":{"self":[{"href":"https:\/\/staging.aldeco.pt\/pt-pt\/wp-json\/wp\/v2\/product\/209014","targetHints":{"allow":["GET"]}}],"collection":[{"href":"https:\/\/staging.aldeco.pt\/pt-pt\/wp-json\/wp\/v2\/product"}],"about":[{"href":"https:\/\/staging.aldeco.pt\/pt-pt\/wp-json\/wp\/v2\/types\/product"}],"version-history":[{"count":0,"href":"https:\/\/staging.aldeco.pt\/pt-pt\/wp-json\/wp\/v2\/product\/209014\/revisions"}],"wp:featuredmedia":[{"embeddable":true,"href":"https:\/\/staging.aldeco.pt\/pt-pt\/wp-json\/wp\/v2\/media\/209006"}],"wp:attachment":[{"href":"https:\/\/staging.aldeco.pt\/pt-pt\/wp-json\/wp\/v2\/media?parent=209014"}],"wp:term":[{"taxonomy":"product_brand","embeddable":true,"href":"https:\/\/staging.aldeco.pt\/pt-pt\/wp-json\/wp\/v2\/product_brand?post=209014"},{"taxonomy":"product_cat","embeddable":true,"href":"https:\/\/staging.aldeco.pt\/pt-pt\/wp-json\/wp\/v2\/product_cat?post=209014"},{"taxonomy":"product_tag","embeddable":true,"href":"https:\/\/staging.aldeco.pt\/pt-pt\/wp-json\/wp\/v2\/product_tag?post=209014"}],"curies":[{"name":"wp","href":"https:\/\/api.w.org\/{rel}","templated":true}]}}