{"id":208542,"date":"2024-10-09T09:55:18","date_gmt":"2024-10-09T09:55:18","guid":{"rendered":"https:\/\/aldeco.pt\/staging\/product\/bloom-velvet-fr\/"},"modified":"2024-10-09T09:55:18","modified_gmt":"2024-10-09T09:55:18","slug":"bloom-velvet-fr","status":"publish","type":"product","link":"https:\/\/staging.aldeco.pt\/pt-pt\/product\/bloom-velvet-fr\/","title":{"rendered":"BLOOM VELVET FR"},"content":{"rendered":"<p>Bloom Velvet \u00e9 um veludo muito especial porque, al\u00e9m de ser FR (resistente ao fogo), tamb\u00e9m \u00e9 adequado para uso externo. Dispon\u00edvel em 29 variedades de cores, tem uma durabilidade de 40.000 ciclos Martindale! <\/p>\n","protected":false},"excerpt":{"rendered":"<p>Bloom Velvet \u00e9 um veludo muito especial porque, al\u00e9m de ser FR (resistente ao fogo), tamb\u00e9m \u00e9 adequado para uso externo. Dispon\u00edvel em 29 variedades de cores, tem uma durabilidade de 40.000 ciclos Martindale! <\/p>\n<h2>Bloom Velvet \u00e9 um veludo muito especial porque, al\u00e9m de ser FR (resistente ao fogo), tamb\u00e9m \u00e9 adequado para uso externo. Dispon\u00edvel em 29 variedades de cores, tem uma durabilidade de 40.000 ciclos Martindale! <\/h2>\n<p><img fetchpriority=\"high\" decoding=\"async\" class=\"alignnone wp-image-208537 size-medium\" src=\"https:\/\/aldeco.pt\/staging\/wp-content\/uploads\/2024\/10\/T017060009-1-300x200.jpg\" alt=\"Bloom Velvet - Aldeco\" width=\"300\" height=\"200\"><\/p>\n<p><a href=\"https:\/\/www.instagram.com\/aldeco_interiorfabrics\/\">https:\/\/www.instagram.com\/aldeco_interiorfabrics\/<\/a><\/p>\n<p><a href=\"https:\/\/aldeco.pt\/staging\/product\/bloom-velvet-fr\/?attribute_pa_aldeco-color=3\">https:\/\/aldeco.pt\/staging\/product\/bloom-velvet-fr\/?attribute_pa_aldeco-color=3<\/a><\/p>\n<p>&nbsp;<\/p>\n","protected":false},"featured_media":208538,"template":"","meta":[],"product_brand":[],"product_cat":[6145],"product_tag":[],"class_list":{"0":"post-208542","1":"product","2":"type-product","3":"status-publish","4":"has-post-thumbnail","6":"product_cat-aldeco-2-pt-pt-2","7":"pa_cleanability-8282","8":"pa_composition-ext-overall-100-trevira-cs-pile-100-trevira-cs-pt-pt","9":"pa_line-oportunidades","10":"pa_line-tecidos","11":"pa_lithfastness-5-pt-pt","12":"pa_opportunities-ativo","13":"pa_outdoor-outdoor","14":"pa_range-liso","15":"pa_range-veludo","16":"pa_rapport-vertical-11009","19":"first","20":"instock","21":"purchasable","22":"product-type-variable"},"acf":[],"_links":{"self":[{"href":"https:\/\/staging.aldeco.pt\/pt-pt\/wp-json\/wp\/v2\/product\/208542","targetHints":{"allow":["GET"]}}],"collection":[{"href":"https:\/\/staging.aldeco.pt\/pt-pt\/wp-json\/wp\/v2\/product"}],"about":[{"href":"https:\/\/staging.aldeco.pt\/pt-pt\/wp-json\/wp\/v2\/types\/product"}],"version-history":[{"count":0,"href":"https:\/\/staging.aldeco.pt\/pt-pt\/wp-json\/wp\/v2\/product\/208542\/revisions"}],"wp:featuredmedia":[{"embeddable":true,"href":"https:\/\/staging.aldeco.pt\/pt-pt\/wp-json\/wp\/v2\/media\/208538"}],"wp:attachment":[{"href":"https:\/\/staging.aldeco.pt\/pt-pt\/wp-json\/wp\/v2\/media?parent=208542"}],"wp:term":[{"taxonomy":"product_brand","embeddable":true,"href":"https:\/\/staging.aldeco.pt\/pt-pt\/wp-json\/wp\/v2\/product_brand?post=208542"},{"taxonomy":"product_cat","embeddable":true,"href":"https:\/\/staging.aldeco.pt\/pt-pt\/wp-json\/wp\/v2\/product_cat?post=208542"},{"taxonomy":"product_tag","embeddable":true,"href":"https:\/\/staging.aldeco.pt\/pt-pt\/wp-json\/wp\/v2\/product_tag?post=208542"}],"curies":[{"name":"wp","href":"https:\/\/api.w.org\/{rel}","templated":true}]}}