{"id":208533,"date":"2024-10-09T09:54:45","date_gmt":"2024-10-09T09:54:45","guid":{"rendered":"https:\/\/aldeco.pt\/staging\/product\/block\/"},"modified":"2024-10-09T09:54:45","modified_gmt":"2024-10-09T09:54:45","slug":"block","status":"publish","type":"product","link":"https:\/\/staging.aldeco.pt\/pt-pt\/product\/block\/","title":{"rendered":"BLOCK"},"content":{"rendered":"<p>Este tecido liso feito de poli\u00e9ster tem uma suavidade incr\u00edvel ao toque. Dispon\u00edvel em cores neutras, BLOCK \u00e9 perfeito para cortinas e decora\u00e7\u00f5es elegantes e vers\u00e1teis. <\/p>\n","protected":false},"excerpt":{"rendered":"<p>BLOCK \u00e9 perfeito para cortinas e decora\u00e7\u00f5es elegantes e vers\u00e1teis. Este tecido liso feito de poli\u00e9ster tem uma suavidade incr\u00edvel ao toque. <\/p>\n<h2>BLOCK \u00e9 perfeito para cortinas e decora\u00e7\u00f5es elegantes e vers\u00e1teis. Este tecido liso feito de poli\u00e9ster tem uma suavidade incr\u00edvel ao toque. <\/h2>\n<p><img fetchpriority=\"high\" decoding=\"async\" class=\"alignnone wp-image-208523 size-medium\" src=\"https:\/\/aldeco.pt\/staging\/wp-content\/uploads\/2024\/10\/T019630017-1-300x200.jpg\" alt=\"Block - Aldeco\" width=\"300\" height=\"200\"><\/p>\n<p><a href=\"https:\/\/www.instagram.com\/aldeco_interiorfabrics\/\">https:\/\/www.instagram.com\/aldeco_interiorfabrics\/<\/a><\/p>\n<p><a href=\"https:\/\/aldeco.pt\/staging\/product\/block\/?attribute_pa_aldeco-color=17-antracite\">https:\/\/aldeco.pt\/staging\/product\/block\/?attribute_pa_aldeco-color=17-antracite<\/a><\/p>\n","protected":false},"featured_media":208524,"template":"","meta":[],"product_brand":[],"product_cat":[6145],"product_tag":[],"class_list":{"0":"post-208533","1":"product","2":"type-product","3":"status-publish","4":"has-post-thumbnail","6":"product_cat-aldeco-2-pt-pt-2","7":"pa_cleanability-8282","8":"pa_composition-ext-100-pl-pt-pt","9":"pa_line-oportunidades","10":"pa_line-tecidos","11":"pa_lithfastness-9680","12":"pa_opportunities-ativo","13":"pa_outdoor-0-pt-pt","14":"pa_range-jacquard-pt-pt","15":"pa_range-liso","16":"pa_rapport-vertical-11009","19":"first","20":"instock","21":"purchasable","22":"product-type-variable"},"acf":[],"_links":{"self":[{"href":"https:\/\/staging.aldeco.pt\/pt-pt\/wp-json\/wp\/v2\/product\/208533","targetHints":{"allow":["GET"]}}],"collection":[{"href":"https:\/\/staging.aldeco.pt\/pt-pt\/wp-json\/wp\/v2\/product"}],"about":[{"href":"https:\/\/staging.aldeco.pt\/pt-pt\/wp-json\/wp\/v2\/types\/product"}],"version-history":[{"count":0,"href":"https:\/\/staging.aldeco.pt\/pt-pt\/wp-json\/wp\/v2\/product\/208533\/revisions"}],"wp:featuredmedia":[{"embeddable":true,"href":"https:\/\/staging.aldeco.pt\/pt-pt\/wp-json\/wp\/v2\/media\/208524"}],"wp:attachment":[{"href":"https:\/\/staging.aldeco.pt\/pt-pt\/wp-json\/wp\/v2\/media?parent=208533"}],"wp:term":[{"taxonomy":"product_brand","embeddable":true,"href":"https:\/\/staging.aldeco.pt\/pt-pt\/wp-json\/wp\/v2\/product_brand?post=208533"},{"taxonomy":"product_cat","embeddable":true,"href":"https:\/\/staging.aldeco.pt\/pt-pt\/wp-json\/wp\/v2\/product_cat?post=208533"},{"taxonomy":"product_tag","embeddable":true,"href":"https:\/\/staging.aldeco.pt\/pt-pt\/wp-json\/wp\/v2\/product_tag?post=208533"}],"curies":[{"name":"wp","href":"https:\/\/api.w.org\/{rel}","templated":true}]}}