{"id":208503,"date":"2024-10-09T09:53:23","date_gmt":"2024-10-09T09:53:23","guid":{"rendered":"https:\/\/aldeco.pt\/staging\/product\/bernini\/"},"modified":"2024-10-09T09:53:23","modified_gmt":"2024-10-09T09:53:23","slug":"bernini","status":"publish","type":"product","link":"https:\/\/staging.aldeco.pt\/pt-pt\/product\/bernini\/","title":{"rendered":"BERNINI"},"content":{"rendered":"<p>BERNINI \u00e9 um tecido com padr\u00e3o de outono e um toque acolhedor. Este tecido \u00e9 perfeito para almofadas e cortinas e est\u00e1 dispon\u00edvel em 4 cores. <\/p>\n","protected":false},"excerpt":{"rendered":"<p>BERNINI \u00e9 um tecido com padr\u00e3o de outono e um toque acolhedor. Este tecido \u00e9 perfeito para almofadas e cortinas e est\u00e1 dispon\u00edvel em 4 cores. <\/p>\n<h2>BERNINI \u00e9 um tecido com padr\u00e3o de outono e um toque acolhedor. Este tecido \u00e9 perfeito para almofadas e cortinas e est\u00e1 dispon\u00edvel em 4 cores. <\/h2>\n<p><img fetchpriority=\"high\" decoding=\"async\" class=\"alignnone wp-image-208498 size-full\" src=\"https:\/\/aldeco.pt\/staging\/wp-content\/uploads\/2024\/10\/T018260004-1.jpg\" alt=\"Bernini - Aldeco\" width=\"300\" height=\"300\"><\/p>\n<p><a href=\"https:\/\/aldeco.pt\/staging\/product\/bernini\/?attribute_pa_aldeco-color=1-stone-blue\">https:\/\/aldeco.pt\/staging\/product\/bernini\/?attribute_pa_aldeco-color=1-stone-blue<br \/>\n<\/a><\/p>\n<p><a href=\"https:\/\/www.instagram.com\/aldeco_interiorfabrics\/\">https:\/\/www.instagram.com\/aldeco_interiorfabrics\/<\/a><\/p>\n","protected":false},"featured_media":208499,"template":"","meta":[],"product_brand":[],"product_cat":[],"product_tag":[],"class_list":{"0":"post-208503","1":"product","2":"type-product","3":"status-publish","4":"has-post-thumbnail","8":"first","9":"instock","10":"purchasable","11":"product-type-variable"},"acf":[],"_links":{"self":[{"href":"https:\/\/staging.aldeco.pt\/pt-pt\/wp-json\/wp\/v2\/product\/208503","targetHints":{"allow":["GET"]}}],"collection":[{"href":"https:\/\/staging.aldeco.pt\/pt-pt\/wp-json\/wp\/v2\/product"}],"about":[{"href":"https:\/\/staging.aldeco.pt\/pt-pt\/wp-json\/wp\/v2\/types\/product"}],"version-history":[{"count":0,"href":"https:\/\/staging.aldeco.pt\/pt-pt\/wp-json\/wp\/v2\/product\/208503\/revisions"}],"wp:featuredmedia":[{"embeddable":true,"href":"https:\/\/staging.aldeco.pt\/pt-pt\/wp-json\/wp\/v2\/media\/208499"}],"wp:attachment":[{"href":"https:\/\/staging.aldeco.pt\/pt-pt\/wp-json\/wp\/v2\/media?parent=208503"}],"wp:term":[{"taxonomy":"product_brand","embeddable":true,"href":"https:\/\/staging.aldeco.pt\/pt-pt\/wp-json\/wp\/v2\/product_brand?post=208503"},{"taxonomy":"product_cat","embeddable":true,"href":"https:\/\/staging.aldeco.pt\/pt-pt\/wp-json\/wp\/v2\/product_cat?post=208503"},{"taxonomy":"product_tag","embeddable":true,"href":"https:\/\/staging.aldeco.pt\/pt-pt\/wp-json\/wp\/v2\/product_tag?post=208503"}],"curies":[{"name":"wp","href":"https:\/\/api.w.org\/{rel}","templated":true}]}}