{"id":208496,"date":"2024-10-09T09:53:10","date_gmt":"2024-10-09T09:53:10","guid":{"rendered":"https:\/\/aldeco.pt\/staging\/product\/belem\/"},"modified":"2024-10-09T09:53:10","modified_gmt":"2024-10-09T09:53:10","slug":"belem","status":"publish","type":"product","link":"https:\/\/staging.aldeco.pt\/pt-pt\/product\/belem\/","title":{"rendered":"BEL\u00c9M"},"content":{"rendered":"<p>BEL\u00c9M \u00e9 um tecido liso, dur\u00e1vel e resistente, perfeito para estofo e almofadas.<\/p>\n","protected":false},"excerpt":{"rendered":"<p>BEL\u00c9M \u00e9 um tecido liso, dur\u00e1vel e resistente, perfeito para estofo e almofadas.<\/p>\n<h2>BEL\u00c9M \u00e9 um tecido liso, dur\u00e1vel e resistente, perfeito para estofo e almofadas.<\/h2>\n<p><img fetchpriority=\"high\" decoding=\"async\" class=\"alignnone wp-image-208489 size-medium\" src=\"https:\/\/aldeco.pt\/staging\/wp-content\/uploads\/2024\/10\/T017360004-1-300x300.jpg\" alt=\"Bel\u00e9m - Aldeco\" width=\"300\" height=\"300\"><\/p>\n<p><a href=\"https:\/\/www.instagram.com\/aldeco_interiorfabrics\/\">https:\/\/www.instagram.com\/aldeco_interiorfabrics\/<\/a><\/p>\n<p><a href=\"https:\/\/aldeco.pt\/staging\/product\/belem\/?attribute_pa_aldeco-color=4-beige\">https:\/\/aldeco.pt\/staging\/product\/belem\/?attribute_pa_aldeco-color=4-beige<\/a><\/p>\n<p>&nbsp;<\/p>\n","protected":false},"featured_media":208490,"template":"","meta":[],"product_brand":[],"product_cat":[6145],"product_tag":[],"class_list":{"0":"post-208496","1":"product","2":"type-product","3":"status-publish","4":"has-post-thumbnail","6":"product_cat-aldeco-2-pt-pt-2","7":"pa_cleanability-8282","8":"pa_composition-ext-60-pl-40-pu-pt-pt","9":"pa_line-oportunidades","10":"pa_line-tecidos","11":"pa_lithfastness-4-5-pt-pt-2","12":"pa_opportunities-ativo","13":"pa_outdoor-0-pt-pt","14":"pa_range-coated-pt-pt","15":"pa_rapport-vertical-11009","18":"first","19":"instock","20":"purchasable","21":"product-type-variable"},"acf":[],"_links":{"self":[{"href":"https:\/\/staging.aldeco.pt\/pt-pt\/wp-json\/wp\/v2\/product\/208496","targetHints":{"allow":["GET"]}}],"collection":[{"href":"https:\/\/staging.aldeco.pt\/pt-pt\/wp-json\/wp\/v2\/product"}],"about":[{"href":"https:\/\/staging.aldeco.pt\/pt-pt\/wp-json\/wp\/v2\/types\/product"}],"version-history":[{"count":0,"href":"https:\/\/staging.aldeco.pt\/pt-pt\/wp-json\/wp\/v2\/product\/208496\/revisions"}],"wp:featuredmedia":[{"embeddable":true,"href":"https:\/\/staging.aldeco.pt\/pt-pt\/wp-json\/wp\/v2\/media\/208490"}],"wp:attachment":[{"href":"https:\/\/staging.aldeco.pt\/pt-pt\/wp-json\/wp\/v2\/media?parent=208496"}],"wp:term":[{"taxonomy":"product_brand","embeddable":true,"href":"https:\/\/staging.aldeco.pt\/pt-pt\/wp-json\/wp\/v2\/product_brand?post=208496"},{"taxonomy":"product_cat","embeddable":true,"href":"https:\/\/staging.aldeco.pt\/pt-pt\/wp-json\/wp\/v2\/product_cat?post=208496"},{"taxonomy":"product_tag","embeddable":true,"href":"https:\/\/staging.aldeco.pt\/pt-pt\/wp-json\/wp\/v2\/product_tag?post=208496"}],"curies":[{"name":"wp","href":"https:\/\/api.w.org\/{rel}","templated":true}]}}