{"id":208477,"date":"2024-10-09T09:52:34","date_gmt":"2024-10-09T09:52:34","guid":{"rendered":"https:\/\/aldeco.pt\/staging\/product\/beja\/"},"modified":"2024-10-09T09:52:34","modified_gmt":"2024-10-09T09:52:34","slug":"beja","status":"publish","type":"product","link":"https:\/\/staging.aldeco.pt\/pt-pt\/product\/beja\/","title":{"rendered":"BEJA"},"content":{"rendered":"<p>BEJA \u00e9 um excelente tecido para estofados e almofadas, feito de linho e poli\u00e9ster. Apresenta um padr\u00e3o \u00e9tnico contrastado com o fundo.  Dispon\u00edvel em 5 cores.<\/p>\n","protected":false},"excerpt":{"rendered":"<p>BEJA \u00e9 um excelente tecido para estofados e almofadas, feito de linho e poli\u00e9ster. Apresenta um padr\u00e3o \u00e9tnico contrastado com o fundo.  Dispon\u00edvel em 5 cores.<\/p>\n<h2>BEJA \u00e9 um excelente tecido para estofados e almofadas, feito de linho e poli\u00e9ster. Apresenta um padr\u00e3o \u00e9tnico contrastado com o fundo.  Dispon\u00edvel em 5 cores.<\/h2>\n<p><img fetchpriority=\"high\" decoding=\"async\" class=\"alignnone wp-image-208467 size-medium\" src=\"https:\/\/aldeco.pt\/staging\/wp-content\/uploads\/2024\/10\/T018130007-1-300x300.jpg\" alt=\"Beja - Aldeco\" width=\"300\" height=\"300\"><\/p>\n<p><a href=\"https:\/\/aldeco.pt\/staging\/product\/beja\/?attribute_pa_aldeco-color=2-cool-yellow\">https:\/\/aldeco.pt\/staging\/product\/beja\/?attribute_pa_aldeco-color=2-cool-yellow<\/a><\/p>\n<p><a href=\"https:\/\/www.instagram.com\/aldeco_interiorfabrics\/\">https:\/\/www.instagram.com\/aldeco_interiorfabrics\/<\/a><\/p>\n","protected":false},"featured_media":208468,"template":"","meta":[],"product_brand":[],"product_cat":[6145],"product_tag":[],"class_list":{"0":"post-208477","1":"product","2":"type-product","3":"status-publish","4":"has-post-thumbnail","6":"product_cat-aldeco-2-pt-pt-2","7":"pa_cleanability-8282","8":"pa_composition-ext-75-li-25-pl-pt-pt","9":"pa_line-oportunidades","10":"pa_line-tecidos","11":"pa_lithfastness-4-pt-pt","12":"pa_opportunities-ativo","13":"pa_outdoor-0-pt-pt","14":"pa_range-jacquard-pt-pt","15":"pa_rapport-horizontal-6-pt-pt","16":"pa_rapport-vertical-5-5-pt-pt","19":"first","20":"instock","21":"purchasable","22":"product-type-variable"},"acf":[],"_links":{"self":[{"href":"https:\/\/staging.aldeco.pt\/pt-pt\/wp-json\/wp\/v2\/product\/208477","targetHints":{"allow":["GET"]}}],"collection":[{"href":"https:\/\/staging.aldeco.pt\/pt-pt\/wp-json\/wp\/v2\/product"}],"about":[{"href":"https:\/\/staging.aldeco.pt\/pt-pt\/wp-json\/wp\/v2\/types\/product"}],"version-history":[{"count":0,"href":"https:\/\/staging.aldeco.pt\/pt-pt\/wp-json\/wp\/v2\/product\/208477\/revisions"}],"wp:featuredmedia":[{"embeddable":true,"href":"https:\/\/staging.aldeco.pt\/pt-pt\/wp-json\/wp\/v2\/media\/208468"}],"wp:attachment":[{"href":"https:\/\/staging.aldeco.pt\/pt-pt\/wp-json\/wp\/v2\/media?parent=208477"}],"wp:term":[{"taxonomy":"product_brand","embeddable":true,"href":"https:\/\/staging.aldeco.pt\/pt-pt\/wp-json\/wp\/v2\/product_brand?post=208477"},{"taxonomy":"product_cat","embeddable":true,"href":"https:\/\/staging.aldeco.pt\/pt-pt\/wp-json\/wp\/v2\/product_cat?post=208477"},{"taxonomy":"product_tag","embeddable":true,"href":"https:\/\/staging.aldeco.pt\/pt-pt\/wp-json\/wp\/v2\/product_tag?post=208477"}],"curies":[{"name":"wp","href":"https:\/\/api.w.org\/{rel}","templated":true}]}}