{"id":208429,"date":"2024-10-09T09:50:46","date_gmt":"2024-10-09T09:50:46","guid":{"rendered":"https:\/\/aldeco.pt\/staging\/product\/baxter\/"},"modified":"2024-10-09T09:50:46","modified_gmt":"2024-10-09T09:50:46","slug":"baxter","status":"publish","type":"product","link":"https:\/\/staging.aldeco.pt\/pt-pt\/product\/baxter\/","title":{"rendered":"BAXTER"},"content":{"rendered":"<p>BAXTER \u00e9 um tecido perfeito para projetos de estofos devido \u00e0 sua durabilidade e f\u00e1cil limpeza.<\/p>\n","protected":false},"excerpt":{"rendered":"<p>BAXTER \u00e9 um tecido perfeito para projetos de estofos devido \u00e0 sua durabilidade e f\u00e1cil limpeza.<\/p>\n<h2>BAXTER \u00e9 um tecido perfeito para projetos de estofos devido \u00e0 sua durabilidade e f\u00e1cil limpeza.<\/h2>\n<p><img fetchpriority=\"high\" decoding=\"async\" class=\"wp-image-208425 size-medium\" src=\"https:\/\/aldeco.pt\/staging\/wp-content\/uploads\/2024\/10\/T190860010-1-300x225.jpg\" alt=\"Baxter - Aldeco\" width=\"300\" height=\"225\"><\/p>\n<p><a href=\"https:\/\/www.instagram.com\/aldeco_interiorfabrics\/\">https:\/\/www.instagram.com\/aldeco_interiorfabrics\/<\/a><\/p>\n<p><a href=\"https:\/\/aldeco.pt\/staging\/product\/baxter\/?attribute_pa_aldeco-color=05-hot-cherry\">https:\/\/aldeco.pt\/staging\/product\/baxter\/?attribute_pa_aldeco-color=05-hot-cherry<\/a><\/p>\n","protected":false},"featured_media":208426,"template":"","meta":[],"product_brand":[],"product_cat":[6145],"product_tag":[],"class_list":{"0":"post-208429","1":"product","2":"type-product","3":"status-publish","4":"has-post-thumbnail","6":"product_cat-aldeco-2-pt-pt-2","7":"pa_cleanability-8282","8":"pa_composition-ext-58-pl-42-pp-pt-pt","9":"pa_line-oportunidades","10":"pa_line-tecidos","11":"pa_lithfastness-4-5-pt-pt-2","12":"pa_lithfastness-5-pt-pt","13":"pa_opportunities-ativo","14":"pa_outdoor-0-pt-pt","15":"pa_range-jacquard-pt-pt","16":"pa_rapport-vertical-11009","19":"first","20":"instock","21":"purchasable","22":"product-type-variable"},"acf":[],"_links":{"self":[{"href":"https:\/\/staging.aldeco.pt\/pt-pt\/wp-json\/wp\/v2\/product\/208429","targetHints":{"allow":["GET"]}}],"collection":[{"href":"https:\/\/staging.aldeco.pt\/pt-pt\/wp-json\/wp\/v2\/product"}],"about":[{"href":"https:\/\/staging.aldeco.pt\/pt-pt\/wp-json\/wp\/v2\/types\/product"}],"version-history":[{"count":0,"href":"https:\/\/staging.aldeco.pt\/pt-pt\/wp-json\/wp\/v2\/product\/208429\/revisions"}],"wp:featuredmedia":[{"embeddable":true,"href":"https:\/\/staging.aldeco.pt\/pt-pt\/wp-json\/wp\/v2\/media\/208426"}],"wp:attachment":[{"href":"https:\/\/staging.aldeco.pt\/pt-pt\/wp-json\/wp\/v2\/media?parent=208429"}],"wp:term":[{"taxonomy":"product_brand","embeddable":true,"href":"https:\/\/staging.aldeco.pt\/pt-pt\/wp-json\/wp\/v2\/product_brand?post=208429"},{"taxonomy":"product_cat","embeddable":true,"href":"https:\/\/staging.aldeco.pt\/pt-pt\/wp-json\/wp\/v2\/product_cat?post=208429"},{"taxonomy":"product_tag","embeddable":true,"href":"https:\/\/staging.aldeco.pt\/pt-pt\/wp-json\/wp\/v2\/product_tag?post=208429"}],"curies":[{"name":"wp","href":"https:\/\/api.w.org\/{rel}","templated":true}]}}