{"id":208417,"date":"2024-10-09T09:50:28","date_gmt":"2024-10-09T09:50:28","guid":{"rendered":"https:\/\/aldeco.pt\/staging\/product\/barrok-fr\/"},"modified":"2024-10-09T09:50:28","modified_gmt":"2024-10-09T09:50:28","slug":"barrok-fr","status":"publish","type":"product","link":"https:\/\/staging.aldeco.pt\/pt-pt\/product\/barrok-fr\/","title":{"rendered":"BARROK FR"},"content":{"rendered":"<p>Barrok FR surge nesta cole\u00e7\u00e3o como uma perfeita lembran\u00e7a da hist\u00f3ria antiga, em um tecido jacquard sofisticado, misturando discretamente veludo com fios de cetim.<\/p>\n","protected":false},"excerpt":{"rendered":"<p>Barrok FR surge nesta cole\u00e7\u00e3o como uma perfeita lembran\u00e7a da hist\u00f3ria antiga, em um tecido jacquard sofisticado, misturando discretamente veludo com fios de cetim.<\/p>\n<h2>Barrok FR surge nesta cole\u00e7\u00e3o como uma perfeita lembran\u00e7a da hist\u00f3ria antiga, em um tecido jacquard sofisticado, misturando discretamente veludo com fios de cetim.<\/h2>\n<p><img fetchpriority=\"high\" decoding=\"async\" class=\"alignnone wp-image-208413 size-medium\" src=\"https:\/\/aldeco.pt\/staging\/wp-content\/uploads\/2024\/10\/T019440001-1-300x240.jpg\" alt=\"Barrok Fr - Aldeco\" width=\"300\" height=\"240\"><\/p>\n<p><a href=\"https:\/\/www.instagram.com\/aldeco_interiorfabrics\/\">https:\/\/www.instagram.com\/aldeco_interiorfabrics\/<\/a><\/p>\n<p><a href=\"https:\/\/aldeco.pt\/staging\/product\/barrok-fr\/?attribute_pa_aldeco-color=01-greige\">https:\/\/aldeco.pt\/staging\/product\/barrok-fr\/?attribute_pa_aldeco-color=01-greige<\/a><\/p>\n","protected":false},"featured_media":208414,"template":"","meta":[],"product_brand":[],"product_cat":[6145],"product_tag":[],"class_list":{"0":"post-208417","1":"product","2":"type-product","3":"status-publish","4":"has-post-thumbnail","6":"product_cat-aldeco-2-pt-pt-2","7":"pa_cleanability-8282","8":"pa_composition-ext-56-vi-24-pa-20-pl-pt-pt","9":"pa_line-oportunidades","10":"pa_line-tecidos","11":"pa_lithfastness-4-pt-pt","12":"pa_opportunities-ativo","13":"pa_outdoor-0-pt-pt","14":"pa_range-veludo","15":"pa_rapport-horizontal-18-pt-pt","16":"pa_rapport-vertical-18-pt-pt","19":"first","20":"instock","21":"purchasable","22":"product-type-variable"},"acf":[],"_links":{"self":[{"href":"https:\/\/staging.aldeco.pt\/pt-pt\/wp-json\/wp\/v2\/product\/208417","targetHints":{"allow":["GET"]}}],"collection":[{"href":"https:\/\/staging.aldeco.pt\/pt-pt\/wp-json\/wp\/v2\/product"}],"about":[{"href":"https:\/\/staging.aldeco.pt\/pt-pt\/wp-json\/wp\/v2\/types\/product"}],"version-history":[{"count":0,"href":"https:\/\/staging.aldeco.pt\/pt-pt\/wp-json\/wp\/v2\/product\/208417\/revisions"}],"wp:featuredmedia":[{"embeddable":true,"href":"https:\/\/staging.aldeco.pt\/pt-pt\/wp-json\/wp\/v2\/media\/208414"}],"wp:attachment":[{"href":"https:\/\/staging.aldeco.pt\/pt-pt\/wp-json\/wp\/v2\/media?parent=208417"}],"wp:term":[{"taxonomy":"product_brand","embeddable":true,"href":"https:\/\/staging.aldeco.pt\/pt-pt\/wp-json\/wp\/v2\/product_brand?post=208417"},{"taxonomy":"product_cat","embeddable":true,"href":"https:\/\/staging.aldeco.pt\/pt-pt\/wp-json\/wp\/v2\/product_cat?post=208417"},{"taxonomy":"product_tag","embeddable":true,"href":"https:\/\/staging.aldeco.pt\/pt-pt\/wp-json\/wp\/v2\/product_tag?post=208417"}],"curies":[{"name":"wp","href":"https:\/\/api.w.org\/{rel}","templated":true}]}}