{"id":208331,"date":"2024-10-09T09:47:53","date_gmt":"2024-10-09T09:47:53","guid":{"rendered":"https:\/\/aldeco.pt\/staging\/product\/baga-plain\/"},"modified":"2024-10-09T09:47:53","modified_gmt":"2024-10-09T09:47:53","slug":"baga-plain","status":"publish","type":"product","link":"https:\/\/staging.aldeco.pt\/pt-pt\/product\/baga-plain\/","title":{"rendered":"BAGA PLAIN"},"content":{"rendered":"<p>BAGA PLAIN \u00e9 perfeito para projetos de estofo devido \u00e0 sua durabilidade e f\u00e1cil limpeza. Est\u00e1 dispon\u00edvel em uma tonalidade clara. <\/p>\n","protected":false},"excerpt":{"rendered":"<p>BAGA PLAIN \u00e9 perfeito para projetos de estofo devido \u00e0 sua durabilidade e f\u00e1cil limpeza. Est\u00e1 dispon\u00edvel em uma tonalidade clara. <\/p>\n<h2>BAGA PLAIN \u00e9 perfeito para projetos de estofo devido \u00e0 sua durabilidade e f\u00e1cil limpeza. Est\u00e1 dispon\u00edvel em uma tonalidade clara. <\/h2>\n<p><img fetchpriority=\"high\" decoding=\"async\" class=\"alignnone wp-image-208326 size-medium\" src=\"https:\/\/aldeco.pt\/staging\/wp-content\/uploads\/2024\/10\/T190980001-1-300x202.jpg\" alt=\"Baga Plain - Aldeco\" width=\"300\" height=\"202\"><\/p>\n<p><a href=\"https:\/\/aldeco.pt\/staging\/product\/baga-plain\/?attribute_pa_aldeco-color=01-natural-white\">https:\/\/aldeco.pt\/staging\/product\/baga-plain\/?attribute_pa_aldeco-color=01-natural-white<\/a><\/p>\n<p><a href=\"https:\/\/www.instagram.com\/aldeco_interiorfabrics\/\">https:\/\/www.instagram.com\/aldeco_interiorfabrics\/<\/a><\/p>\n","protected":false},"featured_media":208327,"template":"","meta":[],"product_brand":[],"product_cat":[],"product_tag":[],"class_list":{"0":"post-208331","1":"product","2":"type-product","3":"status-publish","4":"has-post-thumbnail","8":"first","9":"instock","10":"purchasable","11":"product-type-variable"},"acf":[],"_links":{"self":[{"href":"https:\/\/staging.aldeco.pt\/pt-pt\/wp-json\/wp\/v2\/product\/208331","targetHints":{"allow":["GET"]}}],"collection":[{"href":"https:\/\/staging.aldeco.pt\/pt-pt\/wp-json\/wp\/v2\/product"}],"about":[{"href":"https:\/\/staging.aldeco.pt\/pt-pt\/wp-json\/wp\/v2\/types\/product"}],"version-history":[{"count":0,"href":"https:\/\/staging.aldeco.pt\/pt-pt\/wp-json\/wp\/v2\/product\/208331\/revisions"}],"wp:featuredmedia":[{"embeddable":true,"href":"https:\/\/staging.aldeco.pt\/pt-pt\/wp-json\/wp\/v2\/media\/208327"}],"wp:attachment":[{"href":"https:\/\/staging.aldeco.pt\/pt-pt\/wp-json\/wp\/v2\/media?parent=208331"}],"wp:term":[{"taxonomy":"product_brand","embeddable":true,"href":"https:\/\/staging.aldeco.pt\/pt-pt\/wp-json\/wp\/v2\/product_brand?post=208331"},{"taxonomy":"product_cat","embeddable":true,"href":"https:\/\/staging.aldeco.pt\/pt-pt\/wp-json\/wp\/v2\/product_cat?post=208331"},{"taxonomy":"product_tag","embeddable":true,"href":"https:\/\/staging.aldeco.pt\/pt-pt\/wp-json\/wp\/v2\/product_tag?post=208331"}],"curies":[{"name":"wp","href":"https:\/\/api.w.org\/{rel}","templated":true}]}}