{"id":208322,"date":"2024-10-09T09:47:49","date_gmt":"2024-10-09T09:47:49","guid":{"rendered":"https:\/\/aldeco.pt\/staging\/product\/baga-form\/"},"modified":"2024-10-09T09:47:49","modified_gmt":"2024-10-09T09:47:49","slug":"baga-form","status":"publish","type":"product","link":"https:\/\/staging.aldeco.pt\/pt-pt\/product\/baga-form\/","title":{"rendered":"BAGA FORM"},"content":{"rendered":"<p>BAGA FORM \u00e9 perfeito para projetos de estofos devido \u00e0 sua durabilidade e f\u00e1cil limpeza. Est\u00e1 dispon\u00edvel em uma tonalidade clara. <\/p>\n","protected":false},"excerpt":{"rendered":"<p>BAGA FORM \u00e9 perfeito para projetos de estofos devido \u00e0 sua durabilidade e f\u00e1cil limpeza. Est\u00e1 dispon\u00edvel em uma tonalidade clara. <\/p>\n<h2>BAGA FORM \u00e9 perfeito para projetos de estofos devido \u00e0 sua durabilidade e f\u00e1cil limpeza. Est\u00e1 dispon\u00edvel em uma tonalidade clara. <\/h2>\n<p><img fetchpriority=\"high\" decoding=\"async\" class=\"alignnone wp-image-208317 size-medium\" src=\"https:\/\/aldeco.pt\/staging\/wp-content\/uploads\/2024\/10\/T191080001-1-300x200.jpg\" alt=\"Baga Form - Aldeco\" width=\"300\" height=\"200\"><\/p>\n<p><a href=\"https:\/\/aldeco.pt\/staging\/product\/baga-form\/?attribute_pa_aldeco-color=01-natural-white\">https:\/\/aldeco.pt\/staging\/product\/baga-form\/?attribute_pa_aldeco-color=01-natural-white<\/a><\/p>\n<p><a href=\"https:\/\/www.instagram.com\/aldeco_interiorfabrics\/\">https:\/\/www.instagram.com\/aldeco_interiorfabrics\/<\/a><\/p>\n","protected":false},"featured_media":208318,"template":"","meta":[],"product_brand":[],"product_cat":[6145],"product_tag":[],"class_list":{"0":"post-208322","1":"product","2":"type-product","3":"status-publish","4":"has-post-thumbnail","6":"product_cat-aldeco-2-pt-pt-2","7":"pa_cleanability-8282","8":"pa_composition-ext-100-li-pt-pt","9":"pa_line-oportunidades","10":"pa_line-tecidos","11":"pa_lithfastness-3-pt-pt","12":"pa_opportunities-ativo","13":"pa_outdoor-0-pt-pt","14":"pa_range-embossed-pt-pt","15":"pa_rapport-vertical-11009","18":"first","19":"instock","20":"purchasable","21":"product-type-variable"},"acf":[],"_links":{"self":[{"href":"https:\/\/staging.aldeco.pt\/pt-pt\/wp-json\/wp\/v2\/product\/208322","targetHints":{"allow":["GET"]}}],"collection":[{"href":"https:\/\/staging.aldeco.pt\/pt-pt\/wp-json\/wp\/v2\/product"}],"about":[{"href":"https:\/\/staging.aldeco.pt\/pt-pt\/wp-json\/wp\/v2\/types\/product"}],"version-history":[{"count":0,"href":"https:\/\/staging.aldeco.pt\/pt-pt\/wp-json\/wp\/v2\/product\/208322\/revisions"}],"wp:featuredmedia":[{"embeddable":true,"href":"https:\/\/staging.aldeco.pt\/pt-pt\/wp-json\/wp\/v2\/media\/208318"}],"wp:attachment":[{"href":"https:\/\/staging.aldeco.pt\/pt-pt\/wp-json\/wp\/v2\/media?parent=208322"}],"wp:term":[{"taxonomy":"product_brand","embeddable":true,"href":"https:\/\/staging.aldeco.pt\/pt-pt\/wp-json\/wp\/v2\/product_brand?post=208322"},{"taxonomy":"product_cat","embeddable":true,"href":"https:\/\/staging.aldeco.pt\/pt-pt\/wp-json\/wp\/v2\/product_cat?post=208322"},{"taxonomy":"product_tag","embeddable":true,"href":"https:\/\/staging.aldeco.pt\/pt-pt\/wp-json\/wp\/v2\/product_tag?post=208322"}],"curies":[{"name":"wp","href":"https:\/\/api.w.org\/{rel}","templated":true}]}}