{"id":208154,"date":"2024-10-09T09:38:44","date_gmt":"2024-10-09T09:38:44","guid":{"rendered":"https:\/\/aldeco.pt\/staging\/product\/aloe\/"},"modified":"2024-11-04T15:53:51","modified_gmt":"2024-11-04T15:53:51","slug":"aloe","status":"publish","type":"product","link":"https:\/\/staging.aldeco.pt\/pt-pt\/product\/aloe\/","title":{"rendered":"ALOE"},"content":{"rendered":"<p>ALOE \u00e9 um tecido perfeito para projetos de estofo devido \u00e0 sua durabilidade e f\u00e1cil limpeza.<\/p>\n","protected":false},"excerpt":{"rendered":"<p>ALOE \u00e9 um tecido perfeito para projetos de estofo devido \u00e0 sua durabilidade e f\u00e1cil limpeza.<\/p>\n<h2>ALOE \u00e9 um tecido perfeito para projetos de estofo devido \u00e0 sua durabilidade e f\u00e1cil limpeza.<\/h2>\n[caption id=\"attachment_208148\" align=\"alignnone\" width=\"300\"]<img fetchpriority=\"high\" decoding=\"async\" class=\"wp-image-208148 size-medium\" src=\"https:\/\/aldeco.pt\/staging\/wp-content\/uploads\/2024\/10\/T190830002-1-300x225.jpg\" alt=\"Aloe- Aldeco\" width=\"300\" height=\"225\"> Hisilicon Balong[\/caption]\n<p>&nbsp;<\/p>\n<p><a href=\"https:\/\/aldeco.pt\/staging\/product\/aloe\/?attribute_pa_aldeco-color=02-mediterranean-mix\">https:\/\/aldeco.pt\/staging\/product\/aloe\/?attribute_pa_aldeco-color=02-mediterranean-mix<\/a><\/p>\n<p><a href=\"https:\/\/www.instagram.com\/aldeco_interiorfabrics\/\">https:\/\/www.instagram.com\/aldeco_interiorfabrics\/<\/a><\/p>\n","protected":false},"featured_media":208149,"template":"","meta":[],"product_brand":[],"product_cat":[6145],"product_tag":[],"class_list":{"0":"post-208154","1":"product","2":"type-product","3":"status-publish","4":"has-post-thumbnail","6":"product_cat-aldeco-2-pt-pt-2","7":"pa_cleanability-8282","8":"pa_composition-ext-95-vi-5-pl-pt-pt","9":"pa_line-oportunidades","10":"pa_line-tecidos","11":"pa_lithfastness-5-pt-pt","12":"pa_opportunities-ativo","13":"pa_outdoor-0-pt-pt","14":"pa_range-jacquard-pt-pt","15":"pa_rapport-vertical-11009","18":"first","19":"instock","20":"purchasable","21":"product-type-variable"},"acf":[],"_links":{"self":[{"href":"https:\/\/staging.aldeco.pt\/pt-pt\/wp-json\/wp\/v2\/product\/208154","targetHints":{"allow":["GET"]}}],"collection":[{"href":"https:\/\/staging.aldeco.pt\/pt-pt\/wp-json\/wp\/v2\/product"}],"about":[{"href":"https:\/\/staging.aldeco.pt\/pt-pt\/wp-json\/wp\/v2\/types\/product"}],"version-history":[{"count":1,"href":"https:\/\/staging.aldeco.pt\/pt-pt\/wp-json\/wp\/v2\/product\/208154\/revisions"}],"predecessor-version":[{"id":208158,"href":"https:\/\/staging.aldeco.pt\/pt-pt\/wp-json\/wp\/v2\/product\/208154\/revisions\/208158"}],"wp:featuredmedia":[{"embeddable":true,"href":"https:\/\/staging.aldeco.pt\/pt-pt\/wp-json\/wp\/v2\/media\/208149"}],"wp:attachment":[{"href":"https:\/\/staging.aldeco.pt\/pt-pt\/wp-json\/wp\/v2\/media?parent=208154"}],"wp:term":[{"taxonomy":"product_brand","embeddable":true,"href":"https:\/\/staging.aldeco.pt\/pt-pt\/wp-json\/wp\/v2\/product_brand?post=208154"},{"taxonomy":"product_cat","embeddable":true,"href":"https:\/\/staging.aldeco.pt\/pt-pt\/wp-json\/wp\/v2\/product_cat?post=208154"},{"taxonomy":"product_tag","embeddable":true,"href":"https:\/\/staging.aldeco.pt\/pt-pt\/wp-json\/wp\/v2\/product_tag?post=208154"}],"curies":[{"name":"wp","href":"https:\/\/api.w.org\/{rel}","templated":true}]}}