{"id":207807,"date":"2024-10-09T10:05:41","date_gmt":"2024-10-09T10:05:41","guid":{"rendered":"https:\/\/aldeco.pt\/staging\/product\/camouflage-wlb\/"},"modified":"2024-10-09T10:05:41","modified_gmt":"2024-10-09T10:05:41","slug":"camouflage-wlb","status":"publish","type":"product","link":"https:\/\/staging.aldeco.pt\/pt-pt\/product\/camouflage-wlb\/","title":{"rendered":"CAMOUFLAGE WLB"},"content":{"rendered":"<p>\u00c9 um tecido de cortina texturizado que \u00e9 falso liso e suave ao toque. Com largura dupla e uma textura natural semelhante ao estopa feita \u00e0 m\u00e3o. <\/p>\n","protected":false},"excerpt":{"rendered":"<p>\u00c9 um tecido de cortina texturizado que \u00e9 falso liso e suave ao toque. Com largura dupla e uma textura natural semelhante ao estopa feita \u00e0 m\u00e3o. <\/p>\n<h2>Camouflage Wlb \u00e9 um tecido de cortina texturizado que \u00e9 falso liso e suave ao toque.<\/h2>\n<p><img fetchpriority=\"high\" decoding=\"async\" class=\"alignnone wp-image-207802 size-medium\" src=\"https:\/\/aldeco.pt\/staging\/wp-content\/uploads\/2024\/10\/T016150002-1-300x280.jpg\" alt=\"Camouflage Wlb - Aldeco\" width=\"300\" height=\"280\"><\/p>\n<p><a href=\"https:\/\/aldeco.pt\/staging\/product\/camouflage-wlb\/?attribute_pa_aldeco-color=1\">https:\/\/aldeco.pt\/staging\/product\/camouflage-wlb\/?attribute_pa_aldeco-color=1<\/a><\/p>\n<p><a href=\"https:\/\/www.instagram.com\/aldeco_interiorfabrics\/\">https:\/\/www.instagram.com\/aldeco_interiorfabrics\/<\/a><\/p>\n<p>&nbsp;<\/p>\n","protected":false},"featured_media":207803,"template":"","meta":[],"product_brand":[],"product_cat":[6145],"product_tag":[],"class_list":{"0":"post-207807","1":"product","2":"type-product","3":"status-publish","4":"has-post-thumbnail","6":"product_cat-aldeco-2-pt-pt-2","7":"pa_cleanability-8282","8":"pa_composition-ext-70-li-30-pl-pt-pt","9":"pa_line-oportunidades","10":"pa_line-tecidos","11":"pa_lithfastness-9680","12":"pa_opportunities-ativo","13":"pa_outdoor-0-pt-pt","14":"pa_range-transparente","15":"pa_rapport-vertical-11009","18":"first","19":"instock","20":"purchasable","21":"product-type-variable"},"acf":[],"_links":{"self":[{"href":"https:\/\/staging.aldeco.pt\/pt-pt\/wp-json\/wp\/v2\/product\/207807","targetHints":{"allow":["GET"]}}],"collection":[{"href":"https:\/\/staging.aldeco.pt\/pt-pt\/wp-json\/wp\/v2\/product"}],"about":[{"href":"https:\/\/staging.aldeco.pt\/pt-pt\/wp-json\/wp\/v2\/types\/product"}],"version-history":[{"count":0,"href":"https:\/\/staging.aldeco.pt\/pt-pt\/wp-json\/wp\/v2\/product\/207807\/revisions"}],"wp:featuredmedia":[{"embeddable":true,"href":"https:\/\/staging.aldeco.pt\/pt-pt\/wp-json\/wp\/v2\/media\/207803"}],"wp:attachment":[{"href":"https:\/\/staging.aldeco.pt\/pt-pt\/wp-json\/wp\/v2\/media?parent=207807"}],"wp:term":[{"taxonomy":"product_brand","embeddable":true,"href":"https:\/\/staging.aldeco.pt\/pt-pt\/wp-json\/wp\/v2\/product_brand?post=207807"},{"taxonomy":"product_cat","embeddable":true,"href":"https:\/\/staging.aldeco.pt\/pt-pt\/wp-json\/wp\/v2\/product_cat?post=207807"},{"taxonomy":"product_tag","embeddable":true,"href":"https:\/\/staging.aldeco.pt\/pt-pt\/wp-json\/wp\/v2\/product_tag?post=207807"}],"curies":[{"name":"wp","href":"https:\/\/api.w.org\/{rel}","templated":true}]}}