{"id":207773,"date":"2024-10-09T12:57:27","date_gmt":"2024-10-09T12:57:27","guid":{"rendered":"https:\/\/aldeco.pt\/staging\/product\/terra\/"},"modified":"2024-10-09T12:57:27","modified_gmt":"2024-10-09T12:57:27","slug":"terra","status":"publish","type":"product","link":"https:\/\/staging.aldeco.pt\/pt-pt\/product\/terra\/","title":{"rendered":"TERRA"},"content":{"rendered":"<p>Este tecido de estofo tem uma textura fabulosa, com pequenos e suaves n\u00f3dulos que t\u00eam uma apar\u00eancia ondulada.<\/p>\n","protected":false},"excerpt":{"rendered":"<p>Este tecido de estofo tem uma textura fabulosa, com pequenos e suaves n\u00f3dulos que t\u00eam uma apar\u00eancia ondulada.<\/p>\n<h2>Terra, este tecido de estofo tem uma textura fabulosa, com pequenos e suaves n\u00f3dulos que t\u00eam uma apar\u00eancia ondulada.<\/h2>\n<p><img decoding=\"async\" class=\"alignnone wp-image-207768 size-full\" src=\"https:\/\/aldeco.pt\/staging\/wp-content\/uploads\/2024\/10\/T018170004-1.jpg\" alt=\"Terra - Aldeco\" width=\"177\" height=\"177\"><\/p>\n<p><a href=\"https:\/\/www.instagram.com\/aldeco_interiorfabrics\/\">https:\/\/www.instagram.com\/aldeco_interiorfabrics\/<\/a><\/p>\n","protected":false},"featured_media":207769,"template":"","meta":[],"product_brand":[],"product_cat":[6145],"product_tag":[],"class_list":{"0":"post-207773","1":"product","2":"type-product","3":"status-publish","4":"has-post-thumbnail","6":"product_cat-aldeco-2-pt-pt-2","7":"pa_cleanability-8282","8":"pa_composition-ext-42-vi-37-co-12-pc-9-li-pt-pt","9":"pa_line-oportunidades","10":"pa_line-tecidos","11":"pa_lithfastness-4-5-pt-pt-2","12":"pa_opportunities-ativo","13":"pa_outdoor-0-pt-pt","14":"pa_range-liso","15":"pa_rapport-vertical-11009","18":"first","19":"instock","20":"purchasable","21":"product-type-variable"},"acf":[],"_links":{"self":[{"href":"https:\/\/staging.aldeco.pt\/pt-pt\/wp-json\/wp\/v2\/product\/207773","targetHints":{"allow":["GET"]}}],"collection":[{"href":"https:\/\/staging.aldeco.pt\/pt-pt\/wp-json\/wp\/v2\/product"}],"about":[{"href":"https:\/\/staging.aldeco.pt\/pt-pt\/wp-json\/wp\/v2\/types\/product"}],"version-history":[{"count":0,"href":"https:\/\/staging.aldeco.pt\/pt-pt\/wp-json\/wp\/v2\/product\/207773\/revisions"}],"wp:featuredmedia":[{"embeddable":true,"href":"https:\/\/staging.aldeco.pt\/pt-pt\/wp-json\/wp\/v2\/media\/207769"}],"wp:attachment":[{"href":"https:\/\/staging.aldeco.pt\/pt-pt\/wp-json\/wp\/v2\/media?parent=207773"}],"wp:term":[{"taxonomy":"product_brand","embeddable":true,"href":"https:\/\/staging.aldeco.pt\/pt-pt\/wp-json\/wp\/v2\/product_brand?post=207773"},{"taxonomy":"product_cat","embeddable":true,"href":"https:\/\/staging.aldeco.pt\/pt-pt\/wp-json\/wp\/v2\/product_cat?post=207773"},{"taxonomy":"product_tag","embeddable":true,"href":"https:\/\/staging.aldeco.pt\/pt-pt\/wp-json\/wp\/v2\/product_tag?post=207773"}],"curies":[{"name":"wp","href":"https:\/\/api.w.org\/{rel}","templated":true}]}}