{"id":207766,"date":"2024-10-09T11:29:48","date_gmt":"2024-10-09T11:29:48","guid":{"rendered":"https:\/\/aldeco.pt\/staging\/product\/lady-lace\/"},"modified":"2024-10-09T11:29:48","modified_gmt":"2024-10-09T11:29:48","slug":"lady-lace","status":"publish","type":"product","link":"https:\/\/staging.aldeco.pt\/pt-pt\/product\/lady-lace\/","title":{"rendered":"LADY LACE"},"content":{"rendered":"<p>Renda excelente para estofados, cortinas e decora\u00e7\u00e3o. Este lindo tecido \u00e9 a estrela de todos os projetos de design de interiores. <\/p>\n","protected":false},"excerpt":{"rendered":"<p>Renda excelente para estofados, cortinas e decora\u00e7\u00e3o. Este lindo tecido \u00e9 a estrela de todos os projetos de design de interiores. <\/p>\n<h2>Lady Lace, renda excelente para estofados, cortinas e decora\u00e7\u00e3o. Este lindo tecido \u00e9 a estrela de todos os projetos de design de interiores. <\/h2>\n<p><img fetchpriority=\"high\" decoding=\"async\" class=\"alignnone wp-image-207758 size-medium\" src=\"https:\/\/aldeco.pt\/staging\/wp-content\/uploads\/2024\/10\/T017890002-1-300x280.jpg\" alt=\"Lady Lace - Aldeco\" width=\"300\" height=\"280\"><\/p>\n<p><a href=\"https:\/\/aldeco.pt\/staging\/product\/lady-lace\/?attribute_pa_aldeco-color=2-black\">https:\/\/aldeco.pt\/staging\/product\/lady-lace\/?attribute_pa_aldeco-color=2-black<\/a><\/p>\n<p><a href=\"https:\/\/www.instagram.com\/aldeco_interiorfabrics\/\">https:\/\/www.instagram.com\/aldeco_interiorfabrics\/<\/a><\/p>\n","protected":false},"featured_media":207759,"template":"","meta":[],"product_brand":[],"product_cat":[6145],"product_tag":[],"class_list":{"0":"post-207766","1":"product","2":"type-product","3":"status-publish","4":"has-post-thumbnail","6":"product_cat-aldeco-2-pt-pt-2","7":"pa_cleanability-8282","8":"pa_composition-ext-40-pl-32-pa-20-co-4-vi-4-me-pt-pt","9":"pa_line-oportunidades","10":"pa_line-tecidos","11":"pa_lithfastness-4-pt-pt","12":"pa_opportunities-ativo","13":"pa_outdoor-0-pt-pt","14":"pa_range-bordado","15":"pa_rapport-horizontal-12-5-pt-pt","16":"pa_rapport-vertical-12-pt-pt","19":"first","20":"instock","21":"purchasable","22":"product-type-variable"},"acf":[],"_links":{"self":[{"href":"https:\/\/staging.aldeco.pt\/pt-pt\/wp-json\/wp\/v2\/product\/207766","targetHints":{"allow":["GET"]}}],"collection":[{"href":"https:\/\/staging.aldeco.pt\/pt-pt\/wp-json\/wp\/v2\/product"}],"about":[{"href":"https:\/\/staging.aldeco.pt\/pt-pt\/wp-json\/wp\/v2\/types\/product"}],"version-history":[{"count":0,"href":"https:\/\/staging.aldeco.pt\/pt-pt\/wp-json\/wp\/v2\/product\/207766\/revisions"}],"wp:featuredmedia":[{"embeddable":true,"href":"https:\/\/staging.aldeco.pt\/pt-pt\/wp-json\/wp\/v2\/media\/207759"}],"wp:attachment":[{"href":"https:\/\/staging.aldeco.pt\/pt-pt\/wp-json\/wp\/v2\/media?parent=207766"}],"wp:term":[{"taxonomy":"product_brand","embeddable":true,"href":"https:\/\/staging.aldeco.pt\/pt-pt\/wp-json\/wp\/v2\/product_brand?post=207766"},{"taxonomy":"product_cat","embeddable":true,"href":"https:\/\/staging.aldeco.pt\/pt-pt\/wp-json\/wp\/v2\/product_cat?post=207766"},{"taxonomy":"product_tag","embeddable":true,"href":"https:\/\/staging.aldeco.pt\/pt-pt\/wp-json\/wp\/v2\/product_tag?post=207766"}],"curies":[{"name":"wp","href":"https:\/\/api.w.org\/{rel}","templated":true}]}}