{"id":207699,"date":"2024-10-09T13:06:55","date_gmt":"2024-10-09T13:06:55","guid":{"rendered":"https:\/\/aldeco.pt\/staging\/product\/velasquez\/"},"modified":"2024-10-09T13:06:55","modified_gmt":"2024-10-09T13:06:55","slug":"velasquez","status":"publish","type":"product","link":"https:\/\/staging.aldeco.pt\/pt-pt\/product\/velasquez\/","title":{"rendered":"VELASQUEZ"},"content":{"rendered":"<p>VELASQUEZ \u00e9 um tecido com um padr\u00e3o abstrato em dois tons que d\u00e1 uma sensa\u00e7\u00e3o de movimento. \u00c9 um tecido leve, perfeito para almofadas e cortinas. <\/p>\n","protected":false},"excerpt":{"rendered":"<p>VELASQUEZ \u00e9 um tecido com um padr\u00e3o abstrato em dois tons que d\u00e1 uma sensa\u00e7\u00e3o de movimento. \u00c9 um tecido leve, perfeito para almofadas e cortinas. <\/p>\n<h2>VELASQUEZ \u00e9 um tecido com um padr\u00e3o abstrato em dois tons que d\u00e1 uma sensa\u00e7\u00e3o de movimento. \u00c9 um tecido leve, perfeito para almofadas e cortinas. <\/h2>\n<p><img fetchpriority=\"high\" decoding=\"async\" class=\"alignnone wp-image-207695 size-medium\" src=\"https:\/\/aldeco.pt\/staging\/wp-content\/uploads\/2024\/10\/T018280004-1-300x300.jpg\" alt=\"Velasquez - Aldeco\" width=\"300\" height=\"300\"><\/p>\n<p><a href=\"https:\/\/aldeco.pt\/staging\/product\/velasquez\/?attribute_pa_aldeco-color=1-stone-blue\">https:\/\/aldeco.pt\/staging\/product\/velasquez\/?attribute_pa_aldeco-color=1-stone-blue<\/a><\/p>\n<p><a href=\"https:\/\/www.instagram.com\/aldeco_interiorfabrics\/\">https:\/\/www.instagram.com\/aldeco_interiorfabrics\/<\/a><\/p>\n","protected":false},"featured_media":207696,"template":"","meta":[],"product_brand":[],"product_cat":[],"product_tag":[],"class_list":{"0":"post-207699","1":"product","2":"type-product","3":"status-publish","4":"has-post-thumbnail","8":"first","9":"instock","10":"purchasable","11":"product-type-variable"},"acf":[],"_links":{"self":[{"href":"https:\/\/staging.aldeco.pt\/pt-pt\/wp-json\/wp\/v2\/product\/207699","targetHints":{"allow":["GET"]}}],"collection":[{"href":"https:\/\/staging.aldeco.pt\/pt-pt\/wp-json\/wp\/v2\/product"}],"about":[{"href":"https:\/\/staging.aldeco.pt\/pt-pt\/wp-json\/wp\/v2\/types\/product"}],"version-history":[{"count":0,"href":"https:\/\/staging.aldeco.pt\/pt-pt\/wp-json\/wp\/v2\/product\/207699\/revisions"}],"wp:featuredmedia":[{"embeddable":true,"href":"https:\/\/staging.aldeco.pt\/pt-pt\/wp-json\/wp\/v2\/media\/207696"}],"wp:attachment":[{"href":"https:\/\/staging.aldeco.pt\/pt-pt\/wp-json\/wp\/v2\/media?parent=207699"}],"wp:term":[{"taxonomy":"product_brand","embeddable":true,"href":"https:\/\/staging.aldeco.pt\/pt-pt\/wp-json\/wp\/v2\/product_brand?post=207699"},{"taxonomy":"product_cat","embeddable":true,"href":"https:\/\/staging.aldeco.pt\/pt-pt\/wp-json\/wp\/v2\/product_cat?post=207699"},{"taxonomy":"product_tag","embeddable":true,"href":"https:\/\/staging.aldeco.pt\/pt-pt\/wp-json\/wp\/v2\/product_tag?post=207699"}],"curies":[{"name":"wp","href":"https:\/\/api.w.org\/{rel}","templated":true}]}}