{"id":207622,"date":"2024-10-09T13:09:32","date_gmt":"2024-10-09T13:09:32","guid":{"rendered":"https:\/\/aldeco.pt\/staging\/product\/versatil\/"},"modified":"2024-10-09T13:09:32","modified_gmt":"2024-10-09T13:09:32","slug":"versatil","status":"publish","type":"product","link":"https:\/\/staging.aldeco.pt\/pt-pt\/product\/versatil\/","title":{"rendered":"VERSATIL"},"content":{"rendered":"<p>VERSATIL \u00e9 um tecido composto por padr\u00f5es geom\u00e9tricos microsc\u00f3picos. Este tecido sint\u00e9tico com uma apar\u00eancia elegante e sublime \u00e9 perfeito para projetos de estofados. <\/p>\n","protected":false},"excerpt":{"rendered":"<p>VERSATIL \u00e9 um tecido composto por padr\u00f5es geom\u00e9tricos microsc\u00f3picos. Este tecido sint\u00e9tico com uma apar\u00eancia elegante e sublime \u00e9 perfeito para projetos de estofados. <\/p>\n<h2>VERSATIL \u00e9 um tecido composto por padr\u00f5es geom\u00e9tricos microsc\u00f3picos. Este tecido sint\u00e9tico com uma apar\u00eancia elegante e sublime \u00e9 perfeito para projetos de estofados. <\/h2>\n<p><img fetchpriority=\"high\" decoding=\"async\" class=\"alignnone wp-image-207617 size-medium\" src=\"https:\/\/aldeco.pt\/staging\/wp-content\/uploads\/2024\/10\/T018061093-300x280.jpg\" alt=\"Versatil - Aldeco\" width=\"300\" height=\"280\"><\/p>\n<p><a href=\"https:\/\/www.instagram.com\/aldeco_interiorfabrics\/\">https:\/\/www.instagram.com\/aldeco_interiorfabrics\/<\/a><\/p>\n<p><a href=\"https:\/\/aldeco.pt\/staging\/product\/versatil\/?attribute_pa_colour=brown&amp;attribute_pa_aldeco-color=993-satelite\">https:\/\/aldeco.pt\/staging\/product\/versatil\/?attribute_pa_colour=brown&amp;attribute_pa_aldeco-color=993-satelite<\/a><\/p>\n","protected":false},"featured_media":207618,"template":"","meta":[],"product_brand":[],"product_cat":[6145],"product_tag":[],"class_list":{"0":"post-207622","1":"product","2":"type-product","3":"status-publish","4":"has-post-thumbnail","6":"product_cat-aldeco-2-pt-pt-2","7":"pa_cleanability-8282","8":"pa_composition-ext-2-pu-83-pvc-15-pl-fibres-pile-100-pl-fibres-pt-pt","9":"pa_interior-fabrics-1-pt-pt","10":"pa_line-oportunidades","11":"pa_line-tecidos","12":"pa_lithfastness-9680","13":"pa_opportunities-ativo","14":"pa_outdoor-0-pt-pt","15":"pa_rapport-horizontal-4-pt-pt","16":"pa_rapport-vertical-2-5-pt-pt","19":"first","20":"instock","21":"purchasable","22":"product-type-variable"},"acf":[],"_links":{"self":[{"href":"https:\/\/staging.aldeco.pt\/pt-pt\/wp-json\/wp\/v2\/product\/207622","targetHints":{"allow":["GET"]}}],"collection":[{"href":"https:\/\/staging.aldeco.pt\/pt-pt\/wp-json\/wp\/v2\/product"}],"about":[{"href":"https:\/\/staging.aldeco.pt\/pt-pt\/wp-json\/wp\/v2\/types\/product"}],"version-history":[{"count":0,"href":"https:\/\/staging.aldeco.pt\/pt-pt\/wp-json\/wp\/v2\/product\/207622\/revisions"}],"wp:featuredmedia":[{"embeddable":true,"href":"https:\/\/staging.aldeco.pt\/pt-pt\/wp-json\/wp\/v2\/media\/207618"}],"wp:attachment":[{"href":"https:\/\/staging.aldeco.pt\/pt-pt\/wp-json\/wp\/v2\/media?parent=207622"}],"wp:term":[{"taxonomy":"product_brand","embeddable":true,"href":"https:\/\/staging.aldeco.pt\/pt-pt\/wp-json\/wp\/v2\/product_brand?post=207622"},{"taxonomy":"product_cat","embeddable":true,"href":"https:\/\/staging.aldeco.pt\/pt-pt\/wp-json\/wp\/v2\/product_cat?post=207622"},{"taxonomy":"product_tag","embeddable":true,"href":"https:\/\/staging.aldeco.pt\/pt-pt\/wp-json\/wp\/v2\/product_tag?post=207622"}],"curies":[{"name":"wp","href":"https:\/\/api.w.org\/{rel}","templated":true}]}}