{"id":207571,"date":"2024-10-09T13:12:41","date_gmt":"2024-10-09T13:12:41","guid":{"rendered":"https:\/\/aldeco.pt\/staging\/product\/vivaldi\/"},"modified":"2024-10-09T13:12:41","modified_gmt":"2024-10-09T13:12:41","slug":"vivaldi","status":"publish","type":"product","link":"https:\/\/staging.aldeco.pt\/pt-pt\/product\/vivaldi\/","title":{"rendered":"VIVALDI"},"content":{"rendered":"<p>VIVALDI \u00e9 um tecido de veludo cotel\u00ea com um toque outonal. \u00c9 um tecido texturizado perfeito para interiores exigentes e usado para almofadas e cortinas. <\/p>\n","protected":false},"excerpt":{"rendered":"<p>VIVALDI \u00e9 um tecido de veludo cotel\u00ea com um toque outonal. \u00c9 um tecido texturizado perfeito para interiores exigentes e usado para almofadas e cortinas. <\/p>\n<h2>VIVALDI \u00e9 um tecido de veludo cotel\u00ea com um toque outonal. \u00c9 um tecido texturizado perfeito para interiores exigentes e usado para almofadas e cortinas. <\/h2>\n<p><img decoding=\"async\" class=\"alignnone wp-image-207566 size-full\" src=\"https:\/\/aldeco.pt\/staging\/wp-content\/uploads\/2024\/10\/T018270002-1.jpg\" alt=\"Vivaldi - Aldeco\" width=\"177\" height=\"177\"><\/p>\n<p><a href=\"https:\/\/aldeco.pt\/staging\/product\/vivaldi\/?attribute_pa_aldeco-color=1-stone-blue\">https:\/\/aldeco.pt\/staging\/product\/vivaldi\/?attribute_pa_aldeco-color=1-stone-blue<\/a><\/p>\n<p><a href=\"https:\/\/www.instagram.com\/aldeco_interiorfabrics\/\">https:\/\/www.instagram.com\/aldeco_interiorfabrics\/<\/a><\/p>\n","protected":false},"featured_media":207567,"template":"","meta":[],"product_brand":[],"product_cat":[],"product_tag":[],"class_list":{"0":"post-207571","1":"product","2":"type-product","3":"status-publish","4":"has-post-thumbnail","8":"first","9":"instock","10":"purchasable","11":"product-type-variable"},"acf":[],"_links":{"self":[{"href":"https:\/\/staging.aldeco.pt\/pt-pt\/wp-json\/wp\/v2\/product\/207571","targetHints":{"allow":["GET"]}}],"collection":[{"href":"https:\/\/staging.aldeco.pt\/pt-pt\/wp-json\/wp\/v2\/product"}],"about":[{"href":"https:\/\/staging.aldeco.pt\/pt-pt\/wp-json\/wp\/v2\/types\/product"}],"version-history":[{"count":0,"href":"https:\/\/staging.aldeco.pt\/pt-pt\/wp-json\/wp\/v2\/product\/207571\/revisions"}],"wp:featuredmedia":[{"embeddable":true,"href":"https:\/\/staging.aldeco.pt\/pt-pt\/wp-json\/wp\/v2\/media\/207567"}],"wp:attachment":[{"href":"https:\/\/staging.aldeco.pt\/pt-pt\/wp-json\/wp\/v2\/media?parent=207571"}],"wp:term":[{"taxonomy":"product_brand","embeddable":true,"href":"https:\/\/staging.aldeco.pt\/pt-pt\/wp-json\/wp\/v2\/product_brand?post=207571"},{"taxonomy":"product_cat","embeddable":true,"href":"https:\/\/staging.aldeco.pt\/pt-pt\/wp-json\/wp\/v2\/product_cat?post=207571"},{"taxonomy":"product_tag","embeddable":true,"href":"https:\/\/staging.aldeco.pt\/pt-pt\/wp-json\/wp\/v2\/product_tag?post=207571"}],"curies":[{"name":"wp","href":"https:\/\/api.w.org\/{rel}","templated":true}]}}