{"id":207562,"date":"2024-10-09T13:13:23","date_gmt":"2024-10-09T13:13:23","guid":{"rendered":"https:\/\/aldeco.pt\/staging\/product\/vogue\/"},"modified":"2024-10-09T13:13:23","modified_gmt":"2024-10-09T13:13:23","slug":"vogue","status":"publish","type":"product","link":"https:\/\/staging.aldeco.pt\/pt-pt\/product\/vogue\/","title":{"rendered":"VOGUE"},"content":{"rendered":"<p>Vogue \u00e9 um cetim de algod\u00e3o de alta qualidade com um design geom\u00e9trico deslumbrante e moderno. Este lindo tecido \u00e9 adequado para estofados, pois \u00e9 muito dur\u00e1vel com 30.000 ciclos. <\/p>\n","protected":false},"excerpt":{"rendered":"<p>Vogue \u00e9 um cetim de algod\u00e3o de alta qualidade com um design geom\u00e9trico deslumbrante e moderno. Este lindo tecido \u00e9 adequado para estofados, pois \u00e9 muito dur\u00e1vel com 30.000 ciclos. <\/p>\n<h2>Vogue \u00e9 um cetim de algod\u00e3o de alta qualidade com um design geom\u00e9trico deslumbrante e moderno. Este lindo tecido \u00e9 adequado para estofados, pois \u00e9 muito dur\u00e1vel com 30.000 ciclos. <\/h2>\n<p><img fetchpriority=\"high\" decoding=\"async\" class=\"alignnone wp-image-207557 size-medium\" src=\"https:\/\/aldeco.pt\/staging\/wp-content\/uploads\/2024\/10\/T190350004-1-300x200.jpg\" alt=\"Vogue - Aldeco\" width=\"300\" height=\"200\"><\/p>\n<p><a href=\"https:\/\/aldeco.pt\/staging\/product\/vogue\/?attribute_pa_aldeco-color=04-taupe\">https:\/\/aldeco.pt\/staging\/product\/vogue\/?attribute_pa_aldeco-color=04-taupe<\/a><\/p>\n<p><a href=\"https:\/\/www.instagram.com\/aldeco_interiorfabrics\/\">https:\/\/www.instagram.com\/aldeco_interiorfabrics\/<\/a><\/p>\n","protected":false},"featured_media":207558,"template":"","meta":[],"product_brand":[],"product_cat":[6145],"product_tag":[],"class_list":{"0":"post-207562","1":"product","2":"type-product","3":"status-publish","4":"has-post-thumbnail","6":"product_cat-aldeco-2-pt-pt-2","7":"pa_cleanability-8282","8":"pa_composition-ext-100-co-pt-pt","9":"pa_line-oportunidades","10":"pa_line-tecidos","11":"pa_lithfastness-3-4-pt-pt","12":"pa_opportunities-ativo","13":"pa_outdoor-0-pt-pt","14":"pa_range-cetim","15":"pa_range-estampado","16":"pa_rapport-horizontal-34-5-pt-pt","17":"pa_rapport-vertical-33-pt-pt","20":"first","21":"instock","22":"purchasable","23":"product-type-variable"},"acf":[],"_links":{"self":[{"href":"https:\/\/staging.aldeco.pt\/pt-pt\/wp-json\/wp\/v2\/product\/207562","targetHints":{"allow":["GET"]}}],"collection":[{"href":"https:\/\/staging.aldeco.pt\/pt-pt\/wp-json\/wp\/v2\/product"}],"about":[{"href":"https:\/\/staging.aldeco.pt\/pt-pt\/wp-json\/wp\/v2\/types\/product"}],"version-history":[{"count":0,"href":"https:\/\/staging.aldeco.pt\/pt-pt\/wp-json\/wp\/v2\/product\/207562\/revisions"}],"wp:featuredmedia":[{"embeddable":true,"href":"https:\/\/staging.aldeco.pt\/pt-pt\/wp-json\/wp\/v2\/media\/207558"}],"wp:attachment":[{"href":"https:\/\/staging.aldeco.pt\/pt-pt\/wp-json\/wp\/v2\/media?parent=207562"}],"wp:term":[{"taxonomy":"product_brand","embeddable":true,"href":"https:\/\/staging.aldeco.pt\/pt-pt\/wp-json\/wp\/v2\/product_brand?post=207562"},{"taxonomy":"product_cat","embeddable":true,"href":"https:\/\/staging.aldeco.pt\/pt-pt\/wp-json\/wp\/v2\/product_cat?post=207562"},{"taxonomy":"product_tag","embeddable":true,"href":"https:\/\/staging.aldeco.pt\/pt-pt\/wp-json\/wp\/v2\/product_tag?post=207562"}],"curies":[{"name":"wp","href":"https:\/\/api.w.org\/{rel}","templated":true}]}}