{"id":207453,"date":"2024-10-09T13:29:30","date_gmt":"2024-10-09T13:29:30","guid":{"rendered":"https:\/\/aldeco.pt\/staging\/product\/welcome\/"},"modified":"2024-10-09T13:29:30","modified_gmt":"2024-10-09T13:29:30","slug":"welcome","status":"publish","type":"product","link":"https:\/\/staging.aldeco.pt\/pt-pt\/product\/welcome\/","title":{"rendered":"WELCOME"},"content":{"rendered":"<p>Tecido com um padr\u00e3o \u00fanico e aut\u00eantico em veludo, tornando-o macio e perfeito para estofados.<\/p>\n","protected":false},"excerpt":{"rendered":"<p>Tecido com um padr\u00e3o \u00fanico e aut\u00eantico em veludo, tornando-o macio e perfeito para estofados.<\/p>\n<h2>Welcome, tecido com um padr\u00e3o \u00fanico e aut\u00eantico em veludo, tornando-o macio e perfeito para estofados.<\/h2>\n<p><img fetchpriority=\"high\" decoding=\"async\" class=\"alignnone wp-image-207449 size-medium\" src=\"https:\/\/aldeco.pt\/staging\/wp-content\/uploads\/2024\/10\/T017010001-1-300x225.jpg\" alt=\"Welcome - Aldeco\" width=\"300\" height=\"225\"><\/p>\n<p><a href=\"https:\/\/aldeco.pt\/staging\/product\/welcome\/?attribute_pa_aldeco-color=1\">https:\/\/aldeco.pt\/staging\/product\/welcome\/?attribute_pa_aldeco-color=1<\/a><\/p>\n<p><a href=\"https:\/\/www.instagram.com\/aldeco_interiorfabrics\/\">https:\/\/www.instagram.com\/aldeco_interiorfabrics\/<\/a><\/p>\n","protected":false},"featured_media":207450,"template":"","meta":[],"product_brand":[],"product_cat":[6145],"product_tag":[],"class_list":{"0":"post-207453","1":"product","2":"type-product","3":"status-publish","4":"has-post-thumbnail","6":"product_cat-aldeco-2-pt-pt-2","7":"pa_cleanability-8282","8":"pa_composition-ext-59-pl-34-vi-7-co-pt-pt","9":"pa_line-oportunidades","10":"pa_line-tecidos","11":"pa_lithfastness-4-6-pt-pt","12":"pa_opportunities-ativo","13":"pa_outdoor-0-pt-pt","14":"pa_rapport-horizontal-37-pt-pt","15":"pa_rapport-vertical-80-pt-pt","18":"first","19":"instock","20":"purchasable","21":"product-type-variable"},"acf":[],"_links":{"self":[{"href":"https:\/\/staging.aldeco.pt\/pt-pt\/wp-json\/wp\/v2\/product\/207453","targetHints":{"allow":["GET"]}}],"collection":[{"href":"https:\/\/staging.aldeco.pt\/pt-pt\/wp-json\/wp\/v2\/product"}],"about":[{"href":"https:\/\/staging.aldeco.pt\/pt-pt\/wp-json\/wp\/v2\/types\/product"}],"version-history":[{"count":0,"href":"https:\/\/staging.aldeco.pt\/pt-pt\/wp-json\/wp\/v2\/product\/207453\/revisions"}],"wp:featuredmedia":[{"embeddable":true,"href":"https:\/\/staging.aldeco.pt\/pt-pt\/wp-json\/wp\/v2\/media\/207450"}],"wp:attachment":[{"href":"https:\/\/staging.aldeco.pt\/pt-pt\/wp-json\/wp\/v2\/media?parent=207453"}],"wp:term":[{"taxonomy":"product_brand","embeddable":true,"href":"https:\/\/staging.aldeco.pt\/pt-pt\/wp-json\/wp\/v2\/product_brand?post=207453"},{"taxonomy":"product_cat","embeddable":true,"href":"https:\/\/staging.aldeco.pt\/pt-pt\/wp-json\/wp\/v2\/product_cat?post=207453"},{"taxonomy":"product_tag","embeddable":true,"href":"https:\/\/staging.aldeco.pt\/pt-pt\/wp-json\/wp\/v2\/product_tag?post=207453"}],"curies":[{"name":"wp","href":"https:\/\/api.w.org\/{rel}","templated":true}]}}