{"id":207427,"date":"2024-10-09T13:32:40","date_gmt":"2024-10-09T13:32:40","guid":{"rendered":"https:\/\/aldeco.pt\/staging\/product\/zanzibar\/"},"modified":"2024-10-29T11:54:09","modified_gmt":"2024-10-29T11:54:09","slug":"zanzibar","status":"publish","type":"product","link":"https:\/\/staging.aldeco.pt\/pt-pt\/product\/zanzibar\/","title":{"rendered":"ZANZIBAR"},"content":{"rendered":"<p>ZANZIBAR \u00e9 um tecido com padr\u00e3o geom\u00e9trico que \u00e9 perfeito para almofadas e cortinas.<\/p>\n","protected":false},"excerpt":{"rendered":"<p>ZANZIBAR \u00e9 um tecido com padr\u00e3o geom\u00e9trico que \u00e9 perfeito para almofadas e cortinas.<\/p>\n<h2>ZANZIBAR \u00e9 um tecido com padr\u00e3o geom\u00e9trico que \u00e9 perfeito para almofadas e cortinas.<\/h2>\n<p><img fetchpriority=\"high\" decoding=\"async\" class=\"alignnone wp-image-207418 size-medium\" src=\"https:\/\/aldeco.pt\/staging\/wp-content\/uploads\/2024\/10\/T200840002-1-280x300.jpg\" alt=\"Zanzibar - Aldeco\" width=\"280\" height=\"300\"><\/p>\n<p><a href=\"https:\/\/aldeco.pt\/staging\/product\/zanzibar\/?attribute_pa_colour=multicolour&amp;attribute_pa_aldeco-color=1\">https:\/\/aldeco.pt\/staging\/product\/zanzibar\/?attribute_pa_colour=multicolour&amp;attribute_pa_aldeco-color=1<\/a><\/p>\n<p><a href=\"https:\/\/www.instagram.com\/aldeco_interiorfabrics\/\">https:\/\/www.instagram.com\/aldeco_interiorfabrics\/<\/a><\/p>\n","protected":false},"featured_media":207419,"template":"","meta":[],"product_brand":[],"product_cat":[6145],"product_tag":[],"class_list":{"0":"post-207427","1":"product","2":"type-product","3":"status-publish","4":"has-post-thumbnail","6":"product_cat-aldeco-2-pt-pt-2","7":"pa_cleanability-8282","8":"pa_composition-ext-53-se-47-li-pt-pt","9":"pa_line-oportunidades","10":"pa_line-tecidos","11":"pa_lithfastness-4-pt-pt","12":"pa_opportunities-ativo","13":"pa_outdoor-0-pt-pt","14":"pa_range-jacquard-pt-pt","15":"pa_range-seda","16":"pa_rapport-horizontal-33-6-pt-pt","17":"pa_rapport-vertical-10-5-pt-pt","20":"first","21":"instock","22":"purchasable","23":"product-type-variable"},"acf":[],"_links":{"self":[{"href":"https:\/\/staging.aldeco.pt\/pt-pt\/wp-json\/wp\/v2\/product\/207427","targetHints":{"allow":["GET"]}}],"collection":[{"href":"https:\/\/staging.aldeco.pt\/pt-pt\/wp-json\/wp\/v2\/product"}],"about":[{"href":"https:\/\/staging.aldeco.pt\/pt-pt\/wp-json\/wp\/v2\/types\/product"}],"version-history":[{"count":1,"href":"https:\/\/staging.aldeco.pt\/pt-pt\/wp-json\/wp\/v2\/product\/207427\/revisions"}],"predecessor-version":[{"id":207431,"href":"https:\/\/staging.aldeco.pt\/pt-pt\/wp-json\/wp\/v2\/product\/207427\/revisions\/207431"}],"wp:featuredmedia":[{"embeddable":true,"href":"https:\/\/staging.aldeco.pt\/pt-pt\/wp-json\/wp\/v2\/media\/207419"}],"wp:attachment":[{"href":"https:\/\/staging.aldeco.pt\/pt-pt\/wp-json\/wp\/v2\/media?parent=207427"}],"wp:term":[{"taxonomy":"product_brand","embeddable":true,"href":"https:\/\/staging.aldeco.pt\/pt-pt\/wp-json\/wp\/v2\/product_brand?post=207427"},{"taxonomy":"product_cat","embeddable":true,"href":"https:\/\/staging.aldeco.pt\/pt-pt\/wp-json\/wp\/v2\/product_cat?post=207427"},{"taxonomy":"product_tag","embeddable":true,"href":"https:\/\/staging.aldeco.pt\/pt-pt\/wp-json\/wp\/v2\/product_tag?post=207427"}],"curies":[{"name":"wp","href":"https:\/\/api.w.org\/{rel}","templated":true}]}}